{"id":96481,"date":"2025-09-26T21:07:03","date_gmt":"2025-09-26T19:07:03","guid":{"rendered":"https:\/\/fysiolab.dk\/product\/donjoy-bellystrap-mage-stoette\/"},"modified":"2026-03-12T21:47:56","modified_gmt":"2026-03-12T20:47:56","slug":"donjoy-bellystrap-mage-stoette","status":"publish","type":"product","link":"https:\/\/fysiolab.dk\/no\/product\/donjoy-bellystrap-mage-stoette\/","title":{"rendered":"DonJoy Bellystrap Mage st\u00f8tte"},"content":{"rendered":"<h3 data-start=\"109\" data-end=\"185\">DonJoy Bellystrap\u2122 - komfortabel st\u00f8tte for svekket magemuskulatur<\/h3>\n<p data-start=\"187\" data-end=\"476\">DonJoy Bellystrap\u2122 er utviklet for \u00e5 gi komfortabel st\u00f8tte til svekket magemuskulatur - b\u00e5de hos inaktive personer og pasienter etter operasjoner. Med sin myke bukpute og lette, pustende nettingmateriale sikrer den en optimal balanse mellom st\u00f8tte og komfort, selv ved langvarig bruk. <\/p>\n<p data-start=\"478\" data-end=\"526\"><strong data-start=\"478\" data-end=\"493\">Bruksomr\u00e5de:<\/strong><br data-start=\"493\" data-end=\"496\">Bellystrap kan brukes til:<\/p>\n<ul data-start=\"527\" data-end=\"646\">\n<li data-start=\"527\" data-end=\"581\">\n<p data-start=\"529\" data-end=\"581\">Svekkelse eller overbelastning av magemusklene<\/p>\n<\/li>\n<li data-start=\"582\" data-end=\"646\">\n<p data-start=\"584\" data-end=\"646\">Etter abdominal kirurgi der det er behov for ekstra st\u00f8tte<\/p>\n<\/li>\n<\/ul>\n<p data-start=\"648\" data-end=\"676\"><strong data-start=\"648\" data-end=\"674\">Funksjoner og fordeler:<\/strong><\/p>\n<ul data-start=\"677\" data-end=\"1115\">\n<li data-start=\"677\" data-end=\"762\">\n<p data-start=\"679\" data-end=\"762\"><strong data-start=\"679\" data-end=\"711\">Myk 3D-formet magepute<\/strong> som gir behagelig og varmende st\u00f8tte rundt magen<\/p>\n<\/li>\n<li data-start=\"763\" data-end=\"895\">\n<p data-start=\"765\" data-end=\"895\"><strong data-start=\"765\" data-end=\"792\">Ultratynt nettingmateriale<\/strong> s\u00f8rger for god ventilasjon i sidene og p\u00e5 ryggen, noe som gj\u00f8r produktet komfortabelt selv ved langvarig bruk<\/p>\n<\/li>\n<li data-start=\"896\" data-end=\"988\">\n<p data-start=\"898\" data-end=\"988\"><strong data-start=\"898\" data-end=\"920\">5 avtakbare stenger<\/strong> gir stabil st\u00f8tte for bagasjerommet og kan tilpasses individuelt<\/p>\n<\/li>\n<li data-start=\"989\" data-end=\"1047\">\n<p data-start=\"991\" data-end=\"1047\"><strong data-start=\"991\" data-end=\"1015\">Praktisk lukkesystem<\/strong> som gj\u00f8r den enkel \u00e5 ta av og p\u00e5<\/p>\n<\/li>\n<li data-start=\"1048\" data-end=\"1115\">\n<p data-start=\"1050\" data-end=\"1115\"><strong data-start=\"1050\" data-end=\"1066\">H\u00f8yde: 25 cm<\/strong> for optimal dekning og st\u00f8tte for magen<\/p>\n<\/li>\n<\/ul>\n<p><strong>St\u00f8rrelsesguide:<\/strong><\/p>\n<p><strong>M\u00e5l omkretsen rundt midjen for \u00e5 finne riktig st\u00f8rrelse.<\/strong><\/p>\n<p><strong>Str. Omkrets  <\/strong><\/p>\n<p><strong>S 68-82 cm<\/strong><\/p>\n<p><strong>M 82-98 cm<\/strong><\/p>\n<p><strong>L 98-116 cm<\/strong><\/p>\n<p><strong>XL 116-136 cm<\/strong><\/p>\n<p><strong>XXL 136-156 cm<\/strong><\/p>\n<ul data-start=\"1207\" data-end=\"1241\">\n<li data-start=\"1207\" data-end=\"1241\">\n<p data-start=\"1209\" data-end=\"1241\">Tilgjengelig i st\u00f8rrelsene <strong data-start=\"1228\" data-end=\"1239\">S - XXL<\/strong><\/p>\n<\/li>\n<\/ul>\n<p data-start=\"1243\" data-end=\"1396\">DonJoy Bellystrap\u2122 kombinerer letthet, komfort og st\u00f8tte - et ideelt valg for b\u00e5de postoperative pasienter og de med redusert styrke i magemusklene.<\/p>\n","protected":false},"excerpt":{"rendered":"<p data-start=\"187\" data-end=\"476\"><strong>DonJoy Bellystrap\u2122 er utviklet for \u00e5 gi komfortabel st\u00f8tte til svekket magemuskulatur - b\u00e5de hos inaktive personer og pasienter etter operasjoner. Med sin myke bukpute og lette, pustende nettingmateriale sikrer den en optimal balanse mellom st\u00f8tte og komfort, selv ved langvarig bruk. <\/strong><\/p>\n<p data-start=\"478\" data-end=\"526\">\n","protected":false},"featured_media":96471,"comment_status":"closed","ping_status":"closed","template":"","meta":{"_acf_changed":false},"product_brand":[3091],"product_cat":[2188,1938,2193,1937,2184,1933,2187,2502],"product_tag":[2173],"class_list":{"0":"post-96481","1":"product","2":"type-product","3":"status-publish","4":"has-post-thumbnail","6":"product_brand-donjoy","7":"product_cat-anstrengt-rygg","8":"product_cat-donjoy-no","9":"product_cat-donjoy-ryggstoette","10":"product_cat-merkevarer","11":"product_cat-rygg-og-korsrygg","12":"product_cat-skinner-og-stoetteskinner","13":"product_cat-smerter-i-nedre-del-av-ryggen","14":"product_cat-svake-magemuskler","15":"product_tag-donjoy-no","17":"first","18":"instock","19":"taxable","20":"shipping-taxable","21":"purchasable","22":"product-type-variable"},"acf":[],"_links":{"self":[{"href":"https:\/\/fysiolab.dk\/no\/wp-json\/wp\/v2\/product\/96481","targetHints":{"allow":["GET"]}}],"collection":[{"href":"https:\/\/fysiolab.dk\/no\/wp-json\/wp\/v2\/product"}],"about":[{"href":"https:\/\/fysiolab.dk\/no\/wp-json\/wp\/v2\/types\/product"}],"replies":[{"embeddable":true,"href":"https:\/\/fysiolab.dk\/no\/wp-json\/wp\/v2\/comments?post=96481"}],"wp:featuredmedia":[{"embeddable":true,"href":"https:\/\/fysiolab.dk\/no\/wp-json\/wp\/v2\/media\/96471"}],"wp:attachment":[{"href":"https:\/\/fysiolab.dk\/no\/wp-json\/wp\/v2\/media?parent=96481"}],"wp:term":[{"taxonomy":"product_brand","embeddable":true,"href":"https:\/\/fysiolab.dk\/no\/wp-json\/wp\/v2\/product_brand?post=96481"},{"taxonomy":"product_cat","embeddable":true,"href":"https:\/\/fysiolab.dk\/no\/wp-json\/wp\/v2\/product_cat?post=96481"},{"taxonomy":"product_tag","embeddable":true,"href":"https:\/\/fysiolab.dk\/no\/wp-json\/wp\/v2\/product_tag?post=96481"}],"curies":[{"name":"wp","href":"https:\/\/api.w.org\/{rel}","templated":true}]}}