{"id":96508,"date":"2025-09-26T22:13:18","date_gmt":"2025-09-26T20:13:18","guid":{"rendered":"https:\/\/fysiolab.dk\/product\/donjoy-immostrap-2-0-ryggstoette\/"},"modified":"2026-03-12T21:47:08","modified_gmt":"2026-03-12T20:47:08","slug":"donjoy-immostrap-2-0-ryggstoette","status":"publish","type":"product","link":"https:\/\/fysiolab.dk\/no\/product\/donjoy-immostrap-2-0-ryggstoette\/","title":{"rendered":"DonJoy Immostrap 2.0 ryggst\u00f8tte"},"content":{"rendered":"<h3 data-start=\"181\" data-end=\"245\">DonJoy Immostrap 2.0\u2122 - m\u00e5lrettet og justerbar korsryggst\u00f8tte<\/h3>\n<p data-start=\"247\" data-end=\"636\">DonJoy Immostrap 2.0\u2122 er utviklet for aktive pasienter som lider av smerter i korsryggen eller skiveprolaps. Den kombinerer h\u00f8y komfort med effektiv st\u00f8tte takket v\u00e6re de uavhengige \u00f8vre og nedre justerbare stroppene og fleksible ryggskinner for mer m\u00e5lrettet postural kontroll. Resultatet er en st\u00f8tte som kan lindre smerter samtidig som bevegelsesfriheten i hverdagen opprettholdes.  <\/p>\n<p data-start=\"638\" data-end=\"675\"><strong data-start=\"638\" data-end=\"653\">Bruksomr\u00e5de:<\/strong><br data-start=\"653\" data-end=\"656\">Kan brukes til:<\/p>\n<ul data-start=\"676\" data-end=\"743\">\n<li data-start=\"676\" data-end=\"699\">\n<p data-start=\"678\" data-end=\"699\">Akutte korsryggsmerter<\/p>\n<\/li>\n<li data-start=\"700\" data-end=\"725\">\n<p data-start=\"702\" data-end=\"725\">Kroniske korsryggsmerter<\/p>\n<\/li>\n<li data-start=\"726\" data-end=\"743\">\n<p data-start=\"728\" data-end=\"743\">Skiveprolaps<\/p>\n<\/li>\n<\/ul>\n<p data-start=\"745\" data-end=\"773\"><strong data-start=\"745\" data-end=\"771\">Funksjoner og fordeler:<\/strong><\/p>\n<ul data-start=\"774\" data-end=\"1409\">\n<li data-start=\"774\" data-end=\"910\">\n<p data-start=\"776\" data-end=\"910\"><strong data-start=\"776\" data-end=\"796\">M\u00e5lrettet st\u00f8tte<\/strong>: Uavhengige doble stropper \u00f8verst og nederst gir presis justering og ekstra fasthet der det trengs mest<\/p>\n<\/li>\n<li data-start=\"911\" data-end=\"1007\">\n<p data-start=\"913\" data-end=\"1007\"><strong data-start=\"913\" data-end=\"937\">Fleksibel stabilitet<\/strong>: 4 fleksible ryggskinner st\u00f8tter korsryggen uten \u00e5 begrense bevegeligheten<\/p>\n<\/li>\n<li data-start=\"1008\" data-end=\"1185\">\n<p data-start=\"1010\" data-end=\"1185\"><strong data-start=\"1010\" data-end=\"1031\">Tilpasset passform<\/strong>: Finnes i to h\u00f8yder - 26 cm og den nye 21 cm-modellen, som passer for personer under 170 cm og\/eller kvinner der en lavere h\u00f8yde gir bedre komfort<\/p>\n<\/li>\n<li data-start=\"1186\" data-end=\"1304\">\n<p data-start=\"1188\" data-end=\"1304\"><strong data-start=\"1188\" data-end=\"1202\">Enkel \u00e5 bruke<\/strong>: Doble h\u00e5ndstropper gj\u00f8r det enkelt \u00e5 ta av og p\u00e5 Immostrap, selv for personer med nedsatt h\u00e5ndstyrke<\/p>\n<\/li>\n<li data-start=\"1305\" data-end=\"1409\">\n<p data-start=\"1307\" data-end=\"1409\"><strong data-start=\"1307\" data-end=\"1332\">Tilpasning<\/strong>: Justerbar kompresjon sikrer balanse mellom st\u00f8tte og bevegelsesfrihet<\/p>\n<\/li>\n<\/ul>\n<p><strong>St\u00f8rrelsesguide (se st\u00f8rrelser under videoen)<\/strong><\/p>\n<p><iframe title=\"Opm\u00e5lingsvejledning til taljem\u00e5l FysioLab\" width=\"800\" height=\"450\" src=\"https:\/\/www.youtube.com\/embed\/_c2mbw5K7uY?feature=oembed\" frameborder=\"0\" allow=\"accelerometer; autoplay; clipboard-write; encrypted-media; gyroscope; picture-in-picture; web-share\" referrerpolicy=\"strict-origin-when-cross-origin\" allowfullscreen><\/iframe><\/p>\n<p><strong>M\u00e5l omkretsen rundt midjen for \u00e5 finne riktig st\u00f8rrelse.<\/strong><\/p>\n<p><strong>Str. Omkrets  <\/strong><\/p>\n<p><strong>XS 56-68 cm<\/strong><\/p>\n<p><strong>S 68-82 cm<\/strong><\/p>\n<p><strong>M 82-98 cm<\/strong><\/p>\n<p><strong>L 98-116 cm<\/strong><\/p>\n<p><strong>XL 116-136 cm<\/strong><\/p>\n<p><strong>XXL 136-156 cm<\/strong><\/p>\n<p data-start=\"1411\" data-end=\"1505\"><br data-start=\"1468\" data-end=\"1471\">Tilgjengelig i st\u00f8rrelsene <strong data-start=\"1490\" data-end=\"1502\">XS - XXL.<\/strong><\/p>\n<p data-start=\"1507\" data-end=\"1663\">DonJoy Immostrap 2.0\u2122 er den nye og forbedrede versjonen av den klassiske Immostrappen - med enda flere tilpasningsmuligheter og bedre komfort.<\/p>\n","protected":false},"excerpt":{"rendered":"<p><strong>DonJoy Immostrap 2.0\u2122 er utviklet for aktive pasienter som lider av smerter i korsryggen eller skiveprolaps. Den kombinerer h\u00f8y komfort med effektiv st\u00f8tte takket v\u00e6re de uavhengige \u00f8vre og nedre justerbare stroppene og fleksible ryggskinner for mer m\u00e5lrettet postural kontroll.  <\/strong><\/p>\n","protected":false},"featured_media":96493,"comment_status":"closed","ping_status":"closed","template":"","meta":{"_acf_changed":false},"product_brand":[3091],"product_cat":[2188,2189,1938,2194,2193,2192,1937,2190,2184,1933,2186,2187],"product_tag":[2173],"class_list":{"0":"post-96508","1":"product","2":"type-product","3":"status-publish","4":"has-post-thumbnail","6":"product_brand-donjoy","7":"product_cat-anstrengt-rygg","8":"product_cat-artrose-i-ryggen","9":"product_cat-donjoy-no","10":"product_cat-donjoy-korsryggbelte","11":"product_cat-donjoy-ryggstoette","12":"product_cat-isjias-iskias","13":"product_cat-merkevarer","14":"product_cat-osteoporose-benskjoerhet-i-ryggen","15":"product_cat-rygg-og-korsrygg","16":"product_cat-skinner-og-stoetteskinner","17":"product_cat-skiveprolaps","18":"product_cat-smerter-i-nedre-del-av-ryggen","19":"product_tag-donjoy-no","21":"first","22":"instock","23":"taxable","24":"shipping-taxable","25":"purchasable","26":"product-type-variable"},"acf":[],"_links":{"self":[{"href":"https:\/\/fysiolab.dk\/no\/wp-json\/wp\/v2\/product\/96508","targetHints":{"allow":["GET"]}}],"collection":[{"href":"https:\/\/fysiolab.dk\/no\/wp-json\/wp\/v2\/product"}],"about":[{"href":"https:\/\/fysiolab.dk\/no\/wp-json\/wp\/v2\/types\/product"}],"replies":[{"embeddable":true,"href":"https:\/\/fysiolab.dk\/no\/wp-json\/wp\/v2\/comments?post=96508"}],"wp:featuredmedia":[{"embeddable":true,"href":"https:\/\/fysiolab.dk\/no\/wp-json\/wp\/v2\/media\/96493"}],"wp:attachment":[{"href":"https:\/\/fysiolab.dk\/no\/wp-json\/wp\/v2\/media?parent=96508"}],"wp:term":[{"taxonomy":"product_brand","embeddable":true,"href":"https:\/\/fysiolab.dk\/no\/wp-json\/wp\/v2\/product_brand?post=96508"},{"taxonomy":"product_cat","embeddable":true,"href":"https:\/\/fysiolab.dk\/no\/wp-json\/wp\/v2\/product_cat?post=96508"},{"taxonomy":"product_tag","embeddable":true,"href":"https:\/\/fysiolab.dk\/no\/wp-json\/wp\/v2\/product_tag?post=96508"}],"curies":[{"name":"wp","href":"https:\/\/api.w.org\/{rel}","templated":true}]}}