{"id":96541,"date":"2025-09-27T08:26:26","date_gmt":"2025-09-27T06:26:26","guid":{"rendered":"https:\/\/fysiolab.dk\/product\/donjoy-skinstrap-ryggstoette\/"},"modified":"2026-03-12T21:46:37","modified_gmt":"2026-03-12T20:46:37","slug":"donjoy-skinstrap-ryggstoette","status":"publish","type":"product","link":"https:\/\/fysiolab.dk\/no\/product\/donjoy-skinstrap-ryggstoette\/","title":{"rendered":"DonJoy Skinstrap ryggst\u00f8tte"},"content":{"rendered":"<h3 data-start=\"158\" data-end=\"218\">DonJoy Skinstrap\u2122 - diskret og komfortabel korsryggst\u00f8tte<\/h3>\n<p data-start=\"220\" data-end=\"625\">DonJoy Skinstrap\u2122 er en lett og diskret korsryggst\u00f8tte som f\u00f8les nesten som et ekstra lag med kl\u00e6r. Den er laget av et elastisk og pustende materiale som s\u00f8rger for ventilasjon og komfort, selv ved langvarig bruk.  Skinstrap\u2122 er spesielt godt egnet for personer med akutte eller kroniske korsryggsmerter og muskelsvakhet i ryggen - b\u00e5de for de som er stillesittende og for pasienter med moderat aktivitet.<\/p>\n<p data-start=\"627\" data-end=\"664\"><strong data-start=\"627\" data-end=\"642\">Bruksomr\u00e5de:<\/strong><br data-start=\"642\" data-end=\"645\">Kan brukes til:<\/p>\n<ul data-start=\"665\" data-end=\"741\">\n<li data-start=\"665\" data-end=\"688\">\n<p data-start=\"667\" data-end=\"688\">Akutte korsryggsmerter<\/p>\n<\/li>\n<li data-start=\"689\" data-end=\"714\">\n<p data-start=\"691\" data-end=\"714\">Kroniske korsryggsmerter<\/p>\n<\/li>\n<li data-start=\"715\" data-end=\"741\">\n<p data-start=\"717\" data-end=\"741\">Muskelsvakhet i nedre del av ryggen<\/p>\n<\/li>\n<\/ul>\n<p data-start=\"743\" data-end=\"771\"><strong data-start=\"743\" data-end=\"769\">Funksjoner og fordeler:<\/strong><\/p>\n<ul data-start=\"772\" data-end=\"1270\">\n<li data-start=\"772\" data-end=\"852\">\n<p data-start=\"774\" data-end=\"852\"><strong data-start=\"774\" data-end=\"792\">Diskret st\u00f8tte<\/strong>: Tynn og lett design gj\u00f8r den enkel \u00e5 b\u00e6re under kl\u00e6rne<\/p>\n<\/li>\n<li data-start=\"853\" data-end=\"964\">\n<p data-start=\"855\" data-end=\"964\"><strong data-start=\"855\" data-end=\"876\">Anatomisk passform<\/strong>: 4 anatomisk formede ryggskinner gir st\u00f8tte og stabilitet uten \u00e5 begrense bevegelsesfriheten<\/p>\n<\/li>\n<li data-start=\"965\" data-end=\"1077\">\n<p data-start=\"967\" data-end=\"1077\"><strong data-start=\"967\" data-end=\"985\">Pustende komfort<\/strong>: Elastisk nettingmateriale gir en behagelig avkj\u00f8lende f\u00f8lelse og reduserer varmeoppbygging<\/p>\n<\/li>\n<li data-start=\"1078\" data-end=\"1184\">\n<p data-start=\"1080\" data-end=\"1184\"><strong data-start=\"1080\" data-end=\"1099\">Tilpasset h\u00f8yde<\/strong>: Finnes i b\u00e5de 26 cm og 21 cm h\u00f8yde for optimal passform for b\u00e5de menn og kvinner<\/p>\n<\/li>\n<li data-start=\"1185\" data-end=\"1270\">\n<p data-start=\"1187\" data-end=\"1270\"><strong data-start=\"1187\" data-end=\"1203\">Enkel \u00e5 bruke<\/strong>: Utstyrt med doble h\u00e5ndstropper for enkel av- og p\u00e5kledning<\/p>\n<\/li>\n<\/ul>\n<p><strong>St\u00f8rrelsesguide (se st\u00f8rrelser under videoen)<\/strong><\/p>\n<p><iframe title=\"Opm\u00e5lingsvejledning til taljem\u00e5l FysioLab\" width=\"800\" height=\"450\" src=\"https:\/\/www.youtube.com\/embed\/_c2mbw5K7uY?feature=oembed\" frameborder=\"0\" allow=\"accelerometer; autoplay; clipboard-write; encrypted-media; gyroscope; picture-in-picture; web-share\" referrerpolicy=\"strict-origin-when-cross-origin\" allowfullscreen><\/iframe><\/p>\n<p><strong>M\u00e5l omkretsen rundt midjen for \u00e5 finne riktig st\u00f8rrelse.<\/strong><\/p>\n<p><strong>Str. Omkrets  <\/strong><br \/>\n<strong>XS 56-68 cm<\/strong><\/p>\n<p><strong>S 68-82 cm<\/strong><\/p>\n<p><strong>M 82-98 cm<\/strong><\/p>\n<p><strong>L 98-116 cm<\/strong><\/p>\n<p><strong>XL 116-136 cm<\/strong><\/p>\n<p><strong>XXL 136-156 cm<\/strong><\/p>\n<p data-start=\"1272\" data-end=\"1366\"><br data-start=\"1329\" data-end=\"1332\">Tilgjengelig i st\u00f8rrelsene <strong data-start=\"1351\" data-end=\"1363\">XS - XXL.<\/strong><\/p>\n<p data-start=\"1368\" data-end=\"1529\">DonJoy Skinstrap\u2122 er det opplagte valget hvis du \u00f8nsker en <strong data-start=\"1425\" data-end=\"1461\">lett, diskret og komfortabel st\u00f8tte<\/strong> som kan brukes hver dag uten at det g\u00e5r p\u00e5 bekostning av komforten.<\/p>\n","protected":false},"excerpt":{"rendered":"<p><strong>DonJoy Skinstrap\u2122 er en lett og diskret korsryggst\u00f8tte som f\u00f8les nesten som et ekstra lag med kl\u00e6r. Den er laget av et elastisk og pustende materiale som s\u00f8rger for ventilasjon og komfort, selv ved langvarig bruk. <\/strong><\/p>\n","protected":false},"featured_media":96524,"comment_status":"closed","ping_status":"closed","template":"","meta":{"_acf_changed":false},"product_brand":[3091],"product_cat":[2188,1938,2194,2193,2192,1937,2184,1933,2187,2502],"product_tag":[2173],"class_list":{"0":"post-96541","1":"product","2":"type-product","3":"status-publish","4":"has-post-thumbnail","6":"product_brand-donjoy","7":"product_cat-anstrengt-rygg","8":"product_cat-donjoy-no","9":"product_cat-donjoy-korsryggbelte","10":"product_cat-donjoy-ryggstoette","11":"product_cat-isjias-iskias","12":"product_cat-merkevarer","13":"product_cat-rygg-og-korsrygg","14":"product_cat-skinner-og-stoetteskinner","15":"product_cat-smerter-i-nedre-del-av-ryggen","16":"product_cat-svake-magemuskler","17":"product_tag-donjoy-no","19":"first","20":"instock","21":"taxable","22":"shipping-taxable","23":"purchasable","24":"product-type-variable"},"acf":[],"_links":{"self":[{"href":"https:\/\/fysiolab.dk\/no\/wp-json\/wp\/v2\/product\/96541","targetHints":{"allow":["GET"]}}],"collection":[{"href":"https:\/\/fysiolab.dk\/no\/wp-json\/wp\/v2\/product"}],"about":[{"href":"https:\/\/fysiolab.dk\/no\/wp-json\/wp\/v2\/types\/product"}],"replies":[{"embeddable":true,"href":"https:\/\/fysiolab.dk\/no\/wp-json\/wp\/v2\/comments?post=96541"}],"wp:featuredmedia":[{"embeddable":true,"href":"https:\/\/fysiolab.dk\/no\/wp-json\/wp\/v2\/media\/96524"}],"wp:attachment":[{"href":"https:\/\/fysiolab.dk\/no\/wp-json\/wp\/v2\/media?parent=96541"}],"wp:term":[{"taxonomy":"product_brand","embeddable":true,"href":"https:\/\/fysiolab.dk\/no\/wp-json\/wp\/v2\/product_brand?post=96541"},{"taxonomy":"product_cat","embeddable":true,"href":"https:\/\/fysiolab.dk\/no\/wp-json\/wp\/v2\/product_cat?post=96541"},{"taxonomy":"product_tag","embeddable":true,"href":"https:\/\/fysiolab.dk\/no\/wp-json\/wp\/v2\/product_tag?post=96541"}],"curies":[{"name":"wp","href":"https:\/\/api.w.org\/{rel}","templated":true}]}}