{"id":96583,"date":"2025-09-27T17:06:59","date_gmt":"2025-09-27T15:06:59","guid":{"rendered":"https:\/\/fysiolab.dk\/product\/donjoy-abdostrap-2-0-stoette-for-underlivet\/"},"modified":"2026-03-12T21:46:15","modified_gmt":"2026-03-12T20:46:15","slug":"donjoy-abdostrap-2-0-stoette-for-underlivet","status":"publish","type":"product","link":"https:\/\/fysiolab.dk\/no\/product\/donjoy-abdostrap-2-0-stoette-for-underlivet\/","title":{"rendered":"DonJoy Abdostrap 2.0 st\u00f8tte for underlivet"},"content":{"rendered":"<h3 data-start=\"166\" data-end=\"255\">DonJoy Abdostrap 2.0\u2122 - komfortabel magest\u00f8tte med enkel tilgang etter operasjonen<\/h3>\n<p data-start=\"257\" data-end=\"596\">DonJoy Abdostrap 2.0\u2122 er utviklet for \u00e5 gi komfortabel og sikker st\u00f8tte til mageomr\u00e5det - spesielt egnet for pasienter etter operasjoner eller med svekket magemuskulatur. Med fleksible skinner, et brukervennlig lukkesystem og et trimmbart frontpanel gir bandasjen b\u00e5de stabilitet og enkel tilgang til operasjonsstedet eller stomien. <\/p>\n<p data-start=\"598\" data-end=\"635\"><strong data-start=\"598\" data-end=\"613\">Bruksomr\u00e5de:<\/strong><br data-start=\"613\" data-end=\"616\">Kan brukes til:<\/p>\n<ul data-start=\"636\" data-end=\"855\">\n<li data-start=\"636\" data-end=\"744\">\n<p data-start=\"638\" data-end=\"744\">Etter abdominal kirurgi, for eksempel laparoskopiske inngrep eller gynekologiske operasjoner (inkludert keisersnitt)<\/p>\n<\/li>\n<li data-start=\"745\" data-end=\"790\">\n<p data-start=\"747\" data-end=\"790\">N\u00e5r du trenger st\u00f8tte etter en stomioperasjon<\/p>\n<\/li>\n<li data-start=\"791\" data-end=\"855\">\n<p data-start=\"793\" data-end=\"855\">Ved muskelsmerter, belastning eller svakhet i mageomr\u00e5det<\/p>\n<\/li>\n<\/ul>\n<p data-start=\"857\" data-end=\"885\"><strong data-start=\"857\" data-end=\"883\">Funksjoner og fordeler:<\/strong><\/p>\n<ul data-start=\"886\" data-end=\"1408\">\n<li data-start=\"886\" data-end=\"1004\">\n<p data-start=\"888\" data-end=\"1004\"><strong data-start=\"888\" data-end=\"903\">Enkel tilgang:<\/strong> Frontpanelet kan tilpasses (kuttes) for enkel tilgang til operasjonss\u00e5r eller stomipleie<\/p>\n<\/li>\n<li data-start=\"1005\" data-end=\"1116\">\n<p data-start=\"1007\" data-end=\"1116\"><strong data-start=\"1007\" data-end=\"1025\">Ekstra st\u00f8tte:<\/strong> Avtakbar elastisk stropp medf\u00f8lger og kan brukes n\u00e5r det er behov for ekstra st\u00f8tte under magen<\/p>\n<\/li>\n<li data-start=\"1117\" data-end=\"1218\">\n<p data-start=\"1119\" data-end=\"1218\"><strong data-start=\"1119\" data-end=\"1143\">Komfortabel design:<\/strong> Fleksible skinner gir stabilitet uten at det g\u00e5r p\u00e5 bekostning av komforten<\/p>\n<\/li>\n<li data-start=\"1219\" data-end=\"1333\">\n<p data-start=\"1221\" data-end=\"1333\"><strong data-start=\"1221\" data-end=\"1243\">Fleksibel passform:<\/strong> Tilgjengelig i tre h\u00f8yder (18 cm, 25 cm og 32 cm) for \u00e5 dekke behovene til b\u00e5de menn og kvinner<\/p>\n<\/li>\n<li data-start=\"1334\" data-end=\"1408\">\n<p data-start=\"1336\" data-end=\"1408\"><strong data-start=\"1336\" data-end=\"1355\">Enkel \u00e5 bruke:<\/strong> Brakettlukking gj\u00f8r den enkel \u00e5 ta p\u00e5 og tilpasse<\/p>\n<\/li>\n<\/ul>\n<p><strong>St\u00f8rrelsesguide (se st\u00f8rrelser under videoen)<\/strong><\/p>\n<p><iframe title=\"Opm\u00e5lingsvejledning til taljem\u00e5l FysioLab\" width=\"800\" height=\"450\" src=\"https:\/\/www.youtube.com\/embed\/_c2mbw5K7uY?feature=oembed\" frameborder=\"0\" allow=\"accelerometer; autoplay; clipboard-write; encrypted-media; gyroscope; picture-in-picture; web-share\" referrerpolicy=\"strict-origin-when-cross-origin\" allowfullscreen><\/iframe><\/p>\n<p><strong>M\u00e5l omkretsen rundt midjen for \u00e5 finne riktig st\u00f8rrelse.<\/strong><\/p>\n<p><strong>Str. Omkrets  <\/strong><br \/>\n<strong>S 68-82 cm<\/strong><\/p>\n<p><strong>M 82-98 cm<\/strong><\/p>\n<p><strong>L 98-116 cm<\/strong><\/p>\n<p><strong>XL 116-136 cm<\/strong><\/p>\n<p><strong>XXL 136-156 cm<\/strong><\/p>\n<p data-start=\"1410\" data-end=\"1502\"><br data-start=\"1466\" data-end=\"1469\">Tilgjengelig i st\u00f8rrelsene <strong data-start=\"1488\" data-end=\"1499\">S - XXL.<\/strong><\/p>\n<p data-start=\"1504\" data-end=\"1697\">DonJoy Abdostrap 2.0\u2122 er en ideell l\u00f8sning for pasienter som \u00f8nsker <strong data-start=\"1572\" data-end=\"1640\">st\u00f8tte, komfort og enkel tilgang til operasjonsomr\u00e5det<\/strong> - b\u00e5de i den postoperative fasen og i hverdagen etterp\u00e5.<\/p>\n","protected":false},"excerpt":{"rendered":"<p><strong>DonJoy Abdostrap 2.0\u2122 er utviklet for \u00e5 gi komfortabel og sikker st\u00f8tte til mageomr\u00e5det - spesielt egnet for pasienter etter operasjoner eller med svekket magemuskulatur. Med fleksible skinner, et brukervennlig lukkesystem og et trimmbart frontpanel gir bandasjen b\u00e5de stabilitet og enkel tilgang til operasjonsstedet eller stomien. <\/strong><\/p>\n","protected":false},"featured_media":96565,"comment_status":"closed","ping_status":"closed","template":"","meta":{"_acf_changed":false},"product_brand":[3091],"product_cat":[1938,2194,2193,1937,2184,1933,2502],"product_tag":[2173],"class_list":{"0":"post-96583","1":"product","2":"type-product","3":"status-publish","4":"has-post-thumbnail","6":"product_brand-donjoy","7":"product_cat-donjoy-no","8":"product_cat-donjoy-korsryggbelte","9":"product_cat-donjoy-ryggstoette","10":"product_cat-merkevarer","11":"product_cat-rygg-og-korsrygg","12":"product_cat-skinner-og-stoetteskinner","13":"product_cat-svake-magemuskler","14":"product_tag-donjoy-no","16":"first","17":"instock","18":"taxable","19":"shipping-taxable","20":"purchasable","21":"product-type-variable"},"acf":[],"_links":{"self":[{"href":"https:\/\/fysiolab.dk\/no\/wp-json\/wp\/v2\/product\/96583","targetHints":{"allow":["GET"]}}],"collection":[{"href":"https:\/\/fysiolab.dk\/no\/wp-json\/wp\/v2\/product"}],"about":[{"href":"https:\/\/fysiolab.dk\/no\/wp-json\/wp\/v2\/types\/product"}],"replies":[{"embeddable":true,"href":"https:\/\/fysiolab.dk\/no\/wp-json\/wp\/v2\/comments?post=96583"}],"wp:featuredmedia":[{"embeddable":true,"href":"https:\/\/fysiolab.dk\/no\/wp-json\/wp\/v2\/media\/96565"}],"wp:attachment":[{"href":"https:\/\/fysiolab.dk\/no\/wp-json\/wp\/v2\/media?parent=96583"}],"wp:term":[{"taxonomy":"product_brand","embeddable":true,"href":"https:\/\/fysiolab.dk\/no\/wp-json\/wp\/v2\/product_brand?post=96583"},{"taxonomy":"product_cat","embeddable":true,"href":"https:\/\/fysiolab.dk\/no\/wp-json\/wp\/v2\/product_cat?post=96583"},{"taxonomy":"product_tag","embeddable":true,"href":"https:\/\/fysiolab.dk\/no\/wp-json\/wp\/v2\/product_tag?post=96583"}],"curies":[{"name":"wp","href":"https:\/\/api.w.org\/{rel}","templated":true}]}}