{"id":96663,"date":"2025-09-27T21:35:16","date_gmt":"2025-09-27T19:35:16","guid":{"rendered":"https:\/\/fysiolab.dk\/product\/skumrulle-for-triggerpunktbehandling-grid-2-0\/"},"modified":"2025-12-18T09:20:15","modified_gmt":"2025-12-18T08:20:15","slug":"skumrulle-for-triggerpunktbehandling-grid-2-0","status":"publish","type":"product","link":"https:\/\/fysiolab.dk\/no\/product\/skumrulle-for-triggerpunktbehandling-grid-2-0\/","title":{"rendered":"Skumrulle for triggerpunktbehandling - GRID 2.0"},"content":{"rendered":"<p class=\"text-sm text-theme-dark mt-5 font-header col-span-5\">Trigger Point Therapy GRID 2.0 Black foam roller er utviklet for effektiv selvmassasje, behandling og skadeforebygging. Den unike hule, tredimensjonale overflaten forbedrer oksygen- og blodgjennomstr\u00f8mningen og bidrar til optimal fjerning av avfallsstoffer. Ideell for rehabiliteringspasienter, treningsentusiaster og idrettsut\u00f8vere. Med GRID 2.0 kan du skumrulle begge beina samtidig og bruke den til balanse- og stabilitetstrening. Den er laget av slitesterkt EVA-skum og gir deg en personlig massasjeopplevelse ved at du kan legge p\u00e5 \u00f8nsket trykk. Forbedre bevegeligheten og velv\u00e6ret ditt ved daglig bruk. Dette allsidige verkt\u00f8yet er perfekt for fasciamassasje p\u00e5 ulike deler av kroppen, inkludert rygg, ben, armer og nakke. GRID Foam Roller er utviklet av eksperter p\u00e5 verkt\u00f8y for selvmassasje, og er sannsynligvis ditt favoritttilbeh\u00f8r for \u00e5 starte og avslutte trenings\u00f8kter.       <\/p>\n<p>&nbsp;<\/p>\n<div data-headlessui-state=\"open\">\n<div id=\"headlessui-disclosure-panel-v-0-0-38-3\" class=\"prose prose-sm pb-6 text-gray-500\" data-headlessui-state=\"open\">\n<div class=\"text-sm pl-5\">\n<p class=\"whitespace-pre mb-5\">- Hardhet: Medium - egnet for hele kroppen - Materiale: Mykt EVA-skum p\u00e5 utsiden, PVC p\u00e5 innsiden - En 3-dimensjonal massasjeoverflate<\/p>\n<p class=\"whitespace-pre mb-5\">- Maks. vektbelastning (kg): 226 kg vektbelastning (kg): 226 kg - Dimensjoner: diameter 14 cm, lengde 66 cm - Vekt: 1,4 kg<\/p>\n<p class=\"whitespace-pre mb-5\">- Egnet for skumrulling hjemme, p\u00e5 treningssentre, hos fysioterapeuter, personlige trenere, profesjonelle idrettsut\u00f8vere og i toppidrett<\/p>\n<\/div>\n<\/div>\n<\/div>\n","protected":false},"excerpt":{"rendered":"<h2 class=\"text-sm text-theme-dark mt-5 font-header col-span-5\">Trigger Point Therapy GRID 2.0 Foam Roller tilbyr effektiv selvmassasje for behandling, skadeforebygging og bedre bevegelighet. 3D-overflaten \u00f8ker blodgjennomstr\u00f8mningen, mens den hule utformingen gj\u00f8r det mulig \u00e5 rulle med begge bena og trene stabilitet. Ideell for alle treningsniv\u00e5er.  <\/h2>\n","protected":false},"featured_media":96644,"comment_status":"closed","ping_status":"closed","template":"","meta":{"_acf_changed":false},"product_brand":[],"product_cat":[1948,2640,2362,1937,1941,2382,1945,2361],"product_tag":[2363],"class_list":{"0":"post-96663","1":"product","2":"type-product","3":"status-publish","4":"has-post-thumbnail","6":"product_cat-klinikk","7":"product_cat-massasje-restaurering","8":"product_cat-massasjeballer-og-skumruller","9":"product_cat-merkevarer","10":"product_cat-rekonvalesens-og-sportspleie","11":"product_cat-skumrulle","12":"product_cat-treningsutstyr","13":"product_cat-triggerpunkt","14":"product_tag-triggerpunktbehandling","16":"first","17":"instock","18":"taxable","19":"shipping-taxable","20":"purchasable","21":"product-type-variable"},"acf":[],"_links":{"self":[{"href":"https:\/\/fysiolab.dk\/no\/wp-json\/wp\/v2\/product\/96663","targetHints":{"allow":["GET"]}}],"collection":[{"href":"https:\/\/fysiolab.dk\/no\/wp-json\/wp\/v2\/product"}],"about":[{"href":"https:\/\/fysiolab.dk\/no\/wp-json\/wp\/v2\/types\/product"}],"replies":[{"embeddable":true,"href":"https:\/\/fysiolab.dk\/no\/wp-json\/wp\/v2\/comments?post=96663"}],"wp:featuredmedia":[{"embeddable":true,"href":"https:\/\/fysiolab.dk\/no\/wp-json\/wp\/v2\/media\/96644"}],"wp:attachment":[{"href":"https:\/\/fysiolab.dk\/no\/wp-json\/wp\/v2\/media?parent=96663"}],"wp:term":[{"taxonomy":"product_brand","embeddable":true,"href":"https:\/\/fysiolab.dk\/no\/wp-json\/wp\/v2\/product_brand?post=96663"},{"taxonomy":"product_cat","embeddable":true,"href":"https:\/\/fysiolab.dk\/no\/wp-json\/wp\/v2\/product_cat?post=96663"},{"taxonomy":"product_tag","embeddable":true,"href":"https:\/\/fysiolab.dk\/no\/wp-json\/wp\/v2\/product_tag?post=96663"}],"curies":[{"name":"wp","href":"https:\/\/api.w.org\/{rel}","templated":true}]}}