{"id":96687,"date":"2025-09-27T21:55:22","date_gmt":"2025-09-27T19:55:22","guid":{"rendered":"https:\/\/fysiolab.dk\/product\/bosu-balance-pods-xl-balansetrener\/"},"modified":"2025-12-18T09:20:15","modified_gmt":"2025-12-18T08:20:15","slug":"bosu-balance-pods-xl-balansetrener","status":"publish","type":"product","link":"https:\/\/fysiolab.dk\/no\/product\/bosu-balance-pods-xl-balansetrener\/","title":{"rendered":"BOSU Balance Pods XL balansetrener"},"content":{"rendered":"<div class=\"text-sm whitespace-pre-wrap\" data-headlessui-state=\"open\">\n<div id=\"headlessui-disclosure-panel-v-0-0-44-1\" class=\"prose prose-sm pb-6 text-gray-500\" data-headlessui-state=\"open\">\n<div>BOSU Balance Pods XL i bl\u00e5tt er et uunnv\u00e6rlig tillegg til enhver treningsrutine, designet for \u00e5 forbedre balanse, koordinasjon og smidighet. Disse allsidige podsene aktiverer b\u00e5de over- og underkroppsmuskulaturen og styrker kjernemuskulaturen for bedre generell kondisjon og helse. Balance Pods har et tosidig design og kan brukes med den flate siden ned for stabilitet eller med kuppelsiden ned for en mer utfordrende balansetrening. De opph\u00f8yde ringene gir et sikkert grep for hender og f\u00f8tter, noe som sikrer komfort under \u00f8velsene. BOSU Balance Pods XL er tilgjengelig i en st\u00f8rre st\u00f8rrelse p\u00e5 25,4 cm, og kan kombineres med en BOSU Ballast Ball eller en hvilken som helst BOSU Balance Trainer for en omfattende treningsopplevelse. Ideell for idrettsut\u00f8vere og treningsentusiaster som \u00f8nsker \u00e5 forbedre prestasjonene sine.     <\/div>\n<\/div>\n<\/div>\n<div data-headlessui-state=\"open\">\n<h3><\/h3>\n<div id=\"headlessui-disclosure-panel-v-0-0-44-3\" class=\"prose prose-sm pb-6 text-gray-500\" data-headlessui-state=\"open\">\n<div class=\"text-sm pl-5\">\n<p class=\"whitespace-pre mb-5\">- H\u00f8y kvalitet, lateksfritt, mykt grep - Kan b\u00e6re opp til 136 kg<\/p>\n<p class=\"whitespace-pre mb-5\">- Vekt: 0,7 kg per Balance Pods - Diameter: 25,4 cm <\/p>\n<p class=\"whitespace-pre mb-5\">- Utvikler muskelutholdenhet, styrke og fleksibilitet i hele kroppen - Forbedrer dynamisk balanse og smidighet - Bygger opp kjernestyrke og stabilitet - \u00d8ker kroppsbevissthet og koordinasjon<\/p>\n<\/div>\n<\/div>\n<\/div>\n","protected":false},"excerpt":{"rendered":"<h2 class=\"text-sm text-theme-dark mt-5 font-header col-span-5\">Forbedre treningen din med BOSU Balance Pods XL i bl\u00e5tt. Forbedre balanse, koordinasjon og smidighet samtidig som du styrker kjernemuskulaturen. Bruk dem flatt eller med kuppelsiden ned for ulike utfordringer. Komfortabelt grep og perfekt \u00e5 kombinere med BOSU-trenere.   <\/h2>\n","protected":false},"featured_media":96689,"comment_status":"closed","ping_status":"closed","template":"","meta":{"_acf_changed":false},"product_brand":[],"product_cat":[1946,1949,2607,2608,1948,1937,1945],"product_tag":[2609],"class_list":{"0":"post-96687","1":"product","2":"type-product","3":"status-publish","4":"has-post-thumbnail","6":"product_cat-balanse","7":"product_cat-balansetrening","8":"product_cat-bosu-no","9":"product_cat-bosu-no-2","10":"product_cat-klinikk","11":"product_cat-merkevarer","12":"product_cat-treningsutstyr","13":"product_tag-bosu-no","15":"first","16":"instock","17":"taxable","18":"shipping-taxable","19":"purchasable","20":"product-type-simple"},"acf":[],"_links":{"self":[{"href":"https:\/\/fysiolab.dk\/no\/wp-json\/wp\/v2\/product\/96687","targetHints":{"allow":["GET"]}}],"collection":[{"href":"https:\/\/fysiolab.dk\/no\/wp-json\/wp\/v2\/product"}],"about":[{"href":"https:\/\/fysiolab.dk\/no\/wp-json\/wp\/v2\/types\/product"}],"replies":[{"embeddable":true,"href":"https:\/\/fysiolab.dk\/no\/wp-json\/wp\/v2\/comments?post=96687"}],"wp:featuredmedia":[{"embeddable":true,"href":"https:\/\/fysiolab.dk\/no\/wp-json\/wp\/v2\/media\/96689"}],"wp:attachment":[{"href":"https:\/\/fysiolab.dk\/no\/wp-json\/wp\/v2\/media?parent=96687"}],"wp:term":[{"taxonomy":"product_brand","embeddable":true,"href":"https:\/\/fysiolab.dk\/no\/wp-json\/wp\/v2\/product_brand?post=96687"},{"taxonomy":"product_cat","embeddable":true,"href":"https:\/\/fysiolab.dk\/no\/wp-json\/wp\/v2\/product_cat?post=96687"},{"taxonomy":"product_tag","embeddable":true,"href":"https:\/\/fysiolab.dk\/no\/wp-json\/wp\/v2\/product_tag?post=96687"}],"curies":[{"name":"wp","href":"https:\/\/api.w.org\/{rel}","templated":true}]}}