{"id":96707,"date":"2025-09-27T22:04:04","date_gmt":"2025-09-27T20:04:04","guid":{"rendered":"https:\/\/fysiolab.dk\/product\/bosu-vektet-ball-sett-6pk-balansetrener\/"},"modified":"2025-12-18T09:20:15","modified_gmt":"2025-12-18T08:20:15","slug":"bosu-vektet-ball-sett-6pk-balansetrener","status":"publish","type":"product","link":"https:\/\/fysiolab.dk\/no\/product\/bosu-vektet-ball-sett-6pk-balansetrener\/","title":{"rendered":"BOSU vektet ball sett 6PK balansetrener"},"content":{"rendered":"<div class=\"text-sm whitespace-pre-wrap\" data-headlessui-state=\"open\">\n<div id=\"headlessui-disclosure-panel-v-0-0-47-1\" class=\"prose prose-sm pb-6 text-gray-500\" data-headlessui-state=\"open\">\n<div>BOSU\u00ae Weighted Ball Kit 6PK er et allsidig tillegg til enhver trenings\u00f8kt, med seks 4-kilos toningsballer med en slitesterk vinyloverflate fylt med sand. Disse ballene er utviklet for \u00e5 forbedre styrke, balanse og h\u00e5nd-\u00f8ye-koordinasjon, noe som gj\u00f8r dem ideelle for \u00e5 forbedre den generelle kondisjonen og muskelrestitusjonen. Bruk BOSU\u00ae Toning Balls i treningsrutinen din for \u00e5 intensivere \u00f8velser som kneb\u00f8y, sit-ups og armhevinger. Den robuste designen s\u00f8rger for at de t\u00e5ler t\u00f8ffe trenings\u00f8kter, samtidig som de er komfortable og brukervennlige. De er perfekte for \u00e5 gi ekstra motstand og variasjon, og hjelper deg med \u00e5 trene spesifikke muskelgrupper og forbedre kjernestabiliteten. BOSU\u00ae Weighted Ball Kit er ideelt for alle treningsniv\u00e5er og gir uendelige muligheter for dynamiske og utfordrende bevegelser. Enten du er nybegynner eller en avansert idrettsut\u00f8ver, gir disse toningballene en morsom og effektiv m\u00e5te \u00e5 \u00f8ke treningen din p\u00e5, slik at du kan n\u00e5 treningsm\u00e5lene dine med \u00f8kt intensitet og variasjon.      <\/div>\n<\/div>\n<\/div>\n<div data-headlessui-state=\"open\">\n<h3><\/h3>\n<div id=\"headlessui-disclosure-panel-v-0-0-47-3\" class=\"prose prose-sm pb-6 text-gray-500\" data-headlessui-state=\"open\">\n<div class=\"text-sm pl-5\">\n<p class=\"whitespace-pre mb-5\">- Vekt: 1,8 kg per stykk - Diameter: 12,7 cm - Ytterskall med mykt grep - Inkluderer brukerh\u00e5ndbok<\/p>\n<p class=\"whitespace-pre mb-5\">- Brukes til ekstern belastning i kroppsvektstreningen<\/p>\n<\/div>\n<\/div>\n<\/div>\n","protected":false},"excerpt":{"rendered":"<h2 class=\"text-sm text-theme-dark mt-5 font-header col-span-5\">BOSU Weighted Ball Kit 6PK er et allsidig treningsverkt\u00f8y som er utviklet for \u00e5 forbedre styrke, balanse og koordinasjon. Med et slitesterkt vinylskall og en kjerne fylt med 4 kg sand, intensiverer den treningen, hjelper til med muskelrestitusjon og gir variasjon til \u00f8velser som kneb\u00f8y og armhevinger. <\/h2>\n","protected":false},"featured_media":96706,"comment_status":"closed","ping_status":"closed","template":"","meta":{"_acf_changed":false},"product_brand":[],"product_cat":[1949,2607,2608,1948,1937,2223,2225,1945],"product_tag":[2609],"class_list":{"0":"post-96707","1":"product","2":"type-product","3":"status-publish","4":"has-post-thumbnail","6":"product_cat-balansetrening","7":"product_cat-bosu-no","8":"product_cat-bosu-no-2","9":"product_cat-klinikk","10":"product_cat-merkevarer","11":"product_cat-treningsballer","12":"product_cat-treningsballer-no","13":"product_cat-treningsutstyr","14":"product_tag-bosu-no","16":"first","17":"instock","18":"taxable","19":"shipping-taxable","20":"purchasable","21":"product-type-simple"},"acf":[],"_links":{"self":[{"href":"https:\/\/fysiolab.dk\/no\/wp-json\/wp\/v2\/product\/96707","targetHints":{"allow":["GET"]}}],"collection":[{"href":"https:\/\/fysiolab.dk\/no\/wp-json\/wp\/v2\/product"}],"about":[{"href":"https:\/\/fysiolab.dk\/no\/wp-json\/wp\/v2\/types\/product"}],"replies":[{"embeddable":true,"href":"https:\/\/fysiolab.dk\/no\/wp-json\/wp\/v2\/comments?post=96707"}],"wp:featuredmedia":[{"embeddable":true,"href":"https:\/\/fysiolab.dk\/no\/wp-json\/wp\/v2\/media\/96706"}],"wp:attachment":[{"href":"https:\/\/fysiolab.dk\/no\/wp-json\/wp\/v2\/media?parent=96707"}],"wp:term":[{"taxonomy":"product_brand","embeddable":true,"href":"https:\/\/fysiolab.dk\/no\/wp-json\/wp\/v2\/product_brand?post=96707"},{"taxonomy":"product_cat","embeddable":true,"href":"https:\/\/fysiolab.dk\/no\/wp-json\/wp\/v2\/product_cat?post=96707"},{"taxonomy":"product_tag","embeddable":true,"href":"https:\/\/fysiolab.dk\/no\/wp-json\/wp\/v2\/product_tag?post=96707"}],"curies":[{"name":"wp","href":"https:\/\/api.w.org\/{rel}","templated":true}]}}