{"id":96830,"date":"2025-09-27T23:16:03","date_gmt":"2025-09-27T21:16:03","guid":{"rendered":"https:\/\/fysiolab.dk\/product\/voon-football-pro-smart-rebounder\/"},"modified":"2025-12-18T09:20:14","modified_gmt":"2025-12-18T08:20:14","slug":"voon-football-pro-smart-rebounder","status":"publish","type":"product","link":"https:\/\/fysiolab.dk\/no\/product\/voon-football-pro-smart-rebounder\/","title":{"rendered":"Voon Football Pro Smart Rebounder"},"content":{"rendered":"<p data-start=\"83\" data-end=\"114\"><strong data-start=\"83\" data-end=\"114\">Utvikle fremtidens spillere.<\/strong><\/p>\n<p data-start=\"116\" data-end=\"779\">\u2705 <strong data-start=\"118\" data-end=\"146\">Forbedre spillerutviklingen<\/strong> - Hev lagets tekniske niv\u00e5 og skap bedre spillere.<br data-start=\"200\" data-end=\"203\">\u2705 <strong data-start=\"205\" data-end=\"238\">Forbedre kognitive ferdigheter<\/strong> - Tren spillerne til \u00e5 tenke og reagere raskere i spillsituasjoner.<br data-start=\"311\" data-end=\"314\">\u2705 <strong data-start=\"316\" data-end=\"342\">\u00d8k spillerengasjementet<\/strong> - Hold motivasjonen h\u00f8y med utfordrende \u00f8velser og konkurranser for en bedre treningsopplevelse.<br data-start=\"438\" data-end=\"441\">\u2705 <strong data-start=\"443\" data-end=\"463\">Spor fremgang<\/strong> - F\u00e5 tilgang til prestasjonsdata og spor spillerens fremgang for bedre beslutningstaking.<br data-start=\"555\" data-end=\"558\">\u2705 <strong data-start=\"560\" data-end=\"587\">Passer for alle niv\u00e5er<\/strong> - Designet for \u00e5 st\u00f8tte utviklingen fra akademispillere til f\u00f8rstelagsproffer.<br data-start=\"685\" data-end=\"688\">\u2705 <strong data-start=\"690\" data-end=\"723\">B\u00e6rbar og klubbvennlig design<\/strong> - Kompakt og enkel \u00e5 integrere i alle treningsrutiner.<\/p>\n","protected":false},"excerpt":{"rendered":"<p>Voon Football Pro Smart Rebounder er en game changer hvis du \u00f8nsker \u00e5 utvikle fotballferdighetene dine<\/p>\n","protected":false},"featured_media":96807,"comment_status":"closed","ping_status":"closed","template":"","meta":{"_acf_changed":false},"product_brand":[],"product_cat":[2218,1937,1945,2940],"product_tag":[2939],"class_list":{"0":"post-96830","1":"product","2":"type-product","3":"status-publish","4":"has-post-thumbnail","6":"product_cat-fotball-og-fotball","7":"product_cat-merkevarer","8":"product_cat-treningsutstyr","9":"product_cat-voon-no","10":"product_tag-voon-no","12":"first","13":"instock","14":"taxable","15":"shipping-taxable","16":"purchasable","17":"product-type-simple"},"acf":[],"_links":{"self":[{"href":"https:\/\/fysiolab.dk\/no\/wp-json\/wp\/v2\/product\/96830","targetHints":{"allow":["GET"]}}],"collection":[{"href":"https:\/\/fysiolab.dk\/no\/wp-json\/wp\/v2\/product"}],"about":[{"href":"https:\/\/fysiolab.dk\/no\/wp-json\/wp\/v2\/types\/product"}],"replies":[{"embeddable":true,"href":"https:\/\/fysiolab.dk\/no\/wp-json\/wp\/v2\/comments?post=96830"}],"wp:featuredmedia":[{"embeddable":true,"href":"https:\/\/fysiolab.dk\/no\/wp-json\/wp\/v2\/media\/96807"}],"wp:attachment":[{"href":"https:\/\/fysiolab.dk\/no\/wp-json\/wp\/v2\/media?parent=96830"}],"wp:term":[{"taxonomy":"product_brand","embeddable":true,"href":"https:\/\/fysiolab.dk\/no\/wp-json\/wp\/v2\/product_brand?post=96830"},{"taxonomy":"product_cat","embeddable":true,"href":"https:\/\/fysiolab.dk\/no\/wp-json\/wp\/v2\/product_cat?post=96830"},{"taxonomy":"product_tag","embeddable":true,"href":"https:\/\/fysiolab.dk\/no\/wp-json\/wp\/v2\/product_tag?post=96830"}],"curies":[{"name":"wp","href":"https:\/\/api.w.org\/{rel}","templated":true}]}}