{"id":96844,"date":"2025-09-27T23:22:45","date_gmt":"2025-09-27T21:22:45","guid":{"rendered":"https:\/\/fysiolab.dk\/product\/voon-padel-tennis-rebounder\/"},"modified":"2025-12-18T09:20:14","modified_gmt":"2025-12-18T08:20:14","slug":"voon-padel-tennis-rebounder","status":"publish","type":"product","link":"https:\/\/fysiolab.dk\/no\/product\/voon-padel-tennis-rebounder\/","title":{"rendered":"Voon Padel-Tennis Rebounder"},"content":{"rendered":"<p data-start=\"49\" data-end=\"128\">\ud83c\udfaf <strong data-start=\"52\" data-end=\"102\">Tren p\u00e5 alle de viktigste padel- og tennisteknikkene<\/strong><br data-start=\"102\" data-end=\"105\">Anbefalt av de beste.<\/p>\n<p data-start=\"130\" data-end=\"454\">\u2705 <strong data-start=\"132\" data-end=\"144\">Bandejas<\/strong> - Kontroller tempoet og dominer fra baklinjen.<br data-start=\"191\" data-end=\"194\">\u2705 <strong data-start=\"196\" data-end=\"207\">Volleys<\/strong> - Reager raskt og avslutt sterkt ved nettet.<br data-start=\"253\" data-end=\"256\">\u2705 <strong data-start=\"258\" data-end=\"272\">Wall exits<\/strong> - Mestre et av de mest utfordrende trekkene.<br data-start=\"319\" data-end=\"322\">\u2705 <strong data-start=\"324\" data-end=\"353\">Footwork &amp; Coordination<\/strong> - Endel\u00f8se repetisjoner - uten partner.<br data-start=\"397\" data-end=\"400\">\u2705 <strong data-start=\"402\" data-end=\"413\">Smashes<\/strong> - Forbedre kraft, presisjon og plassering.<\/p>\n<p data-start=\"456\" data-end=\"516\">\ud83d\udca1 Tren alene - hjemme eller p\u00e5 banen - i ditt eget tempo.<\/p>\n<p data-start=\"518\" data-end=\"647\"><em data-start=\"518\" data-end=\"647\">Dette er kun rebounderen - Dot er ikke inkludert.<br data-start=\"565\" data-end=\"568\">Kj\u00f8p Dot separat for \u00e5 f\u00e5 fullt utbytte av \u00e5 trene med en smart rebounder!<\/em><\/p>\n","protected":false},"excerpt":{"rendered":"<p>Med Voon Padel-Tennis Rebounder kan du \u00f8ve p\u00e5 alle viktige padel- og tennisteknikker<\/p>\n","protected":false},"featured_media":96833,"comment_status":"closed","ping_status":"closed","template":"","meta":{"_acf_changed":false},"product_brand":[],"product_cat":[2221,1937,1945,2940],"product_tag":[2939],"class_list":{"0":"post-96844","1":"product","2":"type-product","3":"status-publish","4":"has-post-thumbnail","6":"product_cat-annet-treningsutstyr","7":"product_cat-merkevarer","8":"product_cat-treningsutstyr","9":"product_cat-voon-no","10":"product_tag-voon-no","12":"first","13":"instock","14":"taxable","15":"shipping-taxable","16":"purchasable","17":"product-type-simple"},"acf":[],"_links":{"self":[{"href":"https:\/\/fysiolab.dk\/no\/wp-json\/wp\/v2\/product\/96844","targetHints":{"allow":["GET"]}}],"collection":[{"href":"https:\/\/fysiolab.dk\/no\/wp-json\/wp\/v2\/product"}],"about":[{"href":"https:\/\/fysiolab.dk\/no\/wp-json\/wp\/v2\/types\/product"}],"replies":[{"embeddable":true,"href":"https:\/\/fysiolab.dk\/no\/wp-json\/wp\/v2\/comments?post=96844"}],"wp:featuredmedia":[{"embeddable":true,"href":"https:\/\/fysiolab.dk\/no\/wp-json\/wp\/v2\/media\/96833"}],"wp:attachment":[{"href":"https:\/\/fysiolab.dk\/no\/wp-json\/wp\/v2\/media?parent=96844"}],"wp:term":[{"taxonomy":"product_brand","embeddable":true,"href":"https:\/\/fysiolab.dk\/no\/wp-json\/wp\/v2\/product_brand?post=96844"},{"taxonomy":"product_cat","embeddable":true,"href":"https:\/\/fysiolab.dk\/no\/wp-json\/wp\/v2\/product_cat?post=96844"},{"taxonomy":"product_tag","embeddable":true,"href":"https:\/\/fysiolab.dk\/no\/wp-json\/wp\/v2\/product_tag?post=96844"}],"curies":[{"name":"wp","href":"https:\/\/api.w.org\/{rel}","templated":true}]}}