{"id":96850,"date":"2025-09-27T23:27:15","date_gmt":"2025-09-27T21:27:15","guid":{"rendered":"https:\/\/fysiolab.dk\/product\/voon-dot\/"},"modified":"2025-12-18T09:20:14","modified_gmt":"2025-12-18T08:20:14","slug":"voon-dot","status":"publish","type":"product","link":"https:\/\/fysiolab.dk\/no\/product\/voon-dot\/","title":{"rendered":"Voon Dot"},"content":{"rendered":"<p data-start=\"61\" data-end=\"207\"><strong data-start=\"61\" data-end=\"106\">M\u00f8t hjertet i treningsreisen din - Dot.<\/strong><br data-start=\"106\" data-end=\"109\">Denne kraftige enheten er kjernen i teknologien v\u00e5r og l\u00f8fter alle aspekter av treningen din.<\/p>\n<p data-start=\"209\" data-end=\"358\">The Dot er n\u00f8kkelen til \u00e5 spore fremgang, skape konkurranse og utvikle ferdighetene dine.<br data-start=\"297\" data-end=\"300\">Det er det uunnv\u00e6rlige elementet som gj\u00f8r alt dette mulig.<\/p>\n<p data-start=\"360\" data-end=\"465\"><strong data-start=\"360\" data-end=\"465\">Ta prestasjonene dine til neste niv\u00e5, og omfavn fremtidens trening - med hjertet i teknisk utvikling.<\/strong><\/p>\n","protected":false},"excerpt":{"rendered":"<p>M\u00f8t hjertet i treningsreisen din - Dot.Denne kraftige enheten er kjernen i teknologien v\u00e5r og l\u00f8fter alle aspekter av treningen din. The Dot er n\u00f8kkelen til \u00e5 spore fremgang, skape konkurranse og utvikle ferdighetene dine.Det er det uunnv\u00e6rlige elementet som gj\u00f8r alt dette mulig. Ta prestasjonene dine til neste niv\u00e5, og omfavn fremtidens trening - [&hellip;]<\/p>\n","protected":false},"featured_media":96847,"comment_status":"closed","ping_status":"closed","template":"","meta":{"_acf_changed":false},"product_brand":[],"product_cat":[2221,1937,1945,2940],"product_tag":[2939],"class_list":{"0":"post-96850","1":"product","2":"type-product","3":"status-publish","4":"has-post-thumbnail","6":"product_cat-annet-treningsutstyr","7":"product_cat-merkevarer","8":"product_cat-treningsutstyr","9":"product_cat-voon-no","10":"product_tag-voon-no","12":"first","13":"instock","14":"taxable","15":"shipping-taxable","16":"purchasable","17":"product-type-simple"},"acf":[],"_links":{"self":[{"href":"https:\/\/fysiolab.dk\/no\/wp-json\/wp\/v2\/product\/96850","targetHints":{"allow":["GET"]}}],"collection":[{"href":"https:\/\/fysiolab.dk\/no\/wp-json\/wp\/v2\/product"}],"about":[{"href":"https:\/\/fysiolab.dk\/no\/wp-json\/wp\/v2\/types\/product"}],"replies":[{"embeddable":true,"href":"https:\/\/fysiolab.dk\/no\/wp-json\/wp\/v2\/comments?post=96850"}],"wp:featuredmedia":[{"embeddable":true,"href":"https:\/\/fysiolab.dk\/no\/wp-json\/wp\/v2\/media\/96847"}],"wp:attachment":[{"href":"https:\/\/fysiolab.dk\/no\/wp-json\/wp\/v2\/media?parent=96850"}],"wp:term":[{"taxonomy":"product_brand","embeddable":true,"href":"https:\/\/fysiolab.dk\/no\/wp-json\/wp\/v2\/product_brand?post=96850"},{"taxonomy":"product_cat","embeddable":true,"href":"https:\/\/fysiolab.dk\/no\/wp-json\/wp\/v2\/product_cat?post=96850"},{"taxonomy":"product_tag","embeddable":true,"href":"https:\/\/fysiolab.dk\/no\/wp-json\/wp\/v2\/product_tag?post=96850"}],"curies":[{"name":"wp","href":"https:\/\/api.w.org\/{rel}","templated":true}]}}