{"id":96854,"date":"2025-09-27T23:33:33","date_gmt":"2025-09-27T21:33:33","guid":{"rendered":"https:\/\/fysiolab.dk\/product\/voon-case\/"},"modified":"2025-12-18T09:20:14","modified_gmt":"2025-12-18T08:20:14","slug":"voon-case","status":"publish","type":"product","link":"https:\/\/fysiolab.dk\/no\/product\/voon-case\/","title":{"rendered":"Voon Case"},"content":{"rendered":"<p><strong data-start=\"38\" data-end=\"89\">Gj\u00f8r Dots mer b\u00e6rbare med Voon-etuiet.<\/strong><br data-start=\"89\" data-end=\"92\">Dette harde etuiet beskytter Dots og holder orden p\u00e5 dem.<br data-start=\"158\" data-end=\"161\" data-is-only-node=\"\">Et uunnv\u00e6rlig tilbeh\u00f8r som gj\u00f8r at du kan f\u00e5 det beste ut av treningsteknologien din - uansett hvor du er.<\/p>\n","protected":false},"excerpt":{"rendered":"<p>Gj\u00f8r Dots mer b\u00e6rbare med Voon-etuiet.Dette harde etuiet beskytter Dots og holder orden p\u00e5 dem.Et uunnv\u00e6rlig tilbeh\u00f8r som gj\u00f8r at du kan f\u00e5 det beste ut av treningsteknologien din - uansett hvor du er.<\/p>\n","protected":false},"featured_media":96853,"comment_status":"closed","ping_status":"closed","template":"","meta":{"_acf_changed":false},"product_brand":[],"product_cat":[2221,1937,1945,2940],"product_tag":[2939],"class_list":{"0":"post-96854","1":"product","2":"type-product","3":"status-publish","4":"has-post-thumbnail","6":"product_cat-annet-treningsutstyr","7":"product_cat-merkevarer","8":"product_cat-treningsutstyr","9":"product_cat-voon-no","10":"product_tag-voon-no","12":"first","13":"instock","14":"taxable","15":"shipping-taxable","16":"purchasable","17":"product-type-simple"},"acf":[],"_links":{"self":[{"href":"https:\/\/fysiolab.dk\/no\/wp-json\/wp\/v2\/product\/96854","targetHints":{"allow":["GET"]}}],"collection":[{"href":"https:\/\/fysiolab.dk\/no\/wp-json\/wp\/v2\/product"}],"about":[{"href":"https:\/\/fysiolab.dk\/no\/wp-json\/wp\/v2\/types\/product"}],"replies":[{"embeddable":true,"href":"https:\/\/fysiolab.dk\/no\/wp-json\/wp\/v2\/comments?post=96854"}],"wp:featuredmedia":[{"embeddable":true,"href":"https:\/\/fysiolab.dk\/no\/wp-json\/wp\/v2\/media\/96853"}],"wp:attachment":[{"href":"https:\/\/fysiolab.dk\/no\/wp-json\/wp\/v2\/media?parent=96854"}],"wp:term":[{"taxonomy":"product_brand","embeddable":true,"href":"https:\/\/fysiolab.dk\/no\/wp-json\/wp\/v2\/product_brand?post=96854"},{"taxonomy":"product_cat","embeddable":true,"href":"https:\/\/fysiolab.dk\/no\/wp-json\/wp\/v2\/product_cat?post=96854"},{"taxonomy":"product_tag","embeddable":true,"href":"https:\/\/fysiolab.dk\/no\/wp-json\/wp\/v2\/product_tag?post=96854"}],"curies":[{"name":"wp","href":"https:\/\/api.w.org\/{rel}","templated":true}]}}