{"id":96874,"date":"2025-09-27T23:45:08","date_gmt":"2025-09-27T21:45:08","guid":{"rendered":"https:\/\/fysiolab.dk\/product\/voon-padel-tennis-smart-rebounder\/"},"modified":"2025-12-18T09:20:14","modified_gmt":"2025-12-18T08:20:14","slug":"voon-padel-tennis-smart-rebounder","status":"publish","type":"product","link":"https:\/\/fysiolab.dk\/no\/product\/voon-padel-tennis-smart-rebounder\/","title":{"rendered":"Voon Padel-Tennis Smart Rebounder"},"content":{"rendered":"<p data-start=\"38\" data-end=\"117\"><strong data-start=\"38\" data-end=\"91\">Opplev padel- og tennistrening p\u00e5 en helt ny m\u00e5te.<\/strong><br data-start=\"91\" data-end=\"94\">Anbefalt av de beste.<\/p>\n<p data-start=\"119\" data-end=\"671\">\u2705 <strong data-start=\"121\" data-end=\"152\">Mestre presisjon og kontroll<\/strong> - Forbedre n\u00f8yaktigheten og f\u00e5 mer stabile slag.<br data-start=\"203\" data-end=\"206\">\u2705 <strong data-start=\"208\" data-end=\"235\">\u00d8k reaksjonshastigheten<\/strong> - Tren opp refleksene dine til \u00e5 h\u00e5ndtere spill i h\u00f8yt tempo.<br data-start=\"295\" data-end=\"298\">\u2705 <strong data-start=\"300\" data-end=\"327\">Bli en komplett spiller<\/strong> - Perfeksjoner ethvert slag gjennom repetisjon.<br data-start=\"377\" data-end=\"380\">\u2705 <strong data-start=\"382\" data-end=\"411\">Perfekt for alle niv\u00e5er<\/strong> - Enten du er nybegynner, viderekommen eller profesjonell, kan du forbedre spillet ditt.<br data-start=\"487\" data-end=\"490\">\u2705 <strong data-start=\"492\" data-end=\"523\">\u00d8k motivasjonen og engasjementet<\/strong> - Gj\u00f8r treningen morsom og utfordrende med gamification.<br data-start=\"578\" data-end=\"581\">\u2705 <strong data-start=\"583\" data-end=\"612\">B\u00e6rbar og enkel<\/strong> \u00e5 sette opp - Lett design som krever minimal innsats for \u00e5 sette opp.<\/p>\n","protected":false},"excerpt":{"rendered":"<p>Opplev padel- og tennistrening p\u00e5 en helt ny m\u00e5te.Anbefalt av de beste. \u2705 Mestre presisjon og kontroll - Forbedre n\u00f8yaktigheten og f\u00e5 mer stabile slag.\u2705 \u00d8k reaksjonshastigheten - Tren opp refleksene dine til \u00e5 h\u00e5ndtere spill i h\u00f8yt tempo.\u2705 Bli en komplett spiller - Perfeksjoner ethvert slag gjennom repetisjon.\u2705 Perfekt for alle niv\u00e5er - Enten [&hellip;]<\/p>\n","protected":false},"featured_media":96859,"comment_status":"closed","ping_status":"closed","template":"","meta":{"_acf_changed":false},"product_brand":[],"product_cat":[2221,1937,1945,2940],"product_tag":[2939],"class_list":{"0":"post-96874","1":"product","2":"type-product","3":"status-publish","4":"has-post-thumbnail","6":"product_cat-annet-treningsutstyr","7":"product_cat-merkevarer","8":"product_cat-treningsutstyr","9":"product_cat-voon-no","10":"product_tag-voon-no","12":"first","13":"instock","14":"taxable","15":"shipping-taxable","16":"purchasable","17":"product-type-simple"},"acf":[],"_links":{"self":[{"href":"https:\/\/fysiolab.dk\/no\/wp-json\/wp\/v2\/product\/96874","targetHints":{"allow":["GET"]}}],"collection":[{"href":"https:\/\/fysiolab.dk\/no\/wp-json\/wp\/v2\/product"}],"about":[{"href":"https:\/\/fysiolab.dk\/no\/wp-json\/wp\/v2\/types\/product"}],"replies":[{"embeddable":true,"href":"https:\/\/fysiolab.dk\/no\/wp-json\/wp\/v2\/comments?post=96874"}],"wp:featuredmedia":[{"embeddable":true,"href":"https:\/\/fysiolab.dk\/no\/wp-json\/wp\/v2\/media\/96859"}],"wp:attachment":[{"href":"https:\/\/fysiolab.dk\/no\/wp-json\/wp\/v2\/media?parent=96874"}],"wp:term":[{"taxonomy":"product_brand","embeddable":true,"href":"https:\/\/fysiolab.dk\/no\/wp-json\/wp\/v2\/product_brand?post=96874"},{"taxonomy":"product_cat","embeddable":true,"href":"https:\/\/fysiolab.dk\/no\/wp-json\/wp\/v2\/product_cat?post=96874"},{"taxonomy":"product_tag","embeddable":true,"href":"https:\/\/fysiolab.dk\/no\/wp-json\/wp\/v2\/product_tag?post=96874"}],"curies":[{"name":"wp","href":"https:\/\/api.w.org\/{rel}","templated":true}]}}