{"id":96901,"date":"2025-09-27T23:53:39","date_gmt":"2025-09-27T21:53:39","guid":{"rendered":"https:\/\/fysiolab.dk\/product\/liiteguard-hydro-tech-loepejakke-dame\/"},"modified":"2025-12-18T09:20:14","modified_gmt":"2025-12-18T08:20:14","slug":"liiteguard-hydro-tech-loepejakke-dame","status":"publish","type":"product","link":"https:\/\/fysiolab.dk\/no\/product\/liiteguard-hydro-tech-loepejakke-dame\/","title":{"rendered":"LiiteGuard Hydro-Tech l\u00f8pejakke (dame)"},"content":{"rendered":"<h3 data-start=\"0\" data-end=\"48\"><strong data-start=\"4\" data-end=\"46\">LiiteGuard Hydro-Tech l\u00f8pejakke (dame)<\/strong><\/h3>\n<p data-start=\"50\" data-end=\"386\">LiiteGuard Hydro-Tech Running Jacket for kvinner er designet for \u00e5 gi maksimal komfort, beskyttelse og bevegelsesfrihet - uansett v\u00e6r. Med sitt <strong data-start=\"193\" data-end=\"235\">tekniske, vind- og vanntette materiale<\/strong> (10 000 mm vanns\u00f8yletrykk) og en <strong data-start=\"268\" data-end=\"300\">pusteevne p\u00e5 10 000 g\/m\u00b2\/24 timer<\/strong> holder jakken deg t\u00f8rr, temperert og komfortabel p\u00e5 b\u00e5de korte og lange l\u00f8peturer. <\/p>\n<p data-start=\"388\" data-end=\"701\">Det lette og fleksible stoffet beveger seg naturlig med kroppen, og den <strong data-start=\"458\" data-end=\"486\">damespesifikke passformen<\/strong> s\u00f8rger for at jakken sitter godt uten \u00e5 stramme. <strong data-start=\"534\" data-end=\"550\">Teipede s\u00f8mmer<\/strong> og <strong data-start=\"554\" data-end=\"579\">vannavvisende glidel\u00e5ser<\/strong> beskytter mot gjennomtrengende regn, mens den <strong data-start=\"625\" data-end=\"644\">ventilerte ryggen<\/strong> s\u00f8rger for optimal temperaturregulering under trening.<\/p>\n<p data-start=\"703\" data-end=\"953\">Jakken har <strong data-start=\"729\" data-end=\"748\">justerbar hette<\/strong>, <strong data-start=\"750\" data-end=\"774\">elastiske mansjetter<\/strong> og <strong data-start=\"778\" data-end=\"804\">refleksdetaljer<\/strong> som holder deg komfortabel og synlig i m\u00f8rke omgivelser. En <strong data-start=\"865\" data-end=\"888\">praktisk brystlomme<\/strong> gir plass til sm\u00e5ting som n\u00f8kler, kort eller energigel. <\/p>\n<p data-start=\"955\" data-end=\"1171\">Hydro-Tech Running Jacket er laget for l\u00f8peren som ikke g\u00e5r p\u00e5 kompromiss med funksjonalitet, design eller kvalitet. Den gir deg selvtillit og bevegelsesfrihet, slik at du kan prestere optimalt under alle v\u00e6rforhold. <\/p>\n<p data-start=\"1173\" data-end=\"1224\"><strong data-start=\"1173\" data-end=\"1183\">Farge:<\/strong> Svart<br data-start=\"1188\" data-end=\"1191\"><strong data-start=\"1191\" data-end=\"1206\">St\u00f8rrelser:<\/strong> XS, S, M, L, XL<\/p>\n","protected":false},"excerpt":{"rendered":"<p><strong>LiiteGuard Hydro-Tech Running Jacket for kvinner kombinerer vanntett og pustende teknologi i en lett og fleksibel design. Perfekt for l\u00f8ping i all slags v\u00e6r - med teipede s\u00f8mmer, reflekser og en kvinnespesifikk passform for optimal komfort. <\/strong><\/p>\n","protected":false},"featured_media":96877,"comment_status":"closed","ping_status":"closed","template":"","meta":{"_acf_changed":false},"product_brand":[],"product_cat":[1966,1965,1968,1937],"product_tag":[1971],"class_list":{"0":"post-96901","1":"product","2":"type-product","3":"status-publish","4":"has-post-thumbnail","6":"product_cat-klaer","7":"product_cat-liiteguard-no","8":"product_cat-liiteguard-no-2","9":"product_cat-merkevarer","10":"product_tag-liiteguard-no","12":"first","13":"instock","14":"taxable","15":"shipping-taxable","16":"purchasable","17":"product-type-variable"},"acf":[],"_links":{"self":[{"href":"https:\/\/fysiolab.dk\/no\/wp-json\/wp\/v2\/product\/96901","targetHints":{"allow":["GET"]}}],"collection":[{"href":"https:\/\/fysiolab.dk\/no\/wp-json\/wp\/v2\/product"}],"about":[{"href":"https:\/\/fysiolab.dk\/no\/wp-json\/wp\/v2\/types\/product"}],"replies":[{"embeddable":true,"href":"https:\/\/fysiolab.dk\/no\/wp-json\/wp\/v2\/comments?post=96901"}],"wp:featuredmedia":[{"embeddable":true,"href":"https:\/\/fysiolab.dk\/no\/wp-json\/wp\/v2\/media\/96877"}],"wp:attachment":[{"href":"https:\/\/fysiolab.dk\/no\/wp-json\/wp\/v2\/media?parent=96901"}],"wp:term":[{"taxonomy":"product_brand","embeddable":true,"href":"https:\/\/fysiolab.dk\/no\/wp-json\/wp\/v2\/product_brand?post=96901"},{"taxonomy":"product_cat","embeddable":true,"href":"https:\/\/fysiolab.dk\/no\/wp-json\/wp\/v2\/product_cat?post=96901"},{"taxonomy":"product_tag","embeddable":true,"href":"https:\/\/fysiolab.dk\/no\/wp-json\/wp\/v2\/product_tag?post=96901"}],"curies":[{"name":"wp","href":"https:\/\/api.w.org\/{rel}","templated":true}]}}