{"id":96908,"date":"2025-09-28T00:33:09","date_gmt":"2025-09-27T22:33:09","guid":{"rendered":"https:\/\/fysiolab.dk\/?post_type=product&#038;p=96908"},"modified":"2025-12-18T09:20:13","modified_gmt":"2025-12-18T08:20:13","slug":"veinax-stoettestroemper-menn","status":"publish","type":"product","link":"https:\/\/fysiolab.dk\/no\/product\/veinax-stoettestroemper-menn\/","title":{"rendered":"Veinax st\u00f8ttestr\u00f8mper - Menn"},"content":{"rendered":"<h3 data-start=\"209\" data-end=\"267\">\ud83e\udde6 <strong data-start=\"216\" data-end=\"265\">St\u00f8rrelsesguide - Sokker (menn)<\/strong><\/h3>\n<p data-start=\"268\" data-end=\"285\"><strong data-start=\"268\" data-end=\"285\">Alle m\u00e5l i cm<\/strong><\/p>\n<div class=\"_tableContainer_1rjym_1\">\n<div class=\"group _tableWrapper_1rjym_13 flex w-fit flex-col-reverse\" tabindex=\"-1\">\n<table class=\"w-fit min-w-(--thread-content-width)\" data-start=\"287\" data-end=\"980\">\n<thead data-start=\"287\" data-end=\"372\">\n<tr data-start=\"287\" data-end=\"372\">\n<th data-start=\"287\" data-end=\"303\" data-col-size=\"sm\"><strong data-start=\"289\" data-end=\"302\">St\u00f8rrelse<\/strong><\/th>\n<th data-start=\"303\" data-end=\"319\" data-col-size=\"sm\"><strong data-start=\"305\" data-end=\"318\">A - Ankel<\/strong><\/th>\n<th data-start=\"319\" data-end=\"333\" data-col-size=\"sm\"><strong data-start=\"321\" data-end=\"332\">B - Legg<\/strong><\/th>\n<th data-start=\"333\" data-end=\"347\" data-col-size=\"sm\"><strong data-start=\"335\" data-end=\"346\">C - L\u00e5r<\/strong><\/th>\n<th data-start=\"347\" data-end=\"372\" data-col-size=\"sm\"><strong data-start=\"349\" data-end=\"370\">D - Sokkelengde<\/strong><\/th>\n<\/tr>\n<\/thead>\n<tbody data-start=\"466\" data-end=\"980\">\n<tr data-start=\"466\" data-end=\"568\">\n<td data-start=\"466\" data-end=\"482\" data-col-size=\"sm\">1<\/td>\n<td data-start=\"482\" data-end=\"499\" data-col-size=\"sm\">19-21 cm<\/td>\n<td data-start=\"499\" data-end=\"515\" data-col-size=\"sm\">32-36 cm<\/td>\n<td data-start=\"515\" data-end=\"532\" data-col-size=\"sm\">50-60 cm<\/td>\n<td data-start=\"532\" data-end=\"568\" data-col-size=\"sm\">Normal: &lt; 40 cm<br \/>\nLang: &gt; 40 cm<\/td>\n<\/tr>\n<tr data-start=\"569\" data-end=\"671\">\n<td data-start=\"569\" data-end=\"585\" data-col-size=\"sm\">2<\/td>\n<td data-start=\"585\" data-end=\"602\" data-col-size=\"sm\">21-24 cm<\/td>\n<td data-start=\"602\" data-end=\"618\" data-col-size=\"sm\">36-40 cm<\/td>\n<td data-start=\"618\" data-end=\"635\" data-col-size=\"sm\">53-63 cm<\/td>\n<td data-start=\"635\" data-end=\"671\" data-col-size=\"sm\">Normal: &lt; 40 cm<br \/>\nLang: &gt; 40 cm<\/td>\n<\/tr>\n<tr data-start=\"672\" data-end=\"774\">\n<td data-start=\"672\" data-end=\"688\" data-col-size=\"sm\">3<\/td>\n<td data-start=\"688\" data-end=\"705\" data-col-size=\"sm\">24-27 cm<\/td>\n<td data-start=\"705\" data-end=\"721\" data-col-size=\"sm\">40-44 cm<\/td>\n<td data-start=\"721\" data-end=\"738\" data-col-size=\"sm\">56-66 cm<\/td>\n<td data-start=\"738\" data-end=\"774\" data-col-size=\"sm\">Normal: &lt; 40 cm<br \/>\nLang: &gt; 40 cm<\/td>\n<\/tr>\n<tr data-start=\"775\" data-end=\"877\">\n<td data-start=\"775\" data-end=\"791\" data-col-size=\"sm\">4<\/td>\n<td data-start=\"791\" data-end=\"808\" data-col-size=\"sm\">27-30 cm<\/td>\n<td data-start=\"808\" data-end=\"824\" data-col-size=\"sm\">44-48 cm<\/td>\n<td data-start=\"824\" data-end=\"841\" data-col-size=\"sm\">59-69 cm<\/td>\n<td data-start=\"841\" data-end=\"877\" data-col-size=\"sm\">Normal: &lt; 40 cm<br \/>\nLang: &gt; 40 cm<\/td>\n<\/tr>\n<tr data-start=\"878\" data-end=\"980\">\n<td data-start=\"878\" data-end=\"894\" data-col-size=\"sm\">5<\/td>\n<td data-start=\"894\" data-end=\"911\" data-col-size=\"sm\">30-33 cm<\/td>\n<td data-start=\"911\" data-end=\"927\" data-col-size=\"sm\">48-52 cm<\/td>\n<td data-start=\"927\" data-end=\"944\" data-col-size=\"sm\">65-75 cm<\/td>\n<td data-start=\"944\" data-end=\"980\" data-col-size=\"sm\">Normal: &lt; 40 cm<br \/>\nLang: &gt; 40 cm<\/td>\n<\/tr>\n<\/tbody>\n<\/table>\n<\/div>\n<\/div>\n<hr data-start=\"982\" data-end=\"985\">\n<h3 data-start=\"987\" data-end=\"1015\">\ud83d\udccf <strong data-start=\"994\" data-end=\"1015\">M\u00e5leveiledning<\/strong><\/h3>\n<ul data-start=\"1016\" data-end=\"1306\">\n<li data-start=\"1016\" data-end=\"1063\">\n<p data-start=\"1018\" data-end=\"1063\"><strong data-start=\"1018\" data-end=\"1032\">A - Ankel:<\/strong> Omkrets rett over ankelbenet<\/p>\n<\/li>\n<li data-start=\"1064\" data-end=\"1116\">\n<p data-start=\"1066\" data-end=\"1116\"><strong data-start=\"1066\" data-end=\"1078\">B - Legg:<\/strong> Omkrets av den bredeste delen av leggen<\/p>\n<\/li>\n<li data-start=\"1117\" data-end=\"1175\">\n<p data-start=\"1119\" data-end=\"1175\"><strong data-start=\"1119\" data-end=\"1131\">C - L\u00e5r:<\/strong> Omkrets p\u00e5 det bredeste punktet \u00f8verst p\u00e5 l\u00e5ret<\/p>\n<\/li>\n<li data-start=\"1176\" data-end=\"1306\">\n<p data-start=\"1178\" data-end=\"1251\"><strong data-start=\"1178\" data-end=\"1200\">D - Sokkelens lengde:<\/strong> M\u00e5lt fra gulvet til \u00f8nsket endepunkt p\u00e5 benet<\/p>\n<ul data-start=\"1254\" data-end=\"1306\">\n<li data-start=\"1254\" data-end=\"1281\">\n<p data-start=\"1256\" data-end=\"1281\"><strong data-start=\"1256\" data-end=\"1267\">Normal:<\/strong> Under 40 cm<\/p>\n<\/li>\n<li data-start=\"1284\" data-end=\"1306\">\n<p data-start=\"1286\" data-end=\"1306\"><strong data-start=\"1286\" data-end=\"1295\">Lang:<\/strong> Over 40 cm<\/p>\n<\/li>\n<\/ul>\n<\/li>\n<\/ul>\n","protected":false},"excerpt":{"rendered":"<p>\ud83e\udde6 St\u00f8rrelsesguide - Sokker (menn) Alle m\u00e5l i cm St\u00f8rrelse A - Ankel B - Legg C - L\u00e5r D - Sokkelengde 1 19-21 cm 32-36 cm 50-60 cm Normal: &lt; 40 cm Lang: &gt; 40 cm 2 21-24 cm 36-40 cm 53-63 cm Normal: &lt; 40 cm Lang: &gt; 40 cm 3 24-27 cm [&hellip;]<\/p>\n","protected":false},"featured_media":0,"comment_status":"closed","ping_status":"closed","template":"","meta":{"_acf_changed":false},"product_brand":[],"product_cat":[],"product_tag":[],"class_list":{"0":"post-96908","1":"product","2":"type-product","3":"status-publish","6":"first","7":"instock","8":"taxable","9":"shipping-taxable","10":"product-type-simple"},"acf":[],"_links":{"self":[{"href":"https:\/\/fysiolab.dk\/no\/wp-json\/wp\/v2\/product\/96908","targetHints":{"allow":["GET"]}}],"collection":[{"href":"https:\/\/fysiolab.dk\/no\/wp-json\/wp\/v2\/product"}],"about":[{"href":"https:\/\/fysiolab.dk\/no\/wp-json\/wp\/v2\/types\/product"}],"replies":[{"embeddable":true,"href":"https:\/\/fysiolab.dk\/no\/wp-json\/wp\/v2\/comments?post=96908"}],"wp:attachment":[{"href":"https:\/\/fysiolab.dk\/no\/wp-json\/wp\/v2\/media?parent=96908"}],"wp:term":[{"taxonomy":"product_brand","embeddable":true,"href":"https:\/\/fysiolab.dk\/no\/wp-json\/wp\/v2\/product_brand?post=96908"},{"taxonomy":"product_cat","embeddable":true,"href":"https:\/\/fysiolab.dk\/no\/wp-json\/wp\/v2\/product_cat?post=96908"},{"taxonomy":"product_tag","embeddable":true,"href":"https:\/\/fysiolab.dk\/no\/wp-json\/wp\/v2\/product_tag?post=96908"}],"curies":[{"name":"wp","href":"https:\/\/api.w.org\/{rel}","templated":true}]}}