{"id":96912,"date":"2025-09-28T11:22:27","date_gmt":"2025-09-28T09:22:27","guid":{"rendered":"https:\/\/fysiolab.dk\/product\/maxxdry-heavy-duty-stoevle-sko-og-hansketoerker\/"},"modified":"2025-12-18T09:20:13","modified_gmt":"2025-12-18T08:20:13","slug":"maxxdry-heavy-duty-stoevle-sko-og-hansketoerker","status":"publish","type":"product","link":"https:\/\/fysiolab.dk\/no\/product\/maxxdry-heavy-duty-stoevle-sko-og-hansketoerker\/","title":{"rendered":"Maxxdry Heavy duty - St\u00f8vle-, sko- og hansket\u00f8rker"},"content":{"rendered":"<p data-start=\"146\" data-end=\"541\"><strong data-start=\"146\" data-end=\"189\">MaxxDry<\/strong> er en rask og effektiv t\u00f8rkeanordning for arbeidshansker, arbeidsst\u00f8vler og arbeidssko som t\u00f8rker produktene dine p\u00e5 <strong data-start=\"305\" data-end=\"322\">mindre enn en time<\/strong> etter at de er blitt v\u00e5te. Det er den perfekte l\u00f8sningen for alle som jobber utend\u00f8rs eller i fuktige omgivelser, og som \u00f8nsker \u00e5 <strong data-start=\"454\" data-end=\"476\">forlenge hanskenes levetid<\/strong> ved \u00e5 forhindre lukt og materialforringelse. <\/p>\n<hr data-start=\"543\" data-end=\"546\">\n<h3 data-start=\"548\" data-end=\"585\">\ud83d\udce6 <strong data-start=\"555\" data-end=\"583\">Hva er inkludert i pakken?<\/strong><\/h3>\n<p data-start=\"586\" data-end=\"606\">Ved kj\u00f8p vil du motta:<\/p>\n<ul data-start=\"608\" data-end=\"743\">\n<li data-start=\"608\" data-end=\"649\">\n<p data-start=\"610\" data-end=\"649\">1 x MaxxDry Heavy Duty-t\u00f8rkeapparat<\/p>\n<\/li>\n<li data-start=\"650\" data-end=\"688\">\n<p data-start=\"652\" data-end=\"688\">2 x 40 cm avtakbare forlengelsesr\u00f8r<\/p>\n<\/li>\n<li data-start=\"689\" data-end=\"720\">\n<p data-start=\"691\" data-end=\"720\">1 x 1,8 meter str\u00f8mkabel<\/p>\n<\/li>\n<li data-start=\"721\" data-end=\"743\">\n<p data-start=\"723\" data-end=\"743\">1 x Ett \u00e5rs garanti<\/p>\n<\/li>\n<\/ul>\n<hr data-start=\"745\" data-end=\"748\">\n<h3 data-start=\"750\" data-end=\"794\">\u2753 <strong data-start=\"756\" data-end=\"792\">Hva er MaxxDry hansket\u00f8rker<\/strong>?<\/h3>\n<p data-start=\"795\" data-end=\"943\">MaxxDry-t\u00f8rketrommelen har to utl\u00f8p der du kan plassere <strong data-start=\"846\" data-end=\"884\">to par hansker, st\u00f8vler eller sko.<\/strong> Den varmer opp og t\u00f8rker innsiden raskt og effektivt. <\/p>\n<ul data-start=\"944\" data-end=\"1135\">\n<li data-start=\"944\" data-end=\"994\">\n<p data-start=\"946\" data-end=\"994\">Varmeelementet varmer opp luften til <strong data-start=\"981\" data-end=\"992\">40,5 \u00b0C<\/strong><\/p>\n<\/li>\n<li data-start=\"995\" data-end=\"1051\">\n<p data-start=\"997\" data-end=\"1051\">En innvendig vifte bl\u00e5ser varm luft inn i fott\u00f8yet<\/p>\n<\/li>\n<li data-start=\"1052\" data-end=\"1135\">\n<p data-start=\"1054\" data-end=\"1135\">Den sirkulerende luften reduserer <strong data-start=\"1085\" data-end=\"1135\">fuktighet og forhindrer mugg og d\u00e5rlig lukt<\/strong><\/p>\n<\/li>\n<\/ul>\n<hr data-start=\"1137\" data-end=\"1140\">\n<h3 data-start=\"1142\" data-end=\"1208\">\u2699\ufe0f <strong data-start=\"1149\" data-end=\"1208\">Slik bruker du MaxxDry hanske-, st\u00f8vle- og skot\u00f8rker<\/strong><\/h3>\n<ol data-start=\"1210\" data-end=\"1678\">\n<li data-start=\"1210\" data-end=\"1286\">\n<p data-start=\"1213\" data-end=\"1286\">Vurder om du trenger forlengelsesr\u00f8r til hanskene eller skoene dine<\/p>\n<\/li>\n<li data-start=\"1287\" data-end=\"1351\">\n<p data-start=\"1290\" data-end=\"1351\">Hvis ja, fest forlengelsesr\u00f8rene til de \u00f8nskede ventilasjonsr\u00f8rene<\/p>\n<\/li>\n<li data-start=\"1352\" data-end=\"1429\">\n<p data-start=\"1355\" data-end=\"1429\">Plasser opptil <strong data-start=\"1369\" data-end=\"1387\">fire gjenstander<\/strong> (to par) med forsiden ned p\u00e5 uttakene<\/p>\n<\/li>\n<li data-start=\"1430\" data-end=\"1467\">\n<p data-start=\"1433\" data-end=\"1467\">Sl\u00e5 p\u00e5 <strong data-start=\"1442\" data-end=\"1465\">vifte og varme<\/strong><\/p>\n<\/li>\n<li data-start=\"1468\" data-end=\"1522\">\n<p data-start=\"1471\" data-end=\"1522\">Kom tilbake etter en time og kontroller t\u00f8rkingen<\/p>\n<\/li>\n<li data-start=\"1523\" data-end=\"1574\">\n<p data-start=\"1526\" data-end=\"1574\">Er hanskene\/skoene t\u00f8rre? Sl\u00e5 av og ta dem av <\/p>\n<\/li>\n<li data-start=\"1575\" data-end=\"1678\">\n<p data-start=\"1578\" data-end=\"1678\">Er de fortsatt fuktige? La dem st\u00e5 p\u00e5 - varmen sl\u00e5r seg automatisk av etter <strong data-start=\"1651\" data-end=\"1662\">3 timer<\/strong> for sikkerhets skyld <\/p>\n<\/li>\n<\/ol>\n<hr data-start=\"1680\" data-end=\"1683\">\n<h3 data-start=\"1685\" data-end=\"1729\">\ud83d\udc55 <strong data-start=\"1692\" data-end=\"1727\">Kan jeg t\u00f8rke \u00f8mfintlige materialer?<\/strong><\/h3>\n<p data-start=\"1730\" data-end=\"1813\">Ja! Du kan bruke t\u00f8rketrommelen p\u00e5 \u00f8mfintlige materialer ved \u00e5 velge innstillinger: <\/p>\n<ul data-start=\"1814\" data-end=\"1856\">\n<li data-start=\"1814\" data-end=\"1834\">\n<p data-start=\"1816\" data-end=\"1834\"><strong data-start=\"1816\" data-end=\"1832\">\"Mild varme\"<\/strong><\/p>\n<\/li>\n<li data-start=\"1835\" data-end=\"1856\">\n<p data-start=\"1837\" data-end=\"1856\"><strong data-start=\"1837\" data-end=\"1854\">\"Ingen varme\"<\/strong><\/p>\n<\/li>\n<\/ul>\n<p data-start=\"1858\" data-end=\"1871\">Egnet for:<\/p>\n<ul data-start=\"1873\" data-end=\"2019\">\n<li data-start=\"1873\" data-end=\"1884\">\n<p data-start=\"1875\" data-end=\"1884\">Neopren<\/p>\n<\/li>\n<li data-start=\"1885\" data-end=\"1898\">\n<p data-start=\"1887\" data-end=\"1898\">Polyester<\/p>\n<\/li>\n<li data-start=\"1899\" data-end=\"1913\">\n<p data-start=\"1901\" data-end=\"1913\">Mikrofiber<\/p>\n<\/li>\n<li data-start=\"1914\" data-end=\"1929\">\n<p data-start=\"1916\" data-end=\"1929\">Vevd nylon<\/p>\n<\/li>\n<li data-start=\"1930\" data-end=\"1944\">\n<p data-start=\"1932\" data-end=\"1944\">Fint skinn<\/p>\n<\/li>\n<li data-start=\"1945\" data-end=\"1955\">\n<p data-start=\"1947\" data-end=\"1955\">Lerret<\/p>\n<\/li>\n<li data-start=\"1956\" data-end=\"1965\">\n<p data-start=\"1958\" data-end=\"1965\">Vinyl<\/p>\n<\/li>\n<li data-start=\"1966\" data-end=\"1975\">\n<p data-start=\"1968\" data-end=\"1975\">Gummi<\/p>\n<\/li>\n<li data-start=\"1976\" data-end=\"1987\">\n<p data-start=\"1978\" data-end=\"1987\">Plast<\/p>\n<\/li>\n<li data-start=\"1988\" data-end=\"2019\">\n<p data-start=\"1990\" data-end=\"2019\">Andre syntetiske materialer<\/p>\n<\/li>\n<\/ul>\n<hr data-start=\"2021\" data-end=\"2024\">\n<h3 data-start=\"2026\" data-end=\"2068\">\ud83e\udde4 <strong data-start=\"2033\" data-end=\"2066\">Hva kan jeg t\u00f8rke i enheten?<\/strong><\/h3>\n<p data-start=\"2069\" data-end=\"2248\">Du kan t\u00f8rke <strong data-start=\"2082\" data-end=\"2112\">alle typer arbeidshansker<\/strong> - fra tunge vinterhansker til tynne innerhansker.<br data-start=\"2164\" data-end=\"2167\">Hvis du ikke t\u00f8rker st\u00f8vler eller sko, kan du t\u00f8rke <strong data-start=\"2219\" data-end=\"2247\">to par hansker samtidig<\/strong>.<\/p>\n<hr data-start=\"2250\" data-end=\"2253\">\n<h3 data-start=\"2255\" data-end=\"2317\">\u23f1\ufe0f <strong data-start=\"2262\" data-end=\"2315\">Hvor lang tid tar det \u00e5 t\u00f8rke arbeidshansker?<\/strong><\/h3>\n<p data-start=\"2318\" data-end=\"2343\">Typisk  <strong data-start=\"2325\" data-end=\"2340\">Omtrent \u00e9n time <\/strong>.<\/p>\n<ul data-start=\"2344\" data-end=\"2521\">\n<li data-start=\"2344\" data-end=\"2394\">\n<p data-start=\"2346\" data-end=\"2394\">Tynne eller lett fuktige hansker \u2192 kortere tid<\/p>\n<\/li>\n<li data-start=\"2395\" data-end=\"2444\">\n<p data-start=\"2397\" data-end=\"2444\">Tykke eller veldig v\u00e5te hansker \u2192 lengre tid<\/p>\n<\/li>\n<li data-start=\"2445\" data-end=\"2521\">\n<p data-start=\"2447\" data-end=\"2521\">Uansett sl\u00e5r enheten seg <strong data-start=\"2475\" data-end=\"2503\">automatisk av etter 3 timer<\/strong> for din egen sikkerhet<\/p>\n<\/li>\n<\/ul>\n<hr data-start=\"2523\" data-end=\"2526\">\n<h3 data-start=\"2528\" data-end=\"2565\"><strong data-start=\"2534\" data-end=\"2563\">\u2757\ufe0fSkader er det hanskene mine?<\/strong><\/h3>\n<p data-start=\"2566\" data-end=\"2623\">Nei - MaxxDry er trygt for \u00f8mfintlige <strong data-start=\"2594\" data-end=\"2614\">materialer<\/strong>, da det:<\/p>\n<ul data-start=\"2625\" data-end=\"2786\">\n<li data-start=\"2625\" data-end=\"2647\">\n<p data-start=\"2627\" data-end=\"2647\">Krymper ikke kl\u00e6rne<\/p>\n<\/li>\n<li data-start=\"2648\" data-end=\"2683\">\n<p data-start=\"2650\" data-end=\"2683\">Ikke skad spesialforinger<\/p>\n<\/li>\n<li data-start=\"2684\" data-end=\"2724\">\n<p data-start=\"2686\" data-end=\"2724\">Har en <strong data-start=\"2693\" data-end=\"2713\">\"bare vifte\"<\/strong>-funksjon<\/p>\n<\/li>\n<li data-start=\"2725\" data-end=\"2786\">\n<p data-start=\"2727\" data-end=\"2786\"><strong data-start=\"2727\" data-end=\"2760\">Forhindrer bakterier og sopp<\/strong> som bryter ned materialer<\/p>\n<\/li>\n<\/ul>\n<hr data-start=\"2788\" data-end=\"2791\">\n<h3 data-start=\"2793\" data-end=\"2822\">\ud83d\udd11 <strong data-start=\"2800\" data-end=\"2822\">Viktige egenskaper<\/strong><\/h3>\n<ul data-start=\"2824\" data-end=\"3102\">\n<li data-start=\"2824\" data-end=\"2871\">\n<p data-start=\"2826\" data-end=\"2871\">Holder luften i bevegelse for \u00e5 unng\u00e5 lukt<\/p>\n<\/li>\n<li data-start=\"2872\" data-end=\"2918\">\n<p data-start=\"2874\" data-end=\"2918\">Plass til <strong data-start=\"2884\" data-end=\"2897\">flere par<\/strong> hansker eller sko<\/p>\n<\/li>\n<li data-start=\"2919\" data-end=\"2972\">\n<p data-start=\"2921\" data-end=\"2972\">Jevn luftsirkulasjon - t\u00f8rker hele gjenstanden<\/p>\n<\/li>\n<li data-start=\"2973\" data-end=\"3014\">\n<p data-start=\"2975\" data-end=\"3014\"><strong data-start=\"2975\" data-end=\"3012\">Automatisk utkobling etter 3 timer<\/strong><\/p>\n<\/li>\n<li data-start=\"3015\" data-end=\"3071\">\n<p data-start=\"3017\" data-end=\"3071\"><strong data-start=\"3017\" data-end=\"3041\">1,8 meter str\u00f8mkabel<\/strong> - for fleksibel plassering<\/p>\n<\/li>\n<li data-start=\"3072\" data-end=\"3102\">\n<p data-start=\"3074\" data-end=\"3102\">T\u00f8rketemperatur: <strong data-start=\"3091\" data-end=\"3102\">40,5 \u00b0C<\/strong><\/p>\n<\/li>\n<\/ul>\n<hr data-start=\"3104\" data-end=\"3107\">\n<h3 data-start=\"3109\" data-end=\"3135\">\ud83d\udcd0 <strong data-start=\"3116\" data-end=\"3135\">Spesifikasjoner<\/strong><\/h3>\n<ul data-start=\"3137\" data-end=\"3217\">\n<li data-start=\"3137\" data-end=\"3195\">\n<p data-start=\"3139\" data-end=\"3195\"><strong data-start=\"3139\" data-end=\"3159\">M\u00e5l (D x H x B):<\/strong> 30 x 43 x 38 cm (12&#8243; x 17&#8243; x 15&#8243;)<\/p>\n<\/li>\n<li data-start=\"3196\" data-end=\"3217\">\n<p data-start=\"3198\" data-end=\"3217\"><strong data-start=\"3198\" data-end=\"3210\">Garanti:<\/strong> 1 \u00e5r<\/p>\n<\/li>\n<\/ul>\n","protected":false},"excerpt":{"rendered":"<p data-start=\"38\" data-end=\"87\"><strong data-start=\"38\" data-end=\"85\">T\u00f8rkeanordning for hansker, sko og st\u00f8vler<\/strong><\/p>\n<ul data-start=\"88\" data-end=\"295\">\n<li data-start=\"88\" data-end=\"148\">\n<p data-start=\"90\" data-end=\"148\">T\u00f8rker v\u00e5te arbeidshansker i l\u00f8pet av en time etter bruk<\/p>\n<\/li>\n<li data-start=\"149\" data-end=\"211\">\n<p data-start=\"151\" data-end=\"211\">Perfekt l\u00f8sning for bruk p\u00e5 arbeidsplassen eller hjemme<\/p>\n<\/li>\n<li data-start=\"212\" data-end=\"295\">\n<p data-start=\"214\" data-end=\"295\">Sk\u00e5nsom mot hansker - krymper eller skader dem ikke, uansett hvor \u00f8mfintlige de er<\/p>\n<\/li>\n<\/ul>\n","protected":false},"featured_media":96914,"comment_status":"closed","ping_status":"closed","template":"","meta":{"_acf_changed":false},"product_brand":[],"product_cat":[2950,1937],"product_tag":[2948],"class_list":{"0":"post-96912","1":"product","2":"type-product","3":"status-publish","4":"has-post-thumbnail","6":"product_cat-maxxdry-no","7":"product_cat-merkevarer","8":"product_tag-maxxdry-no","10":"first","11":"instock","12":"taxable","13":"shipping-taxable","14":"purchasable","15":"product-type-simple"},"acf":[],"_links":{"self":[{"href":"https:\/\/fysiolab.dk\/no\/wp-json\/wp\/v2\/product\/96912","targetHints":{"allow":["GET"]}}],"collection":[{"href":"https:\/\/fysiolab.dk\/no\/wp-json\/wp\/v2\/product"}],"about":[{"href":"https:\/\/fysiolab.dk\/no\/wp-json\/wp\/v2\/types\/product"}],"replies":[{"embeddable":true,"href":"https:\/\/fysiolab.dk\/no\/wp-json\/wp\/v2\/comments?post=96912"}],"wp:featuredmedia":[{"embeddable":true,"href":"https:\/\/fysiolab.dk\/no\/wp-json\/wp\/v2\/media\/96914"}],"wp:attachment":[{"href":"https:\/\/fysiolab.dk\/no\/wp-json\/wp\/v2\/media?parent=96912"}],"wp:term":[{"taxonomy":"product_brand","embeddable":true,"href":"https:\/\/fysiolab.dk\/no\/wp-json\/wp\/v2\/product_brand?post=96912"},{"taxonomy":"product_cat","embeddable":true,"href":"https:\/\/fysiolab.dk\/no\/wp-json\/wp\/v2\/product_cat?post=96912"},{"taxonomy":"product_tag","embeddable":true,"href":"https:\/\/fysiolab.dk\/no\/wp-json\/wp\/v2\/product_tag?post=96912"}],"curies":[{"name":"wp","href":"https:\/\/api.w.org\/{rel}","templated":true}]}}