{"id":96924,"date":"2025-09-28T22:20:40","date_gmt":"2025-09-28T20:20:40","guid":{"rendered":"https:\/\/fysiolab.dk\/product\/aircast-podalib-hook\/"},"modified":"2025-12-18T09:20:13","modified_gmt":"2025-12-18T08:20:13","slug":"aircast-podalib-hook","status":"publish","type":"product","link":"https:\/\/fysiolab.dk\/no\/product\/aircast-podalib-hook\/","title":{"rendered":"AirCast Podalib Hook"},"content":{"rendered":"<h3 data-start=\"110\" data-end=\"155\">AirCast PodaLib Hook - erstatningsstropp<\/h3>\n<p data-start=\"156\" data-end=\"374\">AirCast PodaLib Hook er den originale stroppen som forbinder ankelmansjetten med fotmansjetten i PodaLib-systemet. Stroppen er en viktig del av ortosens funksjon, ettersom den s\u00f8rger for et dynamisk l\u00f8ft av foten n\u00e5r du g\u00e5r. <\/p>\n<p data-start=\"376\" data-end=\"596\">Denne reservedelen er ideell som erstatning hvis den originale stroppen slites ut, eller som et ekstra sett slik at du alltid har en l\u00f8sning for h\u00e5nden. Den er enkel \u00e5 montere og justere, og passer til alle st\u00f8rrelser av AirCast PodaLib. <\/p>\n<p data-start=\"598\" data-end=\"612\"><strong data-start=\"598\" data-end=\"610\">Fordeler:<\/strong><\/p>\n<ul data-start=\"613\" data-end=\"790\">\n<li data-start=\"613\" data-end=\"655\">\n<p data-start=\"615\" data-end=\"655\">Originaltilbeh\u00f8r for AirCast PodaLib<\/p>\n<\/li>\n<li data-start=\"656\" data-end=\"690\">\n<p data-start=\"658\" data-end=\"690\">Kobler sammen ankel- og fotmansjett<\/p>\n<\/li>\n<li data-start=\"691\" data-end=\"741\">\n<p data-start=\"693\" data-end=\"741\">Opprettholder riktig l\u00f8ft og funksjon under drop-foot<\/p>\n<\/li>\n<li data-start=\"742\" data-end=\"768\">\n<p data-start=\"744\" data-end=\"768\">Slitesterk og justerbar<\/p>\n<\/li>\n<li data-start=\"769\" data-end=\"790\">\n<p data-start=\"771\" data-end=\"790\">Leveres individuelt<\/p>\n<\/li>\n<\/ul>\n<p data-start=\"792\" data-end=\"906\">Med AirCast PodaLib Hook kan du forlenge levetiden til ortosen din og sikre at den fungerer optimalt i hverdagen.<\/p>\n","protected":false},"excerpt":{"rendered":"<p><strong>AirCast PodaLib Hook er den originale stroppen som forbinder ankelmansjetten med fotmansjetten i PodaLib-systemet. Stroppen er en viktig del av ortosens funksjon, ettersom den s\u00f8rger for et dynamisk l\u00f8ft av foten n\u00e5r du g\u00e5r. <\/strong><\/p>\n","protected":false},"featured_media":85916,"comment_status":"closed","ping_status":"closed","template":"","meta":{"_acf_changed":false},"product_brand":[],"product_cat":[2129,2282,2280,1937],"product_tag":[2614],"class_list":{"0":"post-96924","1":"product","2":"type-product","3":"status-publish","4":"has-post-thumbnail","6":"product_cat-aircast-no","7":"product_cat-aircast-stoette-for-dropfot","8":"product_cat-dropfotskinne","9":"product_cat-merkevarer","10":"product_tag-aircast-no","12":"first","13":"instock","14":"taxable","15":"shipping-taxable","16":"purchasable","17":"product-type-simple"},"acf":[],"_links":{"self":[{"href":"https:\/\/fysiolab.dk\/no\/wp-json\/wp\/v2\/product\/96924","targetHints":{"allow":["GET"]}}],"collection":[{"href":"https:\/\/fysiolab.dk\/no\/wp-json\/wp\/v2\/product"}],"about":[{"href":"https:\/\/fysiolab.dk\/no\/wp-json\/wp\/v2\/types\/product"}],"replies":[{"embeddable":true,"href":"https:\/\/fysiolab.dk\/no\/wp-json\/wp\/v2\/comments?post=96924"}],"wp:featuredmedia":[{"embeddable":true,"href":"https:\/\/fysiolab.dk\/no\/wp-json\/wp\/v2\/media\/85916"}],"wp:attachment":[{"href":"https:\/\/fysiolab.dk\/no\/wp-json\/wp\/v2\/media?parent=96924"}],"wp:term":[{"taxonomy":"product_brand","embeddable":true,"href":"https:\/\/fysiolab.dk\/no\/wp-json\/wp\/v2\/product_brand?post=96924"},{"taxonomy":"product_cat","embeddable":true,"href":"https:\/\/fysiolab.dk\/no\/wp-json\/wp\/v2\/product_cat?post=96924"},{"taxonomy":"product_tag","embeddable":true,"href":"https:\/\/fysiolab.dk\/no\/wp-json\/wp\/v2\/product_tag?post=96924"}],"curies":[{"name":"wp","href":"https:\/\/api.w.org\/{rel}","templated":true}]}}