{"id":96963,"date":"2025-09-29T11:16:12","date_gmt":"2025-09-29T09:16:12","guid":{"rendered":"https:\/\/fysiolab.dk\/product\/rockband-flex-set-med-3-treningsbaand\/"},"modified":"2025-12-18T09:20:13","modified_gmt":"2025-12-18T08:20:13","slug":"rockband-flex-set-med-3-treningsbaand","status":"publish","type":"product","link":"https:\/\/fysiolab.dk\/no\/product\/rockband-flex-set-med-3-treningsbaand\/","title":{"rendered":"RockBand Flex Set med 3 treningsb\u00e5nd"},"content":{"rendered":"<h3 data-start=\"68\" data-end=\"123\">RockBand Flex Set - 3 treningsb\u00e5nd i ett sett<\/h3>\n<p data-start=\"124\" data-end=\"417\">RockBand Flex er et komplett sett med tre allsidige treningsb\u00e5nd i ulike motstandsniv\u00e5er som gir deg mulighet til \u00e5 utf\u00f8re effektiv styrke-, bevegelighets- og rehabiliteringstrening. B\u00e5ndene er utviklet for idrettsut\u00f8vere, fysioterapi og hjemmetrening, med kvalitet og funksjonalitet i fokus. <\/p>\n<p data-start=\"419\" data-end=\"672\">De flate elastiske b\u00e5ndene kan brukes til alt fra dynamisk styrke- og stabilitetstrening til t\u00f8yning og mobilitet. Den unike overflaten gj\u00f8r dem behagelige \u00e5 jobbe med, og materialet er b\u00e5de slitesterkt og elastisk for \u00e5 t\u00e5le intensiv bruk. <\/p>\n<p data-start=\"674\" data-end=\"688\"><strong data-start=\"674\" data-end=\"686\">Fordeler:<\/strong><\/p>\n<ul data-start=\"689\" data-end=\"944\">\n<li data-start=\"689\" data-end=\"745\">\n<p data-start=\"691\" data-end=\"745\">Sett med 3 gummistrikk i forskjellige motstandsniv\u00e5er<\/p>\n<\/li>\n<li data-start=\"746\" data-end=\"808\">\n<p data-start=\"748\" data-end=\"808\">Egnet for styrke, stabilitet, mobilitet og rehabilitering<\/p>\n<\/li>\n<li data-start=\"809\" data-end=\"862\">\n<p data-start=\"811\" data-end=\"862\">Komfortabelt materiale som er sk\u00e5nsomt mot huden<\/p>\n<\/li>\n<li data-start=\"863\" data-end=\"912\">\n<p data-start=\"865\" data-end=\"912\">Kan brukes til b\u00e5de trening og rehabilitering<\/p>\n<\/li>\n<li data-start=\"913\" data-end=\"944\">\n<p data-start=\"915\" data-end=\"944\">Lett \u00e5 ta med seg p\u00e5 farten<\/p>\n<\/li>\n<\/ul>\n<h4 data-start=\"1020\" data-end=\"1044\">Motstandsniv\u00e5er<\/h4>\n<ul data-start=\"1045\" data-end=\"1194\">\n<li data-start=\"1045\" data-end=\"1092\">\n<p data-start=\"1047\" data-end=\"1092\"><strong data-start=\"1047\" data-end=\"1054\">Gr\u00e5<\/strong> - Lett motstand i trekkraft: <strong data-start=\"1078\" data-end=\"1090\">5,5-8 kg<\/strong><\/p>\n<\/li>\n<li data-start=\"1093\" data-end=\"1143\">\n<p data-start=\"1095\" data-end=\"1143\"><strong data-start=\"1095\" data-end=\"1103\">Svart<\/strong> - Middels motstand i trekkraft: <strong data-start=\"1130\" data-end=\"1141\">8-10 kg<\/strong><\/p>\n<\/li>\n<li data-start=\"1144\" data-end=\"1194\">\n<p data-start=\"1146\" data-end=\"1194\"><strong data-start=\"1146\" data-end=\"1153\">R\u00f8d<\/strong> - Hard motstand i trekk: <strong data-start=\"1178\" data-end=\"1192\">10-12,5 kg<\/strong><\/p>\n<\/li>\n<\/ul>\n<p data-start=\"1029\" data-end=\"1180\">Med RockBand Flex Set f\u00e5r du et fleksibelt og effektivt verkt\u00f8y for hele kroppen - uansett om du trener p\u00e5 treningssenteret, p\u00e5 klinikken eller hjemme.<\/p>\n","protected":false},"excerpt":{"rendered":"<p><strong>RockBand Flex er et komplett sett med tre allsidige treningsb\u00e5nd i ulike motstandsniv\u00e5er som gir deg mulighet til \u00e5 utf\u00f8re effektiv styrke-, bevegelighets- og rehabiliteringstrening. B\u00e5ndene er utviklet for idrettsut\u00f8vere, fysioterapi og hjemmetrening, med kvalitet og funksjonalitet i fokus. <\/strong><\/p>\n","protected":false},"featured_media":96962,"comment_status":"closed","ping_status":"closed","template":"","meta":{"_acf_changed":false},"product_brand":[],"product_cat":[1948,1937,2791,2215,2217,1945],"product_tag":[2792],"class_list":{"0":"post-96963","1":"product","2":"type-product","3":"status-publish","4":"has-post-thumbnail","6":"product_cat-klinikk","7":"product_cat-merkevarer","8":"product_cat-rocktape-no","9":"product_cat-treningsbaand","10":"product_cat-treningsbaand-no","11":"product_cat-treningsutstyr","12":"product_tag-rocktape-no","14":"first","15":"instock","16":"taxable","17":"shipping-taxable","18":"purchasable","19":"product-type-simple"},"acf":[],"_links":{"self":[{"href":"https:\/\/fysiolab.dk\/no\/wp-json\/wp\/v2\/product\/96963","targetHints":{"allow":["GET"]}}],"collection":[{"href":"https:\/\/fysiolab.dk\/no\/wp-json\/wp\/v2\/product"}],"about":[{"href":"https:\/\/fysiolab.dk\/no\/wp-json\/wp\/v2\/types\/product"}],"replies":[{"embeddable":true,"href":"https:\/\/fysiolab.dk\/no\/wp-json\/wp\/v2\/comments?post=96963"}],"wp:featuredmedia":[{"embeddable":true,"href":"https:\/\/fysiolab.dk\/no\/wp-json\/wp\/v2\/media\/96962"}],"wp:attachment":[{"href":"https:\/\/fysiolab.dk\/no\/wp-json\/wp\/v2\/media?parent=96963"}],"wp:term":[{"taxonomy":"product_brand","embeddable":true,"href":"https:\/\/fysiolab.dk\/no\/wp-json\/wp\/v2\/product_brand?post=96963"},{"taxonomy":"product_cat","embeddable":true,"href":"https:\/\/fysiolab.dk\/no\/wp-json\/wp\/v2\/product_cat?post=96963"},{"taxonomy":"product_tag","embeddable":true,"href":"https:\/\/fysiolab.dk\/no\/wp-json\/wp\/v2\/product_tag?post=96963"}],"curies":[{"name":"wp","href":"https:\/\/api.w.org\/{rel}","templated":true}]}}