{"id":97361,"date":"2025-10-03T22:48:29","date_gmt":"2025-10-03T20:48:29","guid":{"rendered":"https:\/\/fysiolab.dk\/product\/liiteguard-merino-pro-tech-sokk-svart\/"},"modified":"2025-12-18T09:20:13","modified_gmt":"2025-12-18T08:20:13","slug":"liiteguard-merino-pro-tech-sokk-svart","status":"publish","type":"product","link":"https:\/\/fysiolab.dk\/no\/product\/liiteguard-merino-pro-tech-sokk-svart\/","title":{"rendered":"LiiteGuard Merino Pro-Tech-sokk"},"content":{"rendered":"<p data-start=\"124\" data-end=\"158\"><strong data-start=\"124\" data-end=\"156\">LiiteGuard Merino Pro-Tech-sokk  <\/strong><\/p>\n<p data-start=\"160\" data-end=\"596\">LiiteGuard Merino Pro-Tech er en teknisk sokk designet for b\u00e5de komfort og ytelse. Den kombinerer <g id=\"gid_0\">gradert kompresjon<\/g> for \u00e5 st\u00f8tte blodsirkulasjonen og redusere tretthet med <g id=\"gid_1\">m\u00e5lrettet ankelst\u00f8tte<\/g> og trykk ved akillessenen for \u00e5 forebygge irritasjon og skader. Sm\u00e5 silikonknotter under foten gir et sklisikkert grep i skoen, mens panelene rundt ankelen gir \u00f8kt stabilitet og sensorisk tilbakemelding.  <\/p>\n<p data-start=\"598\" data-end=\"781\">Sokken er laget av en myk og pustende merinoullblanding som er naturlig temperaturregulerende og gir komfort \u00e5ret rundt. Den er tilgjengelig i <strong data-start=\"736\" data-end=\"752\">fargene svart og hvit og<\/strong> i st\u00f8rrelsene 36-47. <\/p>\n<p data-start=\"783\" data-end=\"805\"><strong data-start=\"783\" data-end=\"803\">Spesifikasjoner:<\/strong><\/p>\n<ul data-start=\"806\" data-end=\"1234\">\n<li data-start=\"806\" data-end=\"863\">\n<p data-start=\"808\" data-end=\"863\">Materiale: 54 % merinoull, 39 % polyamid, 7 % elastan<\/p>\n<\/li>\n<li data-start=\"864\" data-end=\"917\">\n<p data-start=\"866\" data-end=\"917\">Gradert kompresjon for optimal blodsirkulasjon<\/p>\n<\/li>\n<li data-start=\"918\" data-end=\"959\">\n<p data-start=\"920\" data-end=\"959\">Ankelst\u00f8tte og trykk p\u00e5 akillessenen<\/p>\n<\/li>\n<li data-start=\"960\" data-end=\"1013\">\n<p data-start=\"962\" data-end=\"1013\">Silikonpigger under foten for sklisikkert grep<\/p>\n<\/li>\n<li data-start=\"1014\" data-end=\"1071\">\n<p data-start=\"1016\" data-end=\"1071\">Silikonpaneler rundt ankelen for ekstra stabilitet<\/p>\n<\/li>\n<li data-start=\"1072\" data-end=\"1125\">\n<p data-start=\"1074\" data-end=\"1125\">Pustende og temperaturregulerende merinoullblanding<\/p>\n<\/li>\n<li data-start=\"1126\" data-end=\"1164\">\n<p data-start=\"1128\" data-end=\"1164\">For sport, trening og hverdagsbruk<\/p>\n<\/li>\n<li data-start=\"1165\" data-end=\"1216\">\n<p data-start=\"1167\" data-end=\"1216\">Vaskes ved 30 \u00b0C <strong data-start=\"1184\" data-end=\"1214\">- ikke t\u00f8rketrommel<\/strong><\/p>\n<\/li>\n<li data-start=\"1217\" data-end=\"1234\">\n<p data-start=\"1219\" data-end=\"1234\">Leveres i par<\/p>\n<\/li>\n<\/ul>\n<p data-start=\"1236\" data-end=\"1417\">MERINO PRO-TECH SOCK - Black er perfekt for deg som vil ha en sokk <strong data-start=\"1312\" data-end=\"1368\">som kombinerer komfort, st\u00f8tte og skadeforebygging<\/strong> uten \u00e5 g\u00e5 p\u00e5 kompromiss med stil og funksjon.<\/p>\n","protected":false},"excerpt":{"rendered":"<p><strong>Sokken er laget av en myk og pustende merinoullblanding som er naturlig temperaturregulerende og gir komfort \u00e5ret rundt. Den er tilgjengelig i fargen svart og i st\u00f8rrelsene 36-47. <\/strong><\/p>\n","protected":false},"featured_media":97329,"comment_status":"closed","ping_status":"closed","template":"","meta":{"_acf_changed":false},"product_brand":[],"product_cat":[1966,2248,1965,1968,1937,2244],"product_tag":[1971],"class_list":{"0":"post-97361","1":"product","2":"type-product","3":"status-publish","4":"has-post-thumbnail","6":"product_cat-klaer","7":"product_cat-kompresjonsstroemper","8":"product_cat-liiteguard-no","9":"product_cat-liiteguard-no-2","10":"product_cat-merkevarer","11":"product_cat-sokker","12":"product_tag-liiteguard-no","14":"first","15":"instock","16":"taxable","17":"shipping-taxable","18":"purchasable","19":"product-type-variable"},"acf":[],"_links":{"self":[{"href":"https:\/\/fysiolab.dk\/no\/wp-json\/wp\/v2\/product\/97361","targetHints":{"allow":["GET"]}}],"collection":[{"href":"https:\/\/fysiolab.dk\/no\/wp-json\/wp\/v2\/product"}],"about":[{"href":"https:\/\/fysiolab.dk\/no\/wp-json\/wp\/v2\/types\/product"}],"replies":[{"embeddable":true,"href":"https:\/\/fysiolab.dk\/no\/wp-json\/wp\/v2\/comments?post=97361"}],"wp:featuredmedia":[{"embeddable":true,"href":"https:\/\/fysiolab.dk\/no\/wp-json\/wp\/v2\/media\/97329"}],"wp:attachment":[{"href":"https:\/\/fysiolab.dk\/no\/wp-json\/wp\/v2\/media?parent=97361"}],"wp:term":[{"taxonomy":"product_brand","embeddable":true,"href":"https:\/\/fysiolab.dk\/no\/wp-json\/wp\/v2\/product_brand?post=97361"},{"taxonomy":"product_cat","embeddable":true,"href":"https:\/\/fysiolab.dk\/no\/wp-json\/wp\/v2\/product_cat?post=97361"},{"taxonomy":"product_tag","embeddable":true,"href":"https:\/\/fysiolab.dk\/no\/wp-json\/wp\/v2\/product_tag?post=97361"}],"curies":[{"name":"wp","href":"https:\/\/api.w.org\/{rel}","templated":true}]}}