{"id":97403,"date":"2025-10-04T16:05:46","date_gmt":"2025-10-04T14:05:46","guid":{"rendered":"https:\/\/fysiolab.dk\/product\/liiteguard-glu-tech-hot-tights-menn\/"},"modified":"2025-12-18T09:20:13","modified_gmt":"2025-12-18T08:20:13","slug":"liiteguard-glu-tech-hot-tights-menn","status":"publish","type":"product","link":"https:\/\/fysiolab.dk\/no\/product\/liiteguard-glu-tech-hot-tights-menn\/","title":{"rendered":"LiiteGuard Glu-Tech Hot Tights (menn)"},"content":{"rendered":"<h3 data-start=\"0\" data-end=\"48\"><strong data-start=\"4\" data-end=\"46\">LiiteGuard Glu-Tech Hot Tights (menn)<\/strong><\/h3>\n<p data-start=\"50\" data-end=\"364\">LiiteGuard Glu-Tech Hot Tights for menn er designet for deg som \u00f8nsker maksimal st\u00f8tte, varme og ytelse p\u00e5 kalde dager. Disse vintertightsene kombinerer <strong data-start=\"210\" data-end=\"242\">fysioterapiinspirasjon<\/strong> med <strong data-start=\"247\" data-end=\"280\">avansert materialteknologi<\/strong> for optimal komfort og muskelst\u00f8tte - selv under de mest krevende v\u00e6rforholdene. <\/p>\n<p data-start=\"366\" data-end=\"708\">De er laget med et <strong data-start=\"389\" data-end=\"428\">termoregulerende b\u00f8rstet materiale<\/strong> p\u00e5 innsiden som holder p\u00e5 varmen uten at det g\u00e5r p\u00e5 bekostning av pusteevnen. Den tettsittende passformen og de strategisk plasserte <strong data-start=\"551\" data-end=\"593\">kompresjonssonene rundt hofte og l\u00e5r bidrar til \u00e5<\/strong>stabilisere musklene, forbedre blodgjennomstr\u00f8mningen og redusere risikoen for utmattelse og skader. <\/p>\n<p data-start=\"710\" data-end=\"984\">Et spesielt fokusomr\u00e5de er <strong data-start=\"736\" data-end=\"764\">gluteal- og hoftest\u00f8tten<\/strong> som bidrar til \u00e5 opprettholde riktig holdning under l\u00f8ping og eksplosive bevegelser. Samtidig s\u00f8rger den <strong data-start=\"873\" data-end=\"918\">elastiske linningen og de ergonomiske s\u00f8mmene<\/strong> for at tightsen holder seg komfortabelt p\u00e5 plass - uansett intensitet. <\/p>\n<p data-start=\"986\" data-end=\"1194\">Glu-Tech Hot Tights har en <strong data-start=\"1010\" data-end=\"1049\">praktisk lomme til n\u00f8kler eller gel<\/strong>, <strong data-start=\"1051\" data-end=\"1077\">refleksdetaljer<\/strong> for \u00f8kt synlighet i m\u00f8rket og en <strong data-start=\"1111\" data-end=\"1137\">elegant, moderne design<\/strong> som gj\u00f8r dem ideelle for b\u00e5de l\u00f8ping og utend\u00f8rstrening.<\/p>\n<p data-start=\"1196\" data-end=\"1248\"><strong data-start=\"1196\" data-end=\"1206\">Farge:<\/strong> Svart<br data-start=\"1211\" data-end=\"1214\"><strong data-start=\"1214\" data-end=\"1229\">St\u00f8rrelser:<\/strong> S, M, L, XL, XXL<\/p>\n","protected":false},"excerpt":{"rendered":"<p><strong>LiiteGuard Glu-Tech Hot Tights for menn kombinerer varme, st\u00f8tte og bevegelsesfrihet. Med varmeregulerende materiale og kompresjonssoner rundt hofte og l\u00e5r f\u00e5r du optimal komfort og ytelse - selv p\u00e5 kalde dager. <\/strong><\/p>\n","protected":false},"featured_media":97383,"comment_status":"closed","ping_status":"closed","template":"","meta":{"_acf_changed":false},"product_brand":[],"product_cat":[1966,1965,1968,1969,1937,1967,2557],"product_tag":[1971],"class_list":{"0":"post-97403","1":"product","2":"type-product","3":"status-publish","4":"has-post-thumbnail","6":"product_cat-klaer","7":"product_cat-liiteguard-no","8":"product_cat-liiteguard-no-2","9":"product_cat-loepetights","10":"product_cat-merkevarer","11":"product_cat-stroempebukser","12":"product_cat-treningstights","13":"product_tag-liiteguard-no","15":"first","16":"instock","17":"taxable","18":"shipping-taxable","19":"purchasable","20":"product-type-variable"},"acf":[],"_links":{"self":[{"href":"https:\/\/fysiolab.dk\/no\/wp-json\/wp\/v2\/product\/97403","targetHints":{"allow":["GET"]}}],"collection":[{"href":"https:\/\/fysiolab.dk\/no\/wp-json\/wp\/v2\/product"}],"about":[{"href":"https:\/\/fysiolab.dk\/no\/wp-json\/wp\/v2\/types\/product"}],"replies":[{"embeddable":true,"href":"https:\/\/fysiolab.dk\/no\/wp-json\/wp\/v2\/comments?post=97403"}],"wp:featuredmedia":[{"embeddable":true,"href":"https:\/\/fysiolab.dk\/no\/wp-json\/wp\/v2\/media\/97383"}],"wp:attachment":[{"href":"https:\/\/fysiolab.dk\/no\/wp-json\/wp\/v2\/media?parent=97403"}],"wp:term":[{"taxonomy":"product_brand","embeddable":true,"href":"https:\/\/fysiolab.dk\/no\/wp-json\/wp\/v2\/product_brand?post=97403"},{"taxonomy":"product_cat","embeddable":true,"href":"https:\/\/fysiolab.dk\/no\/wp-json\/wp\/v2\/product_cat?post=97403"},{"taxonomy":"product_tag","embeddable":true,"href":"https:\/\/fysiolab.dk\/no\/wp-json\/wp\/v2\/product_tag?post=97403"}],"curies":[{"name":"wp","href":"https:\/\/api.w.org\/{rel}","templated":true}]}}