{"id":97436,"date":"2025-10-04T16:21:32","date_gmt":"2025-10-04T14:21:32","guid":{"rendered":"https:\/\/fysiolab.dk\/product\/liiteguard-glu-tech-hot-tights-dame\/"},"modified":"2025-12-18T09:20:12","modified_gmt":"2025-12-18T08:20:12","slug":"liiteguard-glu-tech-hot-tights-dame","status":"publish","type":"product","link":"https:\/\/fysiolab.dk\/no\/product\/liiteguard-glu-tech-hot-tights-dame\/","title":{"rendered":"LiiteGuard Glu-Tech Hot Tights (dame)"},"content":{"rendered":"<h3 data-start=\"0\" data-end=\"47\"><strong data-start=\"4\" data-end=\"45\">LiiteGuard Glu-Tech Hot Tights (dame)<\/strong><\/h3>\n<p data-start=\"49\" data-end=\"344\">LiiteGuard Glu-Tech Hot Tights for kvinner er designet for \u00e5 gi <strong data-start=\"114\" data-end=\"160\">maksimal varme, st\u00f8tte og bevegelsesfrihet<\/strong> i de kalde m\u00e5nedene. Disse tightsene er utviklet p\u00e5 grunnlag av fysioterapeutisk ekspertise, og hjelper deg med \u00e5 yte ditt beste - uten \u00e5 g\u00e5 p\u00e5 kompromiss med komfort og funksjonalitet. <\/p>\n<p data-start=\"346\" data-end=\"628\">Det <strong data-start=\"350\" data-end=\"390\">b\u00f8rstede, termoregulerende materialet<\/strong> p\u00e5 innsiden holder deg varm, selv under vintertrening, samtidig som det lar huden puste. De <strong data-start=\"495\" data-end=\"527\">m\u00e5lrettede kompresjonssonene<\/strong> rundt hoftene og setemusklene st\u00f8tter kroppens store muskelgrupper og fremmer en sunn og stabil l\u00f8pestil. <\/p>\n<p data-start=\"630\" data-end=\"952\">Den <strong data-start=\"634\" data-end=\"668\">forsterkede Glu-Tech-teknologien<\/strong> bidrar til \u00e5 redusere tretthet i hofte og rumpe for bedre kontroll og utholdenhet under l\u00f8ping, fitness og utend\u00f8rsaktiviteter. Samtidig s\u00f8rger den <strong data-start=\"826\" data-end=\"886\">myke linningen, de ergonomiske s\u00f8mmene og den fleksible passformen<\/strong> for at tightsen sitter perfekt - uten \u00e5 stramme eller skli ned. <\/p>\n<p data-start=\"954\" data-end=\"1182\">Glu-Tech Hot Tights har <strong data-start=\"990\" data-end=\"1015\">en praktisk sidelomme<\/strong>, <strong data-start=\"1017\" data-end=\"1043\">refleksdetaljer<\/strong> for \u00f8kt synlighet i m\u00f8rket og et <strong data-start=\"1079\" data-end=\"1108\">stilig, feminint design<\/strong> som fungerer like godt til trening som til oppvarming f\u00f8r konkurranser.<\/p>\n<p data-start=\"1184\" data-end=\"1235\"><strong data-start=\"1184\" data-end=\"1194\">Farge:<\/strong> Svart<br data-start=\"1199\" data-end=\"1202\"><strong data-start=\"1202\" data-end=\"1217\">St\u00f8rrelser:<\/strong> XS, S, M, L, XL<\/p>\n","protected":false},"excerpt":{"rendered":"<p><strong>LiiteGuard Glu-Tech Hot Tights for kvinner gir varme, st\u00f8tte og bevegelsesfrihet under vintertreningen. Det varmeregulerende materialet og de m\u00e5lrettede kompresjonssonene s\u00f8rger for optimal komfort og stabilitet - selv p\u00e5 de kaldeste dagene. <\/strong><\/p>\n","protected":false},"featured_media":97417,"comment_status":"closed","ping_status":"closed","template":"","meta":{"_acf_changed":false},"product_brand":[],"product_cat":[1966,1965,1968,1969,1937,1967,2557],"product_tag":[1971],"class_list":{"0":"post-97436","1":"product","2":"type-product","3":"status-publish","4":"has-post-thumbnail","6":"product_cat-klaer","7":"product_cat-liiteguard-no","8":"product_cat-liiteguard-no-2","9":"product_cat-loepetights","10":"product_cat-merkevarer","11":"product_cat-stroempebukser","12":"product_cat-treningstights","13":"product_tag-liiteguard-no","15":"first","16":"instock","17":"taxable","18":"shipping-taxable","19":"purchasable","20":"product-type-variable"},"acf":[],"_links":{"self":[{"href":"https:\/\/fysiolab.dk\/no\/wp-json\/wp\/v2\/product\/97436","targetHints":{"allow":["GET"]}}],"collection":[{"href":"https:\/\/fysiolab.dk\/no\/wp-json\/wp\/v2\/product"}],"about":[{"href":"https:\/\/fysiolab.dk\/no\/wp-json\/wp\/v2\/types\/product"}],"replies":[{"embeddable":true,"href":"https:\/\/fysiolab.dk\/no\/wp-json\/wp\/v2\/comments?post=97436"}],"wp:featuredmedia":[{"embeddable":true,"href":"https:\/\/fysiolab.dk\/no\/wp-json\/wp\/v2\/media\/97417"}],"wp:attachment":[{"href":"https:\/\/fysiolab.dk\/no\/wp-json\/wp\/v2\/media?parent=97436"}],"wp:term":[{"taxonomy":"product_brand","embeddable":true,"href":"https:\/\/fysiolab.dk\/no\/wp-json\/wp\/v2\/product_brand?post=97436"},{"taxonomy":"product_cat","embeddable":true,"href":"https:\/\/fysiolab.dk\/no\/wp-json\/wp\/v2\/product_cat?post=97436"},{"taxonomy":"product_tag","embeddable":true,"href":"https:\/\/fysiolab.dk\/no\/wp-json\/wp\/v2\/product_tag?post=97436"}],"curies":[{"name":"wp","href":"https:\/\/api.w.org\/{rel}","templated":true}]}}