{"id":97559,"date":"2025-10-04T20:33:47","date_gmt":"2025-10-04T18:33:47","guid":{"rendered":"https:\/\/fysiolab.dk\/product\/liiteguard-hydro-tech-loepevest-dame\/"},"modified":"2025-12-18T09:20:12","modified_gmt":"2025-12-18T08:20:12","slug":"liiteguard-hydro-tech-loepevest-dame","status":"publish","type":"product","link":"https:\/\/fysiolab.dk\/no\/product\/liiteguard-hydro-tech-loepevest-dame\/","title":{"rendered":"LiiteGuard Hydro-Tech l\u00f8pevest (dame)"},"content":{"rendered":"<h3 data-start=\"0\" data-end=\"51\"><strong data-start=\"4\" data-end=\"49\">LiiteGuard Hydro-Tech l\u00f8pevest (dame)<\/strong><\/h3>\n<p data-start=\"53\" data-end=\"371\">LiiteGuard Hydro-Tech Running Vest for kvinner er designet for l\u00f8pere som \u00f8nsker <strong data-start=\"135\" data-end=\"214\">beskyttelse mot vind og regn uten at det g\u00e5r p\u00e5 bekostning av bevegelsesfriheten<\/strong>. Med sin ultralette, vannavvisende og vindtette konstruksjon er vesten et effektivt ytterlag som holder deg komfortabel p\u00e5 b\u00e5de kalde og fuktige dager. <\/p>\n<p data-start=\"373\" data-end=\"693\">Det <strong data-start=\"377\" data-end=\"402\">slanke, feminine snittet<\/strong> er designet for \u00e5 f\u00f8lge kroppens bevegelser, og de <strong data-start=\"452\" data-end=\"494\">strategisk plasserte ventilasjonssonene<\/strong> s\u00f8rger for optimal pusteevne for \u00e5 unng\u00e5 overoppheting under trening. Vesten har en <strong data-start=\"574\" data-end=\"590\">h\u00f8y krage<\/strong> som beskytter mot vind, samt <strong data-start=\"624\" data-end=\"660\">refleksglidel\u00e5s og detaljer<\/strong> som \u00f8ker synligheten i m\u00f8rket. <\/p>\n<p data-start=\"695\" data-end=\"936\">Hydro-Tech Running Vest kan enkelt brettes sammen og oppbevares i sin egen lomme - perfekt til l\u00f8ping, sykling eller oppvarming f\u00f8r konkurranse. Den minimalistiske stilen og den tekniske ytelsen gj\u00f8r den til et allsidig valg for enhver l\u00f8pegarderobe. <\/p>\n<p data-start=\"938\" data-end=\"989\"><strong data-start=\"938\" data-end=\"948\">Farge:<\/strong> Svart<br data-start=\"953\" data-end=\"956\"><strong data-start=\"956\" data-end=\"971\">St\u00f8rrelser:<\/strong> XS, S, M, L, XL<\/p>\n","protected":false},"excerpt":{"rendered":"<p><strong>LiiteGuard Hydro-Tech Running Vest (Women) kombinerer lett, vannavvisende materiale og h\u00f8y pusteevne i en stilig design. Perfekt som et ekstra lag p\u00e5 kj\u00f8lige eller v\u00e5te l\u00f8peturer. <\/strong><\/p>\n","protected":false},"featured_media":97539,"comment_status":"closed","ping_status":"closed","template":"","meta":{"_acf_changed":false},"product_brand":[],"product_cat":[1966,1965,1968,1937],"product_tag":[1971],"class_list":{"0":"post-97559","1":"product","2":"type-product","3":"status-publish","4":"has-post-thumbnail","6":"product_cat-klaer","7":"product_cat-liiteguard-no","8":"product_cat-liiteguard-no-2","9":"product_cat-merkevarer","10":"product_tag-liiteguard-no","12":"first","13":"instock","14":"taxable","15":"shipping-taxable","16":"purchasable","17":"product-type-variable"},"acf":[],"_links":{"self":[{"href":"https:\/\/fysiolab.dk\/no\/wp-json\/wp\/v2\/product\/97559","targetHints":{"allow":["GET"]}}],"collection":[{"href":"https:\/\/fysiolab.dk\/no\/wp-json\/wp\/v2\/product"}],"about":[{"href":"https:\/\/fysiolab.dk\/no\/wp-json\/wp\/v2\/types\/product"}],"replies":[{"embeddable":true,"href":"https:\/\/fysiolab.dk\/no\/wp-json\/wp\/v2\/comments?post=97559"}],"wp:featuredmedia":[{"embeddable":true,"href":"https:\/\/fysiolab.dk\/no\/wp-json\/wp\/v2\/media\/97539"}],"wp:attachment":[{"href":"https:\/\/fysiolab.dk\/no\/wp-json\/wp\/v2\/media?parent=97559"}],"wp:term":[{"taxonomy":"product_brand","embeddable":true,"href":"https:\/\/fysiolab.dk\/no\/wp-json\/wp\/v2\/product_brand?post=97559"},{"taxonomy":"product_cat","embeddable":true,"href":"https:\/\/fysiolab.dk\/no\/wp-json\/wp\/v2\/product_cat?post=97559"},{"taxonomy":"product_tag","embeddable":true,"href":"https:\/\/fysiolab.dk\/no\/wp-json\/wp\/v2\/product_tag?post=97559"}],"curies":[{"name":"wp","href":"https:\/\/api.w.org\/{rel}","templated":true}]}}