{"id":97621,"date":"2025-10-04T21:09:23","date_gmt":"2025-10-04T19:09:23","guid":{"rendered":"https:\/\/fysiolab.dk\/product\/liiteguard-glu-tech-running-2in1-shorts-menn\/"},"modified":"2025-12-18T09:20:11","modified_gmt":"2025-12-18T08:20:11","slug":"liiteguard-glu-tech-running-2in1-shorts-menn","status":"publish","type":"product","link":"https:\/\/fysiolab.dk\/no\/product\/liiteguard-glu-tech-running-2in1-shorts-menn\/","title":{"rendered":"LiiteGuard Glu-Tech Running 2in1 Shorts (menn)"},"content":{"rendered":"<h3 data-start=\"0\" data-end=\"56\"><strong data-start=\"4\" data-end=\"54\">LiiteGuard Glu-Tech Running 2in1 Shorts (menn)<\/strong><\/h3>\n<p data-start=\"58\" data-end=\"352\">LiiteGuard Glu-Tech Running 2in1 Shorts er designet for l\u00f8pere som \u00f8nsker <strong data-start=\"134\" data-end=\"173\">maksimal st\u00f8tte, komfort og ytelse i<\/strong> ett og samme produkt. De kombinerer et <strong data-start=\"205\" data-end=\"224\">kompresjonslag<\/strong> med integrert <strong data-start=\"240\" data-end=\"265\">hofte- og ballst\u00f8tte<\/strong> og et lett, bevegelsesfritt ytterlag i stoff - perfekt for b\u00e5de korte og lange l\u00f8peturer. <\/p>\n<p data-start=\"354\" data-end=\"672\">Den indre tightsen er laget med <strong data-start=\"394\" data-end=\"457\">m\u00e5lrettet kompresjon rundt hofteleddet og setemuskulaturen<\/strong>, noe som reduserer tretthet og \u00f8ker stabiliteten under bevegelse. Samtidig bidrar kompresjonen til <strong data-start=\"557\" data-end=\"597\">bedre blodsirkulasjon og restitusjon<\/strong>, mens det svettetransporterende materialet holder huden t\u00f8rr og behagelig. <\/p>\n<p data-start=\"674\" data-end=\"912\">Ytterstoffet er <strong data-start=\"689\" data-end=\"715\">ultralett og fleksibelt<\/strong>, noe som gir en naturlig l\u00f8psf\u00f8lelse og full bevegelsesfrihet. Shortsene har <strong data-start=\"795\" data-end=\"815\">praktiske lommer<\/strong> for oppbevaring av n\u00f8kler, gel eller telefon, og de <strong data-start=\"867\" data-end=\"885\">flate s\u00f8mmene<\/strong> s\u00f8rger for minimal friksjon. <\/p>\n<p data-start=\"914\" data-end=\"1015\">Perfekt for seri\u00f8se l\u00f8pere som \u00f8nsker maksimal komfort og st\u00f8tte under trening - uansett distanse.<\/p>\n<p data-start=\"1017\" data-end=\"1069\"><strong data-start=\"1017\" data-end=\"1027\">Farge:<\/strong> Svart<br data-start=\"1032\" data-end=\"1035\"><strong data-start=\"1035\" data-end=\"1050\">St\u00f8rrelser:<\/strong> S, M, L, XL, XXL<\/p>\n","protected":false},"excerpt":{"rendered":"<p><strong>LiiteGuard Glu-Tech Running 2in1 Shorts (Men) kombinerer effektiv hoftekompresjon med lett og fleksibel komfort. Designet for \u00e5 optimalisere stabiliteten, redusere tretthet og gi maksimal bevegelsesfrihet p\u00e5 l\u00f8peturen. <\/strong><\/p>\n","protected":false},"featured_media":97604,"comment_status":"closed","ping_status":"closed","template":"","meta":{"_acf_changed":false},"product_brand":[],"product_cat":[1966,1965,1968,1969,1937,1967,2557],"product_tag":[1971],"class_list":{"0":"post-97621","1":"product","2":"type-product","3":"status-publish","4":"has-post-thumbnail","6":"product_cat-klaer","7":"product_cat-liiteguard-no","8":"product_cat-liiteguard-no-2","9":"product_cat-loepetights","10":"product_cat-merkevarer","11":"product_cat-stroempebukser","12":"product_cat-treningstights","13":"product_tag-liiteguard-no","15":"first","16":"instock","17":"taxable","18":"shipping-taxable","19":"purchasable","20":"product-type-variable"},"acf":[],"_links":{"self":[{"href":"https:\/\/fysiolab.dk\/no\/wp-json\/wp\/v2\/product\/97621","targetHints":{"allow":["GET"]}}],"collection":[{"href":"https:\/\/fysiolab.dk\/no\/wp-json\/wp\/v2\/product"}],"about":[{"href":"https:\/\/fysiolab.dk\/no\/wp-json\/wp\/v2\/types\/product"}],"replies":[{"embeddable":true,"href":"https:\/\/fysiolab.dk\/no\/wp-json\/wp\/v2\/comments?post=97621"}],"wp:featuredmedia":[{"embeddable":true,"href":"https:\/\/fysiolab.dk\/no\/wp-json\/wp\/v2\/media\/97604"}],"wp:attachment":[{"href":"https:\/\/fysiolab.dk\/no\/wp-json\/wp\/v2\/media?parent=97621"}],"wp:term":[{"taxonomy":"product_brand","embeddable":true,"href":"https:\/\/fysiolab.dk\/no\/wp-json\/wp\/v2\/product_brand?post=97621"},{"taxonomy":"product_cat","embeddable":true,"href":"https:\/\/fysiolab.dk\/no\/wp-json\/wp\/v2\/product_cat?post=97621"},{"taxonomy":"product_tag","embeddable":true,"href":"https:\/\/fysiolab.dk\/no\/wp-json\/wp\/v2\/product_tag?post=97621"}],"curies":[{"name":"wp","href":"https:\/\/api.w.org\/{rel}","templated":true}]}}