{"id":97674,"date":"2025-10-04T21:25:03","date_gmt":"2025-10-04T19:25:03","guid":{"rendered":"https:\/\/fysiolab.dk\/product\/thera-band-ankelstropp-sett\/"},"modified":"2025-12-18T09:20:11","modified_gmt":"2025-12-18T08:20:11","slug":"thera-band-ankelstropp-sett","status":"publish","type":"product","link":"https:\/\/fysiolab.dk\/no\/product\/thera-band-ankelstropp-sett\/","title":{"rendered":"Thera-Band ankelstropp (sett)"},"content":{"rendered":"<p data-start=\"79\" data-end=\"111\"><strong data-start=\"79\" data-end=\"109\">TheraBand ankelrem - sett<\/strong><\/p>\n<p data-start=\"113\" data-end=\"404\">TheraBand Ankle Strap leveres som et praktisk sett og er utviklet for bruk med treningsb\u00e5nd og kabelmaskiner. Stroppen festes enkelt rundt ankelen med borrel\u00e5s og gj\u00f8r det mulig \u00e5 trene <strong data-start=\"311\" data-end=\"333\">begge bena samtidig<\/strong> og utf\u00f8re et bredt spekter av \u00f8velser for hofte-, l\u00e5r- og setemuskulaturen. <\/p>\n<p data-start=\"406\" data-end=\"670\">Ankelstroppen er polstret for ekstra komfort og kan justeres for \u00e5 passe de fleste st\u00f8rrelser. Den er ideell for <strong data-start=\"528\" data-end=\"585\">rehabilitering, forebyggende trening og styrketrening<\/strong>, med fokus p\u00e5 stabilitet, bevegelighet og styrke rundt underkroppen og hoftene. <\/p>\n<p data-start=\"672\" data-end=\"686\"><strong data-start=\"672\" data-end=\"684\">Fordeler:<\/strong><\/p>\n<ul data-start=\"687\" data-end=\"987\">\n<li data-start=\"687\" data-end=\"761\">\n<p data-start=\"689\" data-end=\"761\">Leveres som et <strong data-start=\"701\" data-end=\"725\">sett for begge ankler<\/strong>, slik at begge bena kan trenes samtidig<\/p>\n<\/li>\n<li data-start=\"762\" data-end=\"815\">\n<p data-start=\"764\" data-end=\"815\">Enkel \u00e5 montere og justere med solid borrel\u00e5sfeste<\/p>\n<\/li>\n<li data-start=\"816\" data-end=\"875\">\n<p data-start=\"818\" data-end=\"875\">Komfortabel polstring som beskytter ankelen under trening<\/p>\n<\/li>\n<li data-start=\"876\" data-end=\"925\">\n<p data-start=\"878\" data-end=\"925\">Muliggj\u00f8r mange funksjonelle \u00f8velser<\/p>\n<\/li>\n<li data-start=\"926\" data-end=\"987\">\n<p data-start=\"928\" data-end=\"987\">Slitesterk kvalitet, designet for b\u00e5de klinisk bruk og hjemmebruk<\/p>\n<\/li>\n<\/ul>\n<p data-start=\"989\" data-end=\"1150\">TheraBand Ankle Strap Set er et godt valg for fysioterapeuter, trenere og privatpersoner som \u00f8nsker \u00e5 utvide treningsmulighetene sine med elastiske b\u00e5nd og kabler.<\/p>\n","protected":false},"excerpt":{"rendered":"<p><strong>TheraBand Ankle Strap leveres som et praktisk sett og er utviklet for bruk med treningsb\u00e5nd og kabelmaskiner. Stroppen festes enkelt rundt ankelen med borrel\u00e5s og gj\u00f8r det mulig \u00e5 trene begge bena samtidig og utf\u00f8re et bredt spekter av \u00f8velser for hofte-, l\u00e5r- og setemuskulaturen. <\/strong><\/p>\n","protected":false},"featured_media":97665,"comment_status":"closed","ping_status":"closed","template":"","meta":{"_acf_changed":false},"product_brand":[],"product_cat":[1937,2719,2215,2217,1945],"product_tag":[1944,2720],"class_list":{"0":"post-97674","1":"product","2":"type-product","3":"status-publish","4":"has-post-thumbnail","6":"product_cat-merkevarer","7":"product_cat-thera-band-no","8":"product_cat-treningsbaand","9":"product_cat-treningsbaand-no","10":"product_cat-treningsutstyr","11":"product_tag-rehabmedic-no","12":"product_tag-thera-band-no","14":"first","15":"instock","16":"taxable","17":"shipping-taxable","18":"purchasable","19":"product-type-simple"},"acf":[],"_links":{"self":[{"href":"https:\/\/fysiolab.dk\/no\/wp-json\/wp\/v2\/product\/97674","targetHints":{"allow":["GET"]}}],"collection":[{"href":"https:\/\/fysiolab.dk\/no\/wp-json\/wp\/v2\/product"}],"about":[{"href":"https:\/\/fysiolab.dk\/no\/wp-json\/wp\/v2\/types\/product"}],"replies":[{"embeddable":true,"href":"https:\/\/fysiolab.dk\/no\/wp-json\/wp\/v2\/comments?post=97674"}],"wp:featuredmedia":[{"embeddable":true,"href":"https:\/\/fysiolab.dk\/no\/wp-json\/wp\/v2\/media\/97665"}],"wp:attachment":[{"href":"https:\/\/fysiolab.dk\/no\/wp-json\/wp\/v2\/media?parent=97674"}],"wp:term":[{"taxonomy":"product_brand","embeddable":true,"href":"https:\/\/fysiolab.dk\/no\/wp-json\/wp\/v2\/product_brand?post=97674"},{"taxonomy":"product_cat","embeddable":true,"href":"https:\/\/fysiolab.dk\/no\/wp-json\/wp\/v2\/product_cat?post=97674"},{"taxonomy":"product_tag","embeddable":true,"href":"https:\/\/fysiolab.dk\/no\/wp-json\/wp\/v2\/product_tag?post=97674"}],"curies":[{"name":"wp","href":"https:\/\/api.w.org\/{rel}","templated":true}]}}