{"id":97692,"date":"2025-10-04T21:45:36","date_gmt":"2025-10-04T19:45:36","guid":{"rendered":"https:\/\/fysiolab.dk\/product\/thera-band-doeranker\/"},"modified":"2025-12-18T09:20:10","modified_gmt":"2025-12-18T08:20:10","slug":"thera-band-doeranker","status":"publish","type":"product","link":"https:\/\/fysiolab.dk\/no\/product\/thera-band-doeranker\/","title":{"rendered":"Thera-Band d\u00f8ranker"},"content":{"rendered":"<p data-start=\"132\" data-end=\"157\"><strong data-start=\"132\" data-end=\"155\">Thera-Band d\u00f8ranker<\/strong><\/p>\n<p data-start=\"159\" data-end=\"457\">Thera-Band Door Anchor er et praktisk og allsidig tilbeh\u00f8r som gj\u00f8r det mulig \u00e5 feste Thera-Band elastiske b\u00e5nd til en d\u00f8r. Det gj\u00f8r det mulig \u00e5 utf\u00f8re et bredt spekter av \u00f8velser for <strong data-start=\"349\" data-end=\"380\">overkroppen, underkroppen og kjernemuskulaturen<\/strong>, enten det gjelder styrketrening, rehabilitering eller bevegelighetstrening. <\/p>\n<p data-start=\"459\" data-end=\"718\">Door Anchor er laget <strong data-start=\"487\" data-end=\"527\">av slitesterk nylon med en rund gummiplate<\/strong> som beskytter d\u00f8ren og sikrer stabilitet under treningen. Den justerbare stroppen gj\u00f8r det enkelt \u00e5 plassere ankeret i \u00f8nsket h\u00f8yde, slik at du kan tilpasse \u00f8velser for ulike muskelgrupper. <\/p>\n<p data-start=\"720\" data-end=\"734\"><strong data-start=\"720\" data-end=\"732\">Fordeler:<\/strong><\/p>\n<ul data-start=\"735\" data-end=\"1039\">\n<li data-start=\"735\" data-end=\"793\">\n<p data-start=\"737\" data-end=\"793\">Enkelt \u00e5 montere p\u00e5 de fleste standardd\u00f8rer uten verkt\u00f8y<\/p>\n<\/li>\n<li data-start=\"794\" data-end=\"852\">\n<p data-start=\"796\" data-end=\"852\">Justerbar h\u00f8yde for maksimal fleksibilitet i \u00f8velsene<\/p>\n<\/li>\n<li data-start=\"853\" data-end=\"918\">\n<p data-start=\"855\" data-end=\"918\">Slitesterk nylon- og gummiplate beskytter d\u00f8ren og gir stabilitet<\/p>\n<\/li>\n<li data-start=\"919\" data-end=\"980\">\n<p data-start=\"921\" data-end=\"980\">Kompakt og lett, enkel \u00e5 oppbevare eller ta med seg p\u00e5 farten<\/p>\n<\/li>\n<li data-start=\"981\" data-end=\"1039\">\n<p data-start=\"983\" data-end=\"1039\">Ideell for styrke-, rehabiliterings- og bevegelighetstrening<\/p>\n<\/li>\n<\/ul>\n<p data-start=\"1041\" data-end=\"1066\"><strong data-start=\"1041\" data-end=\"1064\">Bruksomr\u00e5der:<\/strong><\/p>\n<ul data-start=\"1067\" data-end=\"1208\">\n<li data-start=\"1067\" data-end=\"1113\">\n<p data-start=\"1069\" data-end=\"1113\">Styrketrening for armer, skuldre, rygg og ben<\/p>\n<\/li>\n<li data-start=\"1114\" data-end=\"1143\">\n<p data-start=\"1116\" data-end=\"1143\">Rehabilitering etter skade<\/p>\n<\/li>\n<li data-start=\"1144\" data-end=\"1177\">\n<p data-start=\"1146\" data-end=\"1177\">Funksjonell trening og balanse<\/p>\n<\/li>\n<li data-start=\"1178\" data-end=\"1208\">\n<p data-start=\"1180\" data-end=\"1208\">T\u00f8ynings- og bevegelighets\u00f8velser<\/p>\n<\/li>\n<\/ul>\n<p data-start=\"1210\" data-end=\"1373\">Med Thera-Band Door Anchor kan du <strong data-start=\"1241\" data-end=\"1293\">forvandle en hvilken som helst standardd\u00f8r til et treningssenter<\/strong> for effektiv trening hjemme, p\u00e5 jobben eller p\u00e5 farten.<\/p>\n","protected":false},"excerpt":{"rendered":"<p><strong>Thera-Band Door Anchor er et praktisk og allsidig tilbeh\u00f8r som gj\u00f8r det mulig \u00e5 feste elastiske Thera-Band-b\u00e5nd til en d\u00f8r. Det gj\u00f8r det mulig \u00e5 utf\u00f8re et bredt spekter av \u00f8velser for overkroppen, underkroppen og kjernemuskulaturen, enten det gjelder styrketrening, rehabilitering eller bevegelighetstrening. <\/strong><\/p>\n","protected":false},"featured_media":97687,"comment_status":"closed","ping_status":"closed","template":"","meta":{"_acf_changed":false},"product_brand":[],"product_cat":[2217,1937,2719,2215,1945],"product_tag":[1944,2720],"class_list":{"0":"post-97692","1":"product","2":"type-product","3":"status-publish","4":"has-post-thumbnail","6":"product_cat-treningsbaand-no","7":"product_cat-merkevarer","8":"product_cat-thera-band-no","9":"product_cat-treningsbaand","10":"product_cat-treningsutstyr","11":"product_tag-rehabmedic-no","12":"product_tag-thera-band-no","14":"first","15":"instock","16":"taxable","17":"shipping-taxable","18":"purchasable","19":"product-type-simple"},"acf":[],"_links":{"self":[{"href":"https:\/\/fysiolab.dk\/no\/wp-json\/wp\/v2\/product\/97692","targetHints":{"allow":["GET"]}}],"collection":[{"href":"https:\/\/fysiolab.dk\/no\/wp-json\/wp\/v2\/product"}],"about":[{"href":"https:\/\/fysiolab.dk\/no\/wp-json\/wp\/v2\/types\/product"}],"replies":[{"embeddable":true,"href":"https:\/\/fysiolab.dk\/no\/wp-json\/wp\/v2\/comments?post=97692"}],"wp:featuredmedia":[{"embeddable":true,"href":"https:\/\/fysiolab.dk\/no\/wp-json\/wp\/v2\/media\/97687"}],"wp:attachment":[{"href":"https:\/\/fysiolab.dk\/no\/wp-json\/wp\/v2\/media?parent=97692"}],"wp:term":[{"taxonomy":"product_brand","embeddable":true,"href":"https:\/\/fysiolab.dk\/no\/wp-json\/wp\/v2\/product_brand?post=97692"},{"taxonomy":"product_cat","embeddable":true,"href":"https:\/\/fysiolab.dk\/no\/wp-json\/wp\/v2\/product_cat?post=97692"},{"taxonomy":"product_tag","embeddable":true,"href":"https:\/\/fysiolab.dk\/no\/wp-json\/wp\/v2\/product_tag?post=97692"}],"curies":[{"name":"wp","href":"https:\/\/api.w.org\/{rel}","templated":true}]}}