{"id":97698,"date":"2025-10-04T21:52:40","date_gmt":"2025-10-04T19:52:40","guid":{"rendered":"https:\/\/fysiolab.dk\/product\/thera-band-sports-haandtak-305-cm\/"},"modified":"2025-12-18T09:20:10","modified_gmt":"2025-12-18T08:20:10","slug":"thera-band-sports-haandtak-305-cm","status":"publish","type":"product","link":"https:\/\/fysiolab.dk\/no\/product\/thera-band-sports-haandtak-305-cm\/","title":{"rendered":"Thera-Band Sports H\u00e5ndtak 30,5 cm"},"content":{"rendered":"<p data-start=\"113\" data-end=\"151\"><strong data-start=\"113\" data-end=\"149\">Thera-Band Sports H\u00e5ndtak 30,5 cm<\/strong><\/p>\n<p data-start=\"153\" data-end=\"433\">Thera-Band Sports Handle 30,5 cm er et robust og bredt h\u00e5ndtak for motstandstrening, som leveres <strong data-start=\"248\" data-end=\"275\">som en frittst\u00e5ende enhet.<\/strong> Den ekstra bredden gj\u00f8r det mulig \u00e5 lage <strong data-start=\"318\" data-end=\"338\">doble h\u00e5ndgrep<\/strong> for bedre kontroll og muligheten til \u00e5 legge p\u00e5 <strong data-start=\"395\" data-end=\"414\">mer belastning<\/strong> under \u00f8velsene. <\/p>\n<p data-start=\"435\" data-end=\"694\">H\u00e5ndtaket er laget <strong data-start=\"463\" data-end=\"501\">av slitesterk nylon med et ergonomisk grep<\/strong> som s\u00f8rger for komfort og et sikkert grep under hele trenings\u00f8kten. Det kan brukes med alle Thera-Band-strikker og -b\u00e5nd og er ideelt for styrketrening, rehabilitering og funksjonelle \u00f8velser. <\/p>\n<p data-start=\"696\" data-end=\"710\"><strong data-start=\"696\" data-end=\"708\">Fordeler:<\/strong><\/p>\n<ul data-start=\"711\" data-end=\"962\">\n<li data-start=\"711\" data-end=\"775\">\n<p data-start=\"713\" data-end=\"775\">Leveres som <strong data-start=\"725\" data-end=\"734\">1 stk.<\/strong> med ekstra bredde for dobbelt h\u00e5ndgrep<\/p>\n<\/li>\n<li data-start=\"776\" data-end=\"848\">\n<p data-start=\"778\" data-end=\"848\">Gir mulighet for h\u00f8yere belastning og mer variasjon i treningen<\/p>\n<\/li>\n<li data-start=\"849\" data-end=\"884\">\n<p data-start=\"851\" data-end=\"884\">Ergonomisk og komfortabelt grep<\/p>\n<\/li>\n<li data-start=\"885\" data-end=\"915\">\n<p data-start=\"887\" data-end=\"915\">Slitesterk og stabil design<\/p>\n<\/li>\n<li data-start=\"916\" data-end=\"962\">\n<p data-start=\"918\" data-end=\"962\">Lett \u00e5 kombinere med Thera-Band-strikker<\/p>\n<\/li>\n<\/ul>\n<p data-start=\"964\" data-end=\"989\"><strong data-start=\"964\" data-end=\"987\">Bruksomr\u00e5der:<\/strong><\/p>\n<ul data-start=\"990\" data-end=\"1140\">\n<li data-start=\"990\" data-end=\"1027\">\n<p data-start=\"992\" data-end=\"1027\">Styrketrening for overkroppen og kjernemuskulaturen<\/p>\n<\/li>\n<li data-start=\"1028\" data-end=\"1062\">\n<p data-start=\"1030\" data-end=\"1062\">Gjenoppretting og rehabilitering<\/p>\n<\/li>\n<li data-start=\"1063\" data-end=\"1109\">\n<p data-start=\"1065\" data-end=\"1109\">Funksjonelle \u00f8velser med h\u00f8yere belastning<\/p>\n<\/li>\n<li data-start=\"1110\" data-end=\"1140\">\n<p data-start=\"1112\" data-end=\"1140\">Mobilitet og fleksibilitet<\/p>\n<\/li>\n<\/ul>\n<p data-start=\"1142\" data-end=\"1293\">Thera-Band Sports Handle 30,5 cm er det perfekte valget n\u00e5r du \u00f8nsker <strong data-start=\"1211\" data-end=\"1260\">mer variasjon og styrke i den elastiske treningen<\/strong>, b\u00e5de hjemme og i klinikkmilj\u00f8.<\/p>\n","protected":false},"excerpt":{"rendered":"<p><strong>Thera-Band Sports Handle 30,5 cm er et robust og bredt h\u00e5ndtak for motstandstrening, som leveres som en frittst\u00e5ende enhet. Den ekstra bredden gj\u00f8r det mulig \u00e5 lage doble h\u00e5ndgrep for bedre kontroll og muligheten til \u00e5 legge p\u00e5 mer belastning under \u00f8velsene. <\/strong><\/p>\n","protected":false},"featured_media":97695,"comment_status":"closed","ping_status":"closed","template":"","meta":{"_acf_changed":false},"product_brand":[],"product_cat":[2217,1937,2719,2215,1945],"product_tag":[1944,2720],"class_list":{"0":"post-97698","1":"product","2":"type-product","3":"status-publish","4":"has-post-thumbnail","6":"product_cat-treningsbaand-no","7":"product_cat-merkevarer","8":"product_cat-thera-band-no","9":"product_cat-treningsbaand","10":"product_cat-treningsutstyr","11":"product_tag-rehabmedic-no","12":"product_tag-thera-band-no","14":"first","15":"instock","16":"taxable","17":"shipping-taxable","18":"purchasable","19":"product-type-simple"},"acf":[],"_links":{"self":[{"href":"https:\/\/fysiolab.dk\/no\/wp-json\/wp\/v2\/product\/97698","targetHints":{"allow":["GET"]}}],"collection":[{"href":"https:\/\/fysiolab.dk\/no\/wp-json\/wp\/v2\/product"}],"about":[{"href":"https:\/\/fysiolab.dk\/no\/wp-json\/wp\/v2\/types\/product"}],"replies":[{"embeddable":true,"href":"https:\/\/fysiolab.dk\/no\/wp-json\/wp\/v2\/comments?post=97698"}],"wp:featuredmedia":[{"embeddable":true,"href":"https:\/\/fysiolab.dk\/no\/wp-json\/wp\/v2\/media\/97695"}],"wp:attachment":[{"href":"https:\/\/fysiolab.dk\/no\/wp-json\/wp\/v2\/media?parent=97698"}],"wp:term":[{"taxonomy":"product_brand","embeddable":true,"href":"https:\/\/fysiolab.dk\/no\/wp-json\/wp\/v2\/product_brand?post=97698"},{"taxonomy":"product_cat","embeddable":true,"href":"https:\/\/fysiolab.dk\/no\/wp-json\/wp\/v2\/product_cat?post=97698"},{"taxonomy":"product_tag","embeddable":true,"href":"https:\/\/fysiolab.dk\/no\/wp-json\/wp\/v2\/product_tag?post=97698"}],"curies":[{"name":"wp","href":"https:\/\/api.w.org\/{rel}","templated":true}]}}