{"id":97704,"date":"2025-10-04T22:02:27","date_gmt":"2025-10-04T20:02:27","guid":{"rendered":"https:\/\/fysiolab.dk\/product\/thera-band-assist-strap\/"},"modified":"2025-12-18T09:20:10","modified_gmt":"2025-12-18T08:20:10","slug":"thera-band-assist-strap","status":"publish","type":"product","link":"https:\/\/fysiolab.dk\/no\/product\/thera-band-assist-strap\/","title":{"rendered":"Thera-Band Assist Strap"},"content":{"rendered":"<p data-start=\"150\" data-end=\"177\"><strong data-start=\"150\" data-end=\"177\">Thera-Band Assist Strap<\/strong><\/p>\n<p data-start=\"179\" data-end=\"502\">Thera-Band Assist Strap er et praktisk og funksjonelt tilbeh\u00f8r som gj\u00f8r det mulig \u00e5 bruke Thera-Band-strikker og -tuber uten \u00e5 m\u00e5tte holde direkte i dem. Denne assiststroppen er ideell for personer med nedsatt gripestyrke, for eksempel personer med leddgikt, eller for dem som \u00f8nsker \u00e5 utf\u00f8re \u00f8velser med begge hender samtidig. Den gj\u00f8r det ogs\u00e5 mulig \u00e5 koble flere elastiske b\u00e5nd sammen og forlenge dem.  <\/p>\n<p data-start=\"504\" data-end=\"527\"><strong data-start=\"504\" data-end=\"527\">Produktbeskrivelse:<\/strong><\/p>\n<ul data-start=\"529\" data-end=\"1212\">\n<li data-start=\"529\" data-end=\"700\">\n<p data-start=\"531\" data-end=\"700\"><strong data-start=\"531\" data-end=\"542\">Design:<\/strong> Stroppen er laget av slitesterkt nylonmateriale og har en myk, behagelig overflate som gj\u00f8r det enkelt \u00e5 holde i strikken uten \u00e5 m\u00e5tte gripe direkte.<\/p>\n<\/li>\n<li data-start=\"702\" data-end=\"940\">\n<p data-start=\"704\" data-end=\"940\"><strong data-start=\"704\" data-end=\"719\">Bruk: Den<\/strong> ene enden av stroppen lukkes rundt en ekstremitet (f.eks. h\u00e5nd eller fot), mens den andre enden festes til det elastiske b\u00e5ndet eller slangen. Dette skaper en sikker og stabil forbindelse som muliggj\u00f8r et bredt spekter av \u00f8velser. <\/p>\n<\/li>\n<li data-start=\"942\" data-end=\"1081\">\n<p data-start=\"944\" data-end=\"1081\"><strong data-start=\"944\" data-end=\"963\">Kompatibilitet:<\/strong> Stroppen er designet for \u00e5 brukes med Thera-Band-strikker og -slanger.<\/p>\n<\/li>\n<li data-start=\"1083\" data-end=\"1212\">\n<p data-start=\"1085\" data-end=\"1212\"><strong data-start=\"1085\" data-end=\"1108\">Bruksomr\u00e5der:<\/strong> Ideell for b\u00e5de hjemmebruk og profesjonell trening, inkludert fysioterapi, rehabilitering og styrketrening.<\/p>\n<\/li>\n<\/ul>\n<p data-start=\"1214\" data-end=\"1226\"><strong data-start=\"1214\" data-end=\"1226\">Fordeler:<\/strong><\/p>\n<ul data-start=\"1228\" data-end=\"1450\">\n<li data-start=\"1228\" data-end=\"1297\">\n<p data-start=\"1230\" data-end=\"1297\">Gj\u00f8r at du kan utf\u00f8re \u00f8velser uten \u00e5 m\u00e5tte holde deg direkte fast.<\/p>\n<\/li>\n<li data-start=\"1299\" data-end=\"1343\">\n<p data-start=\"1301\" data-end=\"1343\">Ideell for personer med nedsatt gripestyrke.<\/p>\n<\/li>\n<li data-start=\"1345\" data-end=\"1391\">\n<p data-start=\"1347\" data-end=\"1391\">Kompatibel med Thera-Band-strikker og -slanger.<\/p>\n<\/li>\n<li data-start=\"1393\" data-end=\"1419\">\n<p data-start=\"1395\" data-end=\"1419\">Enkel \u00e5 bruke og justere.<\/p>\n<\/li>\n<li data-start=\"1421\" data-end=\"1450\">\n<p data-start=\"1423\" data-end=\"1450\">Kompakt og lett \u00e5 oppbevare.<\/p>\n<\/li>\n<\/ul>\n<p data-start=\"1452\" data-end=\"1475\"><strong data-start=\"1452\" data-end=\"1475\">Bruksomr\u00e5der:<\/strong><\/p>\n<ul data-start=\"1477\" data-end=\"1629\">\n<li data-start=\"1477\" data-end=\"1518\">\n<p data-start=\"1479\" data-end=\"1518\">Styrketrening for over- og underkroppen.<\/p>\n<\/li>\n<li data-start=\"1520\" data-end=\"1548\">\n<p data-start=\"1522\" data-end=\"1548\">Rehabilitering etter skade.<\/p>\n<\/li>\n<li data-start=\"1550\" data-end=\"1595\">\n<p data-start=\"1552\" data-end=\"1595\">Mobilitets\u00f8velser og bevegelighetstrening.<\/p>\n<\/li>\n<li data-start=\"1597\" data-end=\"1629\">\n<p data-start=\"1599\" data-end=\"1629\">Pilates og funksjonell trening.<\/p>\n<\/li>\n<\/ul>\n<p data-start=\"1631\" data-end=\"1860\">Thera-Band Assist Strap er det perfekte valget n\u00e5r du vil utf\u00f8re \u00f8velser med Thera-Band-b\u00e5nd og -tubes uten \u00e5 m\u00e5tte holde deg fast direkte. Det gir deg friheten til \u00e5 fokusere p\u00e5 treningen og oppn\u00e5 de beste resultatene. <\/p>\n","protected":false},"excerpt":{"rendered":"<p><strong>Thera-Band Assist Strap er et praktisk og funksjonelt tilbeh\u00f8r som gj\u00f8r det mulig \u00e5 bruke Thera-Band-strikker og -tuber uten \u00e5 m\u00e5tte holde direkte i dem. Denne stroppen er ideell for personer med redusert gripestyrke, for eksempel personer med leddgikt, eller for dem som \u00f8nsker \u00e5 utf\u00f8re \u00f8velser med begge hender samtidig. <\/strong><\/p>\n","protected":false},"featured_media":97701,"comment_status":"closed","ping_status":"closed","template":"","meta":{"_acf_changed":false},"product_brand":[],"product_cat":[2217,1937,2719,2215,1945],"product_tag":[1944,2720],"class_list":{"0":"post-97704","1":"product","2":"type-product","3":"status-publish","4":"has-post-thumbnail","6":"product_cat-treningsbaand-no","7":"product_cat-merkevarer","8":"product_cat-thera-band-no","9":"product_cat-treningsbaand","10":"product_cat-treningsutstyr","11":"product_tag-rehabmedic-no","12":"product_tag-thera-band-no","14":"first","15":"instock","16":"taxable","17":"shipping-taxable","18":"purchasable","19":"product-type-simple"},"acf":[],"_links":{"self":[{"href":"https:\/\/fysiolab.dk\/no\/wp-json\/wp\/v2\/product\/97704","targetHints":{"allow":["GET"]}}],"collection":[{"href":"https:\/\/fysiolab.dk\/no\/wp-json\/wp\/v2\/product"}],"about":[{"href":"https:\/\/fysiolab.dk\/no\/wp-json\/wp\/v2\/types\/product"}],"replies":[{"embeddable":true,"href":"https:\/\/fysiolab.dk\/no\/wp-json\/wp\/v2\/comments?post=97704"}],"wp:featuredmedia":[{"embeddable":true,"href":"https:\/\/fysiolab.dk\/no\/wp-json\/wp\/v2\/media\/97701"}],"wp:attachment":[{"href":"https:\/\/fysiolab.dk\/no\/wp-json\/wp\/v2\/media?parent=97704"}],"wp:term":[{"taxonomy":"product_brand","embeddable":true,"href":"https:\/\/fysiolab.dk\/no\/wp-json\/wp\/v2\/product_brand?post=97704"},{"taxonomy":"product_cat","embeddable":true,"href":"https:\/\/fysiolab.dk\/no\/wp-json\/wp\/v2\/product_cat?post=97704"},{"taxonomy":"product_tag","embeddable":true,"href":"https:\/\/fysiolab.dk\/no\/wp-json\/wp\/v2\/product_tag?post=97704"}],"curies":[{"name":"wp","href":"https:\/\/api.w.org\/{rel}","templated":true}]}}