{"id":97761,"date":"2025-10-05T10:57:57","date_gmt":"2025-10-05T08:57:57","guid":{"rendered":"https:\/\/fysiolab.dk\/product\/thera-band-latex-fri-treningsstrikk-229-m\/"},"modified":"2025-12-18T09:20:10","modified_gmt":"2025-12-18T08:20:10","slug":"thera-band-latex-fri-treningsstrikk-229-m","status":"publish","type":"product","link":"https:\/\/fysiolab.dk\/no\/product\/thera-band-latex-fri-treningsstrikk-229-m\/","title":{"rendered":"Thera-Band Latex-fri treningsstrikk 22,9 m"},"content":{"rendered":"<h3 data-start=\"275\" data-end=\"324\"><strong data-start=\"278\" data-end=\"324\">Thera-Band Latex-fri treningsstrikk 22,9 m<\/strong><\/h3>\n<p data-start=\"326\" data-end=\"723\">Thera-Band Latex-free Training Elastic er den profesjonelle standarden innen elastisk motstandstrening - n\u00e5 i en lateksfri versjon som har de samme gode egenskapene som originalen, men uten risiko for allergiske reaksjoner.<br data-start=\"553\" data-end=\"556\">Den 22,9 meter lange rullen gir maksimal fleksibilitet slik at du kan justere lengden etter behov og bruke strikken i klinikk, rehabilitering og hjemmetrening.<\/p>\n<p data-start=\"725\" data-end=\"926\">Det lateksfrie Thera-Band har samme strekkfasthet og progresjon som klassiske lateksb\u00e5nd, og de fargekodede niv\u00e5ene gj\u00f8r det enkelt \u00e5 gradere belastningen etter hvert som pasienten eller klienten utvikler seg.<\/p>\n<hr data-start=\"928\" data-end=\"931\">\n<h3 data-start=\"933\" data-end=\"948\"><strong data-start=\"937\" data-end=\"948\">Fordeler og fordeler<\/strong><\/h3>\n<ul data-start=\"949\" data-end=\"1272\">\n<li data-start=\"949\" data-end=\"1008\">\n<p data-start=\"951\" data-end=\"1008\">100 % lateksfri - ideell for allergikere og kliniske milj\u00f8er<\/p>\n<\/li>\n<li data-start=\"1009\" data-end=\"1069\">\n<p data-start=\"1011\" data-end=\"1069\">Konsekvent og dokumentert motstand gjennom hele bevegelsen<\/p>\n<\/li>\n<li data-start=\"1070\" data-end=\"1148\">\n<p data-start=\"1072\" data-end=\"1148\">Kan kappes til i lengden - perfekt til \u00f8vingsb\u00e5nd, sl\u00f8yfer og r\u00f8r<\/p>\n<\/li>\n<li data-start=\"1149\" data-end=\"1203\">\n<p data-start=\"1151\" data-end=\"1203\">Samme trekkraftprofil og progresjon som lateksversjonen<\/p>\n<\/li>\n<li data-start=\"1204\" data-end=\"1272\">\n<p data-start=\"1206\" data-end=\"1272\">Lett, slitesterk og egnet for daglig bruk p\u00e5 klinikken eller hjemme<\/p>\n<\/li>\n<\/ul>\n<hr data-start=\"1274\" data-end=\"1277\">\n<h3 data-start=\"1279\" data-end=\"1329\"><strong data-start=\"1283\" data-end=\"1329\">Farger og motstand (ved 100 % forlengelse)<\/strong><\/h3>\n<div class=\"_tableContainer_1rjym_1\">\n<div class=\"group _tableWrapper_1rjym_13 flex w-fit flex-col-reverse\" tabindex=\"-1\">\n<table class=\"w-fit min-w-(--thread-content-width)\" data-start=\"1330\" data-end=\"1939\">\n<thead data-start=\"1330\" data-end=\"1359\">\n<tr data-start=\"1330\" data-end=\"1359\">\n<th data-start=\"1330\" data-end=\"1338\" data-col-size=\"sm\">Farge<\/th>\n<th data-start=\"1338\" data-end=\"1349\" data-col-size=\"sm\">Motstand<\/th>\n<th data-start=\"1349\" data-end=\"1359\" data-col-size=\"md\">Motstandsniv\u00e5<\/th>\n<\/tr>\n<\/thead>\n<tbody data-start=\"1391\" data-end=\"1939\">\n<tr data-start=\"1391\" data-end=\"1463\">\n<td data-start=\"1391\" data-end=\"1401\" data-col-size=\"sm\">\n  <strong data-start=\"1393\" data-end=\"1400\">Gul<\/strong>\n<\/td>\n<td data-start=\"1401\" data-end=\"1418\" data-col-size=\"sm\">Ca. <strong data-start=\"1407\" data-end=\"1417\">1,3 kg<\/strong><\/td>\n<td data-start=\"1418\" data-end=\"1463\" data-col-size=\"md\">Lett - egnet for nybegynnere og rehabilitering<\/td>\n<\/tr>\n<tr data-start=\"1464\" data-end=\"1543\">\n<td data-start=\"1464\" data-end=\"1474\" data-col-size=\"sm\">\n  <strong data-start=\"1466\" data-end=\"1473\">R\u00f8d i fargen<\/strong>\n<\/td>\n<td data-start=\"1474\" data-end=\"1491\" data-col-size=\"sm\">Ca. <strong data-start=\"1480\" data-end=\"1490\">1,7 kg<\/strong><\/td>\n<td data-start=\"1491\" data-end=\"1543\" data-col-size=\"md\">Lett\/moderat - for lett styrketrening og mobilitet<\/td>\n<\/tr>\n<tr data-start=\"1544\" data-end=\"1612\">\n<td data-start=\"1544\" data-end=\"1555\" data-col-size=\"sm\">\n  <strong data-start=\"1546\" data-end=\"1554\">Gr\u00f8nn farge<\/strong>\n<\/td>\n<td data-start=\"1555\" data-end=\"1572\" data-col-size=\"sm\">Ca. <strong data-start=\"1561\" data-end=\"1571\">2,1 kg<\/strong><\/td>\n<td data-start=\"1572\" data-end=\"1612\" data-col-size=\"md\">Moderat - egnet for generell trening<\/td>\n<\/tr>\n<tr data-start=\"1613\" data-end=\"1687\">\n<td data-start=\"1613\" data-end=\"1623\" data-col-size=\"sm\">\n  <strong data-start=\"1615\" data-end=\"1622\">Bl\u00e5 farge<\/strong>\n<\/td>\n<td data-start=\"1623\" data-end=\"1640\" data-col-size=\"sm\">Ca. <strong data-start=\"1629\" data-end=\"1639\">2,6 kg<\/strong><\/td>\n<td data-start=\"1640\" data-end=\"1687\" data-col-size=\"md\">Moderat\/hard - for avansert bruk og progresjon<\/td>\n<\/tr>\n<tr data-start=\"1688\" data-end=\"1767\">\n<td data-start=\"1688\" data-end=\"1699\" data-col-size=\"sm\">\n  <strong data-start=\"1690\" data-end=\"1698\">Svart farge<\/strong>\n<\/td>\n<td data-start=\"1699\" data-end=\"1716\" data-col-size=\"sm\">Ca. <strong data-start=\"1705\" data-end=\"1715\">3,3 kg<\/strong><\/td>\n<td data-start=\"1716\" data-end=\"1767\" data-col-size=\"md\">Robust - for sterke brukere og funksjonell trening<\/td>\n<\/tr>\n<tr data-start=\"1768\" data-end=\"1853\">\n<td data-start=\"1768\" data-end=\"1779\" data-col-size=\"sm\">\n  <strong data-start=\"1770\" data-end=\"1778\">S\u00f8lvfarget<\/strong>\n<\/td>\n<td data-start=\"1779\" data-end=\"1796\" data-col-size=\"sm\">Ca. <strong data-start=\"1785\" data-end=\"1795\">4,6 kg<\/strong><\/td>\n<td data-start=\"1796\" data-end=\"1853\" data-col-size=\"md\">Ekstra hard - for idrettsut\u00f8vere og avanserte \u00f8velser<\/td>\n<\/tr>\n<tr data-start=\"1854\" data-end=\"1939\">\n<td data-start=\"1854\" data-end=\"1865\" data-col-size=\"sm\">\n  <strong data-start=\"1856\" data-end=\"1864\">Gullfarge<\/strong>\n<\/td>\n<td data-start=\"1865\" data-end=\"1882\" data-col-size=\"sm\">Ca. <strong data-start=\"1871\" data-end=\"1881\">6,5 kg<\/strong><\/td>\n<td data-start=\"1882\" data-end=\"1939\" data-col-size=\"md\">Veldig hard - maksimal motstand og prestasjonstrening<\/td>\n<\/tr>\n<\/tbody>\n<\/table>\n<\/div>\n<\/div>\n<p data-start=\"1941\" data-end=\"2040\"><em data-start=\"1941\" data-end=\"2040\">(Motstandsverdiene er oppgitt ved 100 % forlengelse - dvs. n\u00e5r b\u00e5ndet er strukket til dobbel lengde).<\/em><\/p>\n<hr data-start=\"2042\" data-end=\"2045\">\n<h3 data-start=\"2047\" data-end=\"2065\"><strong data-start=\"2051\" data-end=\"2065\">Hvordan bruke<\/strong><\/h3>\n<p data-start=\"2066\" data-end=\"2135\">Thera-Band Latex-frie elastiske b\u00e5nd brukes i en lang rekke \u00f8velser:<\/p>\n<ul data-start=\"2136\" data-end=\"2325\">\n<li data-start=\"2136\" data-end=\"2170\">\n<p data-start=\"2138\" data-end=\"2170\">Gjenoppretting og rehabilitering<\/p>\n<\/li>\n<li data-start=\"2171\" data-end=\"2206\">\n<p data-start=\"2173\" data-end=\"2206\">Mobilitets- og stabilitetstrening<\/p>\n<\/li>\n<li data-start=\"2207\" data-end=\"2248\">\n<p data-start=\"2209\" data-end=\"2248\">Muskelstyrke og nevromuskul\u00e6r kontroll<\/p>\n<\/li>\n<li data-start=\"2249\" data-end=\"2286\">\n<p data-start=\"2251\" data-end=\"2286\">Idrettsspesifikk funksjonell trening<\/p>\n<\/li>\n<li data-start=\"2287\" data-end=\"2325\">\n<p data-start=\"2289\" data-end=\"2325\">Trening av b\u00e5de over- og underkropp<\/p>\n<\/li>\n<\/ul>\n<hr data-start=\"2327\" data-end=\"2330\">\n<h3 data-start=\"2332\" data-end=\"2355\"><strong data-start=\"2336\" data-end=\"2355\">Spesifikasjoner<\/strong><\/h3>\n<ul data-start=\"2356\" data-end=\"2558\">\n<li data-start=\"2356\" data-end=\"2384\">\n<p data-start=\"2358\" data-end=\"2384\">Lengde: 22,9 meter per rull<\/p>\n<\/li>\n<li data-start=\"2385\" data-end=\"2425\">\n<p data-start=\"2387\" data-end=\"2425\">Materiale: Lateksfri syntetisk gummi<\/p>\n<\/li>\n<li data-start=\"2426\" data-end=\"2492\">\n<p data-start=\"2428\" data-end=\"2492\">Kan brukes med Thera-Band h\u00e5ndgrep, d\u00f8ranker og Assist Strap<\/p>\n<\/li>\n<li data-start=\"2493\" data-end=\"2531\">\n<p data-start=\"2495\" data-end=\"2531\">Kan rengj\u00f8res med mild s\u00e5pe og vann<\/p>\n<\/li>\n<\/ul>\n<hr data-start=\"2560\" data-end=\"2563\">\n<p data-start=\"2565\" data-end=\"2844\"><strong data-start=\"2565\" data-end=\"2604\">Thera-Band Latex-free Training Elastic<\/strong> er det profesjonelle valget n\u00e5r kvalitet, progresjon og pasientsikkerhet g\u00e5r h\u00e5nd i h\u00e5nd. Perfekt for fysioterapeuter, idrettsklinikker og privatpersoner som \u00f8nsker den mest velpr\u00f8vde strikken p\u00e5 markedet - n\u00e5 i en lateksfri versjon. <\/p>\n","protected":false},"excerpt":{"rendered":"<p><strong>Thera-Band Latex-free Training Elastic er den profesjonelle standarden innen elastisk motstandstrening - n\u00e5 i en lateksfri versjon som har de samme gode egenskapene som originalen, men uten risiko for allergiske reaksjoner.<\/strong><\/p>\n","protected":false},"featured_media":97746,"comment_status":"closed","ping_status":"closed","template":"","meta":{"_acf_changed":false},"product_brand":[],"product_cat":[1948,1937,2719,2217,2215,1945],"product_tag":[1944,2720],"class_list":{"0":"post-97761","1":"product","2":"type-product","3":"status-publish","4":"has-post-thumbnail","6":"product_cat-klinikk","7":"product_cat-merkevarer","8":"product_cat-thera-band-no","9":"product_cat-treningsbaand-no","10":"product_cat-treningsbaand","11":"product_cat-treningsutstyr","12":"product_tag-rehabmedic-no","13":"product_tag-thera-band-no","15":"first","16":"instock","17":"taxable","18":"shipping-taxable","19":"purchasable","20":"product-type-variable"},"acf":[],"_links":{"self":[{"href":"https:\/\/fysiolab.dk\/no\/wp-json\/wp\/v2\/product\/97761","targetHints":{"allow":["GET"]}}],"collection":[{"href":"https:\/\/fysiolab.dk\/no\/wp-json\/wp\/v2\/product"}],"about":[{"href":"https:\/\/fysiolab.dk\/no\/wp-json\/wp\/v2\/types\/product"}],"replies":[{"embeddable":true,"href":"https:\/\/fysiolab.dk\/no\/wp-json\/wp\/v2\/comments?post=97761"}],"wp:featuredmedia":[{"embeddable":true,"href":"https:\/\/fysiolab.dk\/no\/wp-json\/wp\/v2\/media\/97746"}],"wp:attachment":[{"href":"https:\/\/fysiolab.dk\/no\/wp-json\/wp\/v2\/media?parent=97761"}],"wp:term":[{"taxonomy":"product_brand","embeddable":true,"href":"https:\/\/fysiolab.dk\/no\/wp-json\/wp\/v2\/product_brand?post=97761"},{"taxonomy":"product_cat","embeddable":true,"href":"https:\/\/fysiolab.dk\/no\/wp-json\/wp\/v2\/product_cat?post=97761"},{"taxonomy":"product_tag","embeddable":true,"href":"https:\/\/fysiolab.dk\/no\/wp-json\/wp\/v2\/product_tag?post=97761"}],"curies":[{"name":"wp","href":"https:\/\/api.w.org\/{rel}","templated":true}]}}