{"id":97804,"date":"2025-10-05T11:29:34","date_gmt":"2025-10-05T09:29:34","guid":{"rendered":"https:\/\/fysiolab.dk\/product\/thera-band-clx-treningsbaand-22m\/"},"modified":"2025-12-18T09:20:09","modified_gmt":"2025-12-18T08:20:09","slug":"thera-band-clx-treningsbaand-22m","status":"publish","type":"product","link":"https:\/\/fysiolab.dk\/no\/product\/thera-band-clx-treningsbaand-22m\/","title":{"rendered":"Thera-Band CLX treningsb\u00e5nd 22m"},"content":{"rendered":"<h3 data-start=\"113\" data-end=\"155\"><strong data-start=\"116\" data-end=\"155\">Thera-Band CLX treningsstrikk 22 m<\/strong><\/h3>\n<p data-start=\"157\" data-end=\"437\">Thera-Band CLX (Consecutive Loops) er neste generasjons motstandstrening. Dette unike elastiske b\u00e5ndet har fortl\u00f8pende l\u00f8kker hele veien langs b\u00e5ndet, noe som gj\u00f8r det mulig \u00e5 trene b\u00e5de over- og underkroppen p\u00e5 utallige m\u00e5ter - uten behov for separate h\u00e5ndtak, stropper eller forankringer. <\/p>\n<p data-start=\"439\" data-end=\"781\">CLX-systemet gir deg et komplett treningsverkt\u00f8y i ett og samme b\u00e5nd. Hver l\u00f8kke kan brukes som h\u00e5ndtak, fotst\u00f8tte, anker eller grep - og du kan raskt endre \u00f8velser uten \u00e5 justere utstyret. Dette gj\u00f8r CLX ideelt for b\u00e5de fysioterapeuter, personlige trenere og pasienter som \u00f8nsker fleksibel og effektiv trening med presis kontroll over motstanden.  <\/p>\n<hr data-start=\"783\" data-end=\"786\">\n<h3 data-start=\"788\" data-end=\"803\"><strong data-start=\"792\" data-end=\"803\">Fordeler og fordeler<\/strong><\/h3>\n<ul data-start=\"804\" data-end=\"1280\">\n<li data-start=\"804\" data-end=\"893\">\n<p data-start=\"806\" data-end=\"893\">P\u00e5f\u00f8lgende sl\u00f8yfer - for endel\u00f8se kombinasjoner av grep og anker<\/p>\n<\/li>\n<li data-start=\"894\" data-end=\"983\">\n<p data-start=\"896\" data-end=\"983\">Alt-i-ett-l\u00f8sning - kan brukes som klassisk tape, l\u00f8kke, slange og h\u00e5ndtak i ett og samme produkt<\/p>\n<\/li>\n<li data-start=\"984\" data-end=\"1041\">\n<p data-start=\"986\" data-end=\"1041\">Latexfritt materiale - sk\u00e5nsomt mot huden og allergivennlig<\/p>\n<\/li>\n<li data-start=\"1042\" data-end=\"1108\">\n<p data-start=\"1044\" data-end=\"1108\">Perfekt for klinisk bruk - enkel \u00e5 rengj\u00f8re, justere og tilpasse<\/p>\n<\/li>\n<li data-start=\"1109\" data-end=\"1202\">\n<p data-start=\"1111\" data-end=\"1202\">22 meter rull - ideell for klinikker, slik at du kan klippe individuelle lengder til pasientene<\/p>\n<\/li>\n<li data-start=\"1203\" data-end=\"1280\">\n<p data-start=\"1205\" data-end=\"1280\">Kompatibel med Thera-Band-tilbeh\u00f8r som d\u00f8rforankringer, h\u00e5ndtak og Assist Strap<\/p>\n<\/li>\n<\/ul>\n<hr data-start=\"1282\" data-end=\"1285\">\n<h3 data-start=\"1287\" data-end=\"1339\"><strong data-start=\"1291\" data-end=\"1337\">Farger og motstand (ved 100 % forlengelse)<\/strong><\/h3>\n<div class=\"_tableContainer_1rjym_1\">\n<div class=\"group _tableWrapper_1rjym_13 flex w-fit flex-col-reverse\" tabindex=\"-1\">\n<table class=\"w-fit min-w-(--thread-content-width)\" data-start=\"1340\" data-end=\"1838\">\n<thead data-start=\"1340\" data-end=\"1369\">\n<tr data-start=\"1340\" data-end=\"1369\">\n<th data-start=\"1340\" data-end=\"1348\" data-col-size=\"sm\">Farge<\/th>\n<th data-start=\"1348\" data-end=\"1359\" data-col-size=\"sm\">Motstand<\/th>\n<th data-start=\"1359\" data-end=\"1369\" data-col-size=\"md\">Motstandsniv\u00e5<\/th>\n<\/tr>\n<\/thead>\n<tbody data-start=\"1401\" data-end=\"1838\">\n<tr data-start=\"1401\" data-end=\"1473\">\n<td data-start=\"1401\" data-end=\"1407\" data-col-size=\"sm\">R\u00f8d i fargen<\/td>\n<td data-start=\"1407\" data-end=\"1420\" data-col-size=\"sm\">Ca. 1,7 kg<\/td>\n<td data-start=\"1420\" data-end=\"1473\" data-col-size=\"md\">Lett\/moderat - egnet for rehabilitering og mobilitet<\/td>\n<\/tr>\n<tr data-start=\"1474\" data-end=\"1545\">\n<td data-start=\"1474\" data-end=\"1481\" data-col-size=\"sm\">Gr\u00f8nn farge<\/td>\n<td data-start=\"1481\" data-end=\"1494\" data-col-size=\"sm\">Ca. 2,1 kg<\/td>\n<td data-start=\"1494\" data-end=\"1545\" data-col-size=\"md\">Moderat - for generell styrketrening og stabilitet<\/td>\n<\/tr>\n<tr data-start=\"1546\" data-end=\"1615\">\n<td data-start=\"1546\" data-end=\"1552\" data-col-size=\"sm\">Bl\u00e5 farge<\/td>\n<td data-start=\"1552\" data-end=\"1565\" data-col-size=\"sm\">Ca. 2,6 kg<\/td>\n<td data-start=\"1565\" data-end=\"1615\" data-col-size=\"md\">Moderat\/hard - for avansert og funksjonell trening<\/td>\n<\/tr>\n<tr data-start=\"1616\" data-end=\"1686\">\n<td data-start=\"1616\" data-end=\"1623\" data-col-size=\"sm\">Svart farge<\/td>\n<td data-start=\"1623\" data-end=\"1636\" data-col-size=\"sm\">Ca. 3,3 kg<\/td>\n<td data-start=\"1636\" data-end=\"1686\" data-col-size=\"md\">Robust - ideell for styrke- og prestasjonstrening<\/td>\n<\/tr>\n<tr data-start=\"1687\" data-end=\"1764\">\n<td data-start=\"1687\" data-end=\"1694\" data-col-size=\"sm\">S\u00f8lvfarget<\/td>\n<td data-start=\"1694\" data-end=\"1707\" data-col-size=\"sm\">Ca. 4,6 kg<\/td>\n<td data-start=\"1707\" data-end=\"1764\" data-col-size=\"md\">Ekstra t\u00f8ff - for idrettsut\u00f8vere og avanserte \u00f8velser<\/td>\n<\/tr>\n<tr data-start=\"1765\" data-end=\"1838\">\n<td data-start=\"1765\" data-end=\"1772\" data-col-size=\"sm\">Gullfarge<\/td>\n<td data-start=\"1772\" data-end=\"1785\" data-col-size=\"sm\">Ca. 6,5 kg<\/td>\n<td data-start=\"1785\" data-end=\"1838\" data-col-size=\"md\">Sv\u00e6rt hard - for maksimal belastning og toppniv\u00e5<\/td>\n<\/tr>\n<\/tbody>\n<\/table>\n<\/div>\n<\/div>\n<p data-start=\"1840\" data-end=\"1928\"><em data-start=\"1840\" data-end=\"1928\">(Motstandsverdiene er m\u00e5lt ved 100 % forlengelse - n\u00e5r b\u00e5ndet er strukket til dobbel lengde).<\/em><\/p>\n<hr data-start=\"1930\" data-end=\"1933\">\n<h3 data-start=\"1935\" data-end=\"1964\"><strong data-start=\"1939\" data-end=\"1964\">Anvendelsesmuligheter<\/strong><\/h3>\n<p data-start=\"1965\" data-end=\"2027\">Thera-Band CLX brukes til en rekke ulike typer trening:<\/p>\n<ul data-start=\"2028\" data-end=\"2221\">\n<li data-start=\"2028\" data-end=\"2062\">\n<p data-start=\"2030\" data-end=\"2062\">Rehabilitering og rehabilitering<\/p>\n<\/li>\n<li data-start=\"2063\" data-end=\"2100\">\n<p data-start=\"2065\" data-end=\"2100\">Mobilitets- og stabilitetstrening<\/p>\n<\/li>\n<li data-start=\"2101\" data-end=\"2135\">\n<p data-start=\"2103\" data-end=\"2135\">Styrketrening for hele kroppen<\/p>\n<\/li>\n<li data-start=\"2136\" data-end=\"2176\">\n<p data-start=\"2138\" data-end=\"2176\">Idrettsspesifikk og funksjonell trening<\/p>\n<\/li>\n<li data-start=\"2177\" data-end=\"2221\">\n<p data-start=\"2179\" data-end=\"2221\">Klasseromsoppl\u00e6ring, hjemmetrening og klinikkbruk<\/p>\n<\/li>\n<\/ul>\n<p data-start=\"2223\" data-end=\"2484\">CLX gj\u00f8r det enkelt \u00e5 variere belastningen og \u00f8velsene - for eksempel kan du bruke ett sett med l\u00f8kker til overkroppen, mens de nedre l\u00f8kkene brukes til bein\u00f8velser i samme bevegelse. Dette gir naturlige bevegelser og effektiv trening med full kontroll over motstanden. <\/p>\n<hr data-start=\"2486\" data-end=\"2489\">\n<h3 data-start=\"2491\" data-end=\"2514\"><strong data-start=\"2495\" data-end=\"2514\">Spesifikasjoner<\/strong><\/h3>\n<ul data-start=\"2515\" data-end=\"2742\">\n<li data-start=\"2515\" data-end=\"2573\">\n<p data-start=\"2517\" data-end=\"2573\">Lengde: 22 meter rull (kan kappes til \u00f8nsket lengde)<\/p>\n<\/li>\n<li data-start=\"2574\" data-end=\"2594\">\n<p data-start=\"2576\" data-end=\"2594\">Bredde: ca. 5 cm<\/p>\n<\/li>\n<li data-start=\"2595\" data-end=\"2629\">\n<p data-start=\"2597\" data-end=\"2629\">Materiale: Lateksfri elastomer<\/p>\n<\/li>\n<li data-start=\"2630\" data-end=\"2660\">\n<p data-start=\"2632\" data-end=\"2660\">Fargekodet motstandssystem<\/p>\n<\/li>\n<li data-start=\"2661\" data-end=\"2719\">\n<p data-start=\"2663\" data-end=\"2719\">Enkel \u00e5 rengj\u00f8re - t\u00f8rkes av med mild s\u00e5pe og vann<\/p>\n<\/li>\n<li data-start=\"2720\" data-end=\"2742\">\n<p data-start=\"2722\" data-end=\"2742\">M\u00e5 ikke t\u00f8rkes i t\u00f8rketrommel<\/p>\n<\/li>\n<\/ul>\n<hr data-start=\"2744\" data-end=\"2747\">\n<p data-start=\"2749\" data-end=\"2950\">Thera-Band CLX 22 m er det mest allsidige elastiske b\u00e5ndet p\u00e5 markedet - designet for profesjonelle, men perfekt for alle som \u00f8nsker kvalitet, fleksibilitet og velpr\u00f8vd motstandstrening i ett og samme b\u00e5nd.<\/p>\n","protected":false},"excerpt":{"rendered":"<p data-start=\"157\" data-end=\"437\"><strong>Thera-Band CLX (Consecutive Loops) er neste generasjon motstandstrening. Dette unike elastiske b\u00e5ndet har fortl\u00f8pende l\u00f8kker hele veien langs b\u00e5ndet, noe som gj\u00f8r det mulig \u00e5 trene b\u00e5de over- og underkroppen p\u00e5 utallige m\u00e5ter - uten behov for separate h\u00e5ndtak, stropper eller forankringer. <\/strong><\/p>\n<p data-start=\"439\" data-end=\"781\">\n","protected":false},"featured_media":97778,"comment_status":"closed","ping_status":"closed","template":"","meta":{"_acf_changed":false},"product_brand":[],"product_cat":[1948,1937,2719,2217,2215,1945],"product_tag":[1944,2720],"class_list":{"0":"post-97804","1":"product","2":"type-product","3":"status-publish","4":"has-post-thumbnail","6":"product_cat-klinikk","7":"product_cat-merkevarer","8":"product_cat-thera-band-no","9":"product_cat-treningsbaand-no","10":"product_cat-treningsbaand","11":"product_cat-treningsutstyr","12":"product_tag-rehabmedic-no","13":"product_tag-thera-band-no","15":"first","16":"instock","17":"taxable","18":"shipping-taxable","19":"purchasable","20":"product-type-variable"},"acf":[],"_links":{"self":[{"href":"https:\/\/fysiolab.dk\/no\/wp-json\/wp\/v2\/product\/97804","targetHints":{"allow":["GET"]}}],"collection":[{"href":"https:\/\/fysiolab.dk\/no\/wp-json\/wp\/v2\/product"}],"about":[{"href":"https:\/\/fysiolab.dk\/no\/wp-json\/wp\/v2\/types\/product"}],"replies":[{"embeddable":true,"href":"https:\/\/fysiolab.dk\/no\/wp-json\/wp\/v2\/comments?post=97804"}],"wp:featuredmedia":[{"embeddable":true,"href":"https:\/\/fysiolab.dk\/no\/wp-json\/wp\/v2\/media\/97778"}],"wp:attachment":[{"href":"https:\/\/fysiolab.dk\/no\/wp-json\/wp\/v2\/media?parent=97804"}],"wp:term":[{"taxonomy":"product_brand","embeddable":true,"href":"https:\/\/fysiolab.dk\/no\/wp-json\/wp\/v2\/product_brand?post=97804"},{"taxonomy":"product_cat","embeddable":true,"href":"https:\/\/fysiolab.dk\/no\/wp-json\/wp\/v2\/product_cat?post=97804"},{"taxonomy":"product_tag","embeddable":true,"href":"https:\/\/fysiolab.dk\/no\/wp-json\/wp\/v2\/product_tag?post=97804"}],"curies":[{"name":"wp","href":"https:\/\/api.w.org\/{rel}","templated":true}]}}