{"id":97815,"date":"2025-10-05T11:41:03","date_gmt":"2025-10-05T09:41:03","guid":{"rendered":"https:\/\/fysiolab.dk\/product\/thera-band-tilbehoerssett\/"},"modified":"2025-12-18T09:20:09","modified_gmt":"2025-12-18T08:20:09","slug":"thera-band-tilbehoerssett","status":"publish","type":"product","link":"https:\/\/fysiolab.dk\/no\/product\/thera-band-tilbehoerssett\/","title":{"rendered":"Thera-Band tilbeh\u00f8rssett"},"content":{"rendered":"<h3 data-start=\"155\" data-end=\"185\"><strong data-start=\"158\" data-end=\"185\">Thera-Band tilbeh\u00f8rssett<\/strong><\/h3>\n<p data-start=\"187\" data-end=\"411\">Thera-Band Accessory Kit er det ideelle supplementet til alle Thera-Band-treningsb\u00e5nd og -tuber.<br data-start=\"286\" data-end=\"289\">Settet inneholder alt du trenger for \u00e5 f\u00e5 mest mulig ut av treningen din - hjemme, p\u00e5 klinikken eller p\u00e5 farten.<\/p>\n<p data-start=\"413\" data-end=\"570\">Med dette settet kan du utf\u00f8re et mye bredere spekter av \u00f8velser, justere belastningen og trene b\u00e5de over- og underkroppen p\u00e5 en mer ergonomisk og effektiv m\u00e5te.<\/p>\n<hr data-start=\"572\" data-end=\"575\">\n<h3 data-start=\"577\" data-end=\"601\"><strong data-start=\"581\" data-end=\"601\">Innhold i settet<\/strong><\/h3>\n<ul data-start=\"602\" data-end=\"1746\">\n<li data-start=\"602\" data-end=\"961\">\n<p data-start=\"604\" data-end=\"961\"><strong data-start=\"604\" data-end=\"633\">2 Thera-Band-h\u00e5ndtak <\/strong><br data-start=\"633\" data-end=\"636\">Komfortable og robuste h\u00e5ndtak som gj\u00f8r det enkelt \u00e5 holde fast i b\u00e5ndet - uansett motstandsniv\u00e5.<br data-start=\"739\" data-end=\"742\">H\u00e5ndtakene sikrer et godt grep, reduserer belastningen p\u00e5 hender og fingre og gir bedre kontroll under treningen.<br data-start=\"851\" data-end=\"854\">De passer til alle Thera-Band-b\u00e5nd og -tuber, som enkelt kan festes via en sikker l\u00f8kkeanordning.<\/p>\n<\/li>\n<li data-start=\"963\" data-end=\"1352\">\n<p data-start=\"965\" data-end=\"1352\"><strong data-start=\"965\" data-end=\"995\">1 stk. Thera-Band d\u00f8ranker<\/strong><br data-start=\"995\" data-end=\"998\">Et praktisk anker som gj\u00f8r det mulig \u00e5 feste strikken til en d\u00f8r - \u00f8verst, p\u00e5 siden eller nederst p\u00e5 d\u00f8rkarmen.<br data-start=\"1119\" data-end=\"1122\">Den gj\u00f8r det mulig \u00e5 utf\u00f8re et bredt spekter av \u00f8velser for armer, skuldre, rygg og ben uten bruk av annet utstyr.<br data-start=\"1238\" data-end=\"1241\">Perfekt for hjemmebruk og klinikker der du \u00f8nsker fleksibel trening uten behov for faste installasjoner.<\/p>\n<\/li>\n<li data-start=\"1354\" data-end=\"1746\">\n<p data-start=\"1356\" data-end=\"1746\"><strong data-start=\"1356\" data-end=\"1390\">1 stk. Thera-Band Assist Strap<\/strong><br data-start=\"1390\" data-end=\"1393\">En sterk og justerbar stropp som gj\u00f8r det enklere \u00e5 feste strikken rundt f\u00f8tter, ben eller armer.<br data-start=\"1498\" data-end=\"1501\">Brukes spesielt til mobilitets- og stabilitetstrening og til pasienter med nedsatt gripestyrke der strikken ikke kan holdes direkte.<br data-start=\"1640\" data-end=\"1643\">Stroppen kan ogs\u00e5 brukes som forlengelses- eller hjelpegrep ved \u00f8velser der rekkevidden m\u00e5 \u00f8kes.<\/p>\n<\/li>\n<\/ul>\n<hr data-start=\"1748\" data-end=\"1751\">\n<h3 data-start=\"1753\" data-end=\"1768\"><strong data-start=\"1757\" data-end=\"1768\">Fordeler og fordeler<\/strong><\/h3>\n<ul data-start=\"1769\" data-end=\"2092\">\n<li data-start=\"1769\" data-end=\"1824\">\n<p data-start=\"1771\" data-end=\"1824\">Komplett startsett for Thera-Band-strikker og -slanger<\/p>\n<\/li>\n<li data-start=\"1825\" data-end=\"1893\">\n<p data-start=\"1827\" data-end=\"1893\">Muliggj\u00f8r allsidig og funksjonell trening av hele kroppen<\/p>\n<\/li>\n<li data-start=\"1894\" data-end=\"1960\">\n<p data-start=\"1896\" data-end=\"1960\">Passer til alle Thera-Band-produkter uansett motstand og lengde<\/p>\n<\/li>\n<li data-start=\"1961\" data-end=\"2038\">\n<p data-start=\"1963\" data-end=\"2038\">H\u00f8y kvalitet og holdbarhet - egnet for b\u00e5de klinisk og privat bruk<\/p>\n<\/li>\n<li data-start=\"2039\" data-end=\"2092\">\n<p data-start=\"2041\" data-end=\"2092\">Enkel montering og sikker festing av elastiske b\u00e5nd<\/p>\n<\/li>\n<\/ul>\n<hr data-start=\"2094\" data-end=\"2097\">\n<h3 data-start=\"2099\" data-end=\"2125\"><strong data-start=\"2103\" data-end=\"2125\">Bruksomr\u00e5der<\/strong><\/h3>\n<p data-start=\"2126\" data-end=\"2161\">Thera-Band tilbeh\u00f8rssett brukes til:<\/p>\n<ul data-start=\"2162\" data-end=\"2349\">\n<li data-start=\"2162\" data-end=\"2196\">\n<p data-start=\"2164\" data-end=\"2196\">Rehabilitering og rehabilitering<\/p>\n<\/li>\n<li data-start=\"2197\" data-end=\"2225\">\n<p data-start=\"2199\" data-end=\"2225\">Funksjonell styrketrening<\/p>\n<\/li>\n<li data-start=\"2226\" data-end=\"2263\">\n<p data-start=\"2228\" data-end=\"2263\">Mobilitets- og stabilitets\u00f8velser<\/p>\n<\/li>\n<li data-start=\"2264\" data-end=\"2316\">\n<p data-start=\"2266\" data-end=\"2316\">Idrettsspesifikk trening og prestasjonsforbedring<\/p>\n<\/li>\n<li data-start=\"2317\" data-end=\"2349\">\n<p data-start=\"2319\" data-end=\"2349\">Hjemmetrening og gruppetrening<\/p>\n<\/li>\n<\/ul>\n<hr data-start=\"2351\" data-end=\"2354\">\n<p data-start=\"2356\" data-end=\"2529\">Dette tilbeh\u00f8rssettet samler alt du trenger i \u00e9n praktisk pakke - slik at du raskt kan komme i gang med effektiv og m\u00e5lrettet trening med Thera-Band-stripsene dine.<\/p>\n","protected":false},"excerpt":{"rendered":"<p><strong>Thera-Band Accessory Kit er det ideelle tillegget til alle Thera-Band treningsb\u00e5nd og -tuber.<\/strong><br data-start=\"286\" data-end=\"289\"><strong>Settet inneholder alt du trenger for \u00e5 f\u00e5 mest mulig ut av treningen din - hjemme, p\u00e5 klinikken eller p\u00e5 farten.<\/strong><\/p>\n","protected":false},"featured_media":97814,"comment_status":"closed","ping_status":"closed","template":"","meta":{"_acf_changed":false},"product_brand":[],"product_cat":[1948,2221,1937,2719,2215,2217],"product_tag":[1944,2720],"class_list":{"0":"post-97815","1":"product","2":"type-product","3":"status-publish","4":"has-post-thumbnail","6":"product_cat-klinikk","7":"product_cat-annet-treningsutstyr","8":"product_cat-merkevarer","9":"product_cat-thera-band-no","10":"product_cat-treningsbaand","11":"product_cat-treningsbaand-no","12":"product_tag-rehabmedic-no","13":"product_tag-thera-band-no","15":"first","16":"instock","17":"taxable","18":"shipping-taxable","19":"purchasable","20":"product-type-simple"},"acf":[],"_links":{"self":[{"href":"https:\/\/fysiolab.dk\/no\/wp-json\/wp\/v2\/product\/97815","targetHints":{"allow":["GET"]}}],"collection":[{"href":"https:\/\/fysiolab.dk\/no\/wp-json\/wp\/v2\/product"}],"about":[{"href":"https:\/\/fysiolab.dk\/no\/wp-json\/wp\/v2\/types\/product"}],"replies":[{"embeddable":true,"href":"https:\/\/fysiolab.dk\/no\/wp-json\/wp\/v2\/comments?post=97815"}],"wp:featuredmedia":[{"embeddable":true,"href":"https:\/\/fysiolab.dk\/no\/wp-json\/wp\/v2\/media\/97814"}],"wp:attachment":[{"href":"https:\/\/fysiolab.dk\/no\/wp-json\/wp\/v2\/media?parent=97815"}],"wp:term":[{"taxonomy":"product_brand","embeddable":true,"href":"https:\/\/fysiolab.dk\/no\/wp-json\/wp\/v2\/product_brand?post=97815"},{"taxonomy":"product_cat","embeddable":true,"href":"https:\/\/fysiolab.dk\/no\/wp-json\/wp\/v2\/product_cat?post=97815"},{"taxonomy":"product_tag","embeddable":true,"href":"https:\/\/fysiolab.dk\/no\/wp-json\/wp\/v2\/product_tag?post=97815"}],"curies":[{"name":"wp","href":"https:\/\/api.w.org\/{rel}","templated":true}]}}