{"id":98162,"date":"2025-10-07T21:45:06","date_gmt":"2025-10-07T19:45:06","guid":{"rendered":"https:\/\/fysiolab.dk\/product\/liiteguard-nr-boxy-t-skjorte-unisex\/"},"modified":"2025-12-18T09:20:08","modified_gmt":"2025-12-18T08:20:08","slug":"liiteguard-nr-boxy-t-skjorte-unisex","status":"publish","type":"product","link":"https:\/\/fysiolab.dk\/no\/product\/liiteguard-nr-boxy-t-skjorte-unisex\/","title":{"rendered":"LiiteGuard NR BOXY T-skjorte (unisex)"},"content":{"rendered":"<p data-start=\"180\" data-end=\"221\"><strong data-start=\"180\" data-end=\"219\">LiiteGuard NR BOXY T-skjorte (unisex)<\/strong><\/p>\n<p data-start=\"223\" data-end=\"593\">liiteGuard NR BOXY T-Shirt er en eksklusiv unisex-t-skjorte med en moderne, avslappet boxy passform, designet for b\u00e5de trening og hverdagsbruk. Stoffet er mykt, lett og pustende for en behagelig f\u00f8lelse mot huden - selv under aktivitet. Den l\u00f8se passformen gir bevegelsesfrihet og et stilrent utseende som fungerer like godt p\u00e5 treningssenteret som til hverdags.  <\/p>\n<p data-start=\"595\" data-end=\"832\">T-skjorten er laget av et slitesterkt bomullsbasert stoff som holder formen vask etter vask. Den har en diskret liiteGuard-logo p\u00e5 brystet og et karakteristisk grafisk trykk p\u00e5 ryggen som gir karakter uten \u00e5 dominere. <\/p>\n<p data-start=\"834\" data-end=\"856\"><strong data-start=\"834\" data-end=\"854\">Spesifikasjoner:<\/strong><\/p>\n<ul data-start=\"857\" data-end=\"1091\">\n<li data-start=\"857\" data-end=\"894\">\n<p data-start=\"859\" data-end=\"894\">Unisex-modell - avslappet boxy passform<\/p>\n<\/li>\n<li data-start=\"895\" data-end=\"923\">\n<p data-start=\"897\" data-end=\"923\">Lett og pustende materiale<\/p>\n<\/li>\n<li data-start=\"924\" data-end=\"969\">\n<p data-start=\"926\" data-end=\"969\">Diskret logo p\u00e5 forsiden og grafisk trykk p\u00e5 baksiden<\/p>\n<\/li>\n<li data-start=\"970\" data-end=\"1009\">\n<p data-start=\"972\" data-end=\"1009\">Opprettholder passform og komfort over tid<\/p>\n<\/li>\n<li data-start=\"1010\" data-end=\"1039\">\n<p data-start=\"1012\" data-end=\"1039\">Farge: Lys gr\u00e5 melange<\/p>\n<\/li>\n<li data-start=\"1040\" data-end=\"1062\">\n<p data-start=\"1042\" data-end=\"1062\">St\u00f8rrelser: XS-XXL<\/p>\n<\/li>\n<li data-start=\"1063\" data-end=\"1091\">\n<p data-start=\"1065\" data-end=\"1091\">T\u00f8rkes ikke i t\u00f8rketrommel<\/p>\n<\/li>\n<\/ul>\n<p><strong>Materiale:<\/strong><\/p>\n<p>46 % polyester (resirkulert), 30 % bomull (resirkulert), 24 % bomull<\/p>\n","protected":false},"excerpt":{"rendered":"<p><strong>liiteGuard NR BOXY T-Shirt er en unisex-t-skjorte med en avslappet, boxy passform i et lett og mykt materiale. Den kombinerer h\u00f8y komfort med et stilig design som passer perfekt til b\u00e5de trening og hverdagsbruk. Farge: Lysegr\u00e5 melange.  <\/strong><\/p>\n","protected":false},"featured_media":98154,"comment_status":"closed","ping_status":"closed","template":"","meta":{"_acf_changed":false},"product_brand":[],"product_cat":[1966,1965,1968,1937],"product_tag":[1971],"class_list":{"0":"post-98162","1":"product","2":"type-product","3":"status-publish","4":"has-post-thumbnail","6":"product_cat-klaer","7":"product_cat-liiteguard-no","8":"product_cat-liiteguard-no-2","9":"product_cat-merkevarer","10":"product_tag-liiteguard-no","12":"first","13":"instock","14":"taxable","15":"shipping-taxable","16":"purchasable","17":"product-type-variable"},"acf":[],"_links":{"self":[{"href":"https:\/\/fysiolab.dk\/no\/wp-json\/wp\/v2\/product\/98162","targetHints":{"allow":["GET"]}}],"collection":[{"href":"https:\/\/fysiolab.dk\/no\/wp-json\/wp\/v2\/product"}],"about":[{"href":"https:\/\/fysiolab.dk\/no\/wp-json\/wp\/v2\/types\/product"}],"replies":[{"embeddable":true,"href":"https:\/\/fysiolab.dk\/no\/wp-json\/wp\/v2\/comments?post=98162"}],"wp:featuredmedia":[{"embeddable":true,"href":"https:\/\/fysiolab.dk\/no\/wp-json\/wp\/v2\/media\/98154"}],"wp:attachment":[{"href":"https:\/\/fysiolab.dk\/no\/wp-json\/wp\/v2\/media?parent=98162"}],"wp:term":[{"taxonomy":"product_brand","embeddable":true,"href":"https:\/\/fysiolab.dk\/no\/wp-json\/wp\/v2\/product_brand?post=98162"},{"taxonomy":"product_cat","embeddable":true,"href":"https:\/\/fysiolab.dk\/no\/wp-json\/wp\/v2\/product_cat?post=98162"},{"taxonomy":"product_tag","embeddable":true,"href":"https:\/\/fysiolab.dk\/no\/wp-json\/wp\/v2\/product_tag?post=98162"}],"curies":[{"name":"wp","href":"https:\/\/api.w.org\/{rel}","templated":true}]}}