{"id":98196,"date":"2025-10-07T21:55:02","date_gmt":"2025-10-07T19:55:02","guid":{"rendered":"https:\/\/fysiolab.dk\/product\/liiteguard-nr-sweat-hoodie-unisex\/"},"modified":"2025-12-18T09:20:08","modified_gmt":"2025-12-18T08:20:08","slug":"liiteguard-nr-sweat-hoodie-unisex","status":"publish","type":"product","link":"https:\/\/fysiolab.dk\/no\/product\/liiteguard-nr-sweat-hoodie-unisex\/","title":{"rendered":"LiiteGuard NR SWEAT-hettegenser (unisex)"},"content":{"rendered":"<p data-start=\"97\" data-end=\"138\"><strong data-start=\"97\" data-end=\"136\">LiiteGuard NR Sweat Hoodie (unisex)<\/strong><\/p>\n<p data-start=\"140\" data-end=\"498\">NR Sweat Hoodie fra LiiteGuard er en stilig unisex-hettegenser med en avslappet passform, perfekt for b\u00e5de trening og fritid. Den er laget av et lett og mykt materiale med h\u00f8y pusteevne for komfort hele dagen. Hettegenseren har hette med justerbar sn\u00f8ring, diskret logo p\u00e5 brystet og et grafisk trykk p\u00e5 ryggen for en moderne og sporty look.  <\/p>\n<p data-start=\"500\" data-end=\"522\"><strong data-start=\"500\" data-end=\"520\">Spesifikasjoner:<\/strong><\/p>\n<ul data-start=\"523\" data-end=\"798\">\n<li data-start=\"523\" data-end=\"561\">\n<p data-start=\"525\" data-end=\"561\">Unisex-modell med avslappet passform<\/p>\n<\/li>\n<li data-start=\"562\" data-end=\"597\">\n<p data-start=\"564\" data-end=\"597\">Lett, mykt og pustende materiale<\/p>\n<\/li>\n<li data-start=\"598\" data-end=\"617\">\n<p data-start=\"600\" data-end=\"617\">Hette med l\u00f8pesnor<\/p>\n<\/li>\n<li data-start=\"618\" data-end=\"670\">\n<p data-start=\"620\" data-end=\"670\">Grafisk trykk p\u00e5 ryggen, diskret logo p\u00e5 brystet<\/p>\n<\/li>\n<li data-start=\"671\" data-end=\"700\">\n<p data-start=\"673\" data-end=\"700\">Farge: Lys gr\u00e5 melange<\/p>\n<\/li>\n<li data-start=\"701\" data-end=\"723\">\n<p data-start=\"703\" data-end=\"723\">St\u00f8rrelser: XS-XXL<\/p>\n<\/li>\n<li data-start=\"724\" data-end=\"798\">\n<p data-start=\"726\" data-end=\"798\">Materiale: 46 % resirkulert polyester, 30 % resirkulert bomull, 24 % bomull<\/p>\n<\/li>\n<\/ul>\n","protected":false},"excerpt":{"rendered":"<p><strong>Komfortabel unisex-hettegenser med avslappet passform, hette med sn\u00f8ring og grafisk trykk p\u00e5 ryggen. Perfekt til b\u00e5de trening og fritid. Farge: Light Grey Melange, st\u00f8rrelser XS-XXL.  <\/strong><\/p>\n","protected":false},"featured_media":98189,"comment_status":"closed","ping_status":"closed","template":"","meta":{"_acf_changed":false},"product_brand":[],"product_cat":[1966,1965,1968,1937],"product_tag":[1971],"class_list":{"0":"post-98196","1":"product","2":"type-product","3":"status-publish","4":"has-post-thumbnail","6":"product_cat-klaer","7":"product_cat-liiteguard-no","8":"product_cat-liiteguard-no-2","9":"product_cat-merkevarer","10":"product_tag-liiteguard-no","12":"first","13":"instock","14":"taxable","15":"shipping-taxable","16":"purchasable","17":"product-type-variable"},"acf":[],"_links":{"self":[{"href":"https:\/\/fysiolab.dk\/no\/wp-json\/wp\/v2\/product\/98196","targetHints":{"allow":["GET"]}}],"collection":[{"href":"https:\/\/fysiolab.dk\/no\/wp-json\/wp\/v2\/product"}],"about":[{"href":"https:\/\/fysiolab.dk\/no\/wp-json\/wp\/v2\/types\/product"}],"replies":[{"embeddable":true,"href":"https:\/\/fysiolab.dk\/no\/wp-json\/wp\/v2\/comments?post=98196"}],"wp:featuredmedia":[{"embeddable":true,"href":"https:\/\/fysiolab.dk\/no\/wp-json\/wp\/v2\/media\/98189"}],"wp:attachment":[{"href":"https:\/\/fysiolab.dk\/no\/wp-json\/wp\/v2\/media?parent=98196"}],"wp:term":[{"taxonomy":"product_brand","embeddable":true,"href":"https:\/\/fysiolab.dk\/no\/wp-json\/wp\/v2\/product_brand?post=98196"},{"taxonomy":"product_cat","embeddable":true,"href":"https:\/\/fysiolab.dk\/no\/wp-json\/wp\/v2\/product_cat?post=98196"},{"taxonomy":"product_tag","embeddable":true,"href":"https:\/\/fysiolab.dk\/no\/wp-json\/wp\/v2\/product_tag?post=98196"}],"curies":[{"name":"wp","href":"https:\/\/api.w.org\/{rel}","templated":true}]}}