{"id":98397,"date":"2025-10-08T21:18:19","date_gmt":"2025-10-08T19:18:19","guid":{"rendered":"https:\/\/fysiolab.dk\/product\/liiteguard-shin-tech-kompresjonshylse-for-legg\/"},"modified":"2025-12-18T09:20:08","modified_gmt":"2025-12-18T08:20:08","slug":"liiteguard-shin-tech-kompresjonshylse-for-legg","status":"publish","type":"product","link":"https:\/\/fysiolab.dk\/no\/product\/liiteguard-shin-tech-kompresjonshylse-for-legg\/","title":{"rendered":"LiiteGuard Shin-Tech kompresjonshylse for leggen"},"content":{"rendered":"<h3 data-start=\"0\" data-end=\"50\"><strong data-start=\"0\" data-end=\"48\">LiiteGuard Shin-Tech kompresjonshylse for legg - hvit og svart  <\/strong><\/h3>\n<p data-start=\"52\" data-end=\"494\">liiteGuard SHIN-TECH er utviklet for l\u00f8pere og idrettsut\u00f8vere som \u00f8nsker maksimal st\u00f8tte og ytelse under trening og konkurranse. Den graderte kompresjonen \u00f8ker blodgjennomstr\u00f8mningen til leggmuskulaturen, noe som reduserer tretthet og fremmer raskere restitusjon. Den innebygde akilleskompresjonen stabiliserer og avlaster seneomr\u00e5det, mens den m\u00e5lrettede st\u00f8tten langs leggen reduserer risikoen for beinhinnebetennelse og muskelvibrasjoner.  <\/p>\n<p data-start=\"496\" data-end=\"744\">Den pustende og svetteavvisende tekstilstrukturen s\u00f8rger for h\u00f8y komfort selv under lange og krevende trenings\u00f8kter. Et innvendig silikonbelegg holder ermene stabile uten \u00e5 skli.<br data-start=\"692\" data-end=\"695\">Perfekt for l\u00f8ping, styrketrening og rehabilitering. <\/p>\n<p data-start=\"746\" data-end=\"810\">Finnes <strong data-start=\"746\" data-end=\"765\">i fargene:<\/strong> Svart og hvit<br data-start=\"778\" data-end=\"781\"><strong data-start=\"781\" data-end=\"796\">St\u00f8rrelser:<\/strong> S, M, L, XL<\/p>\n<p data-start=\"812\" data-end=\"884\"><strong data-start=\"812\" data-end=\"882\">St\u00f8rrelsesguide (m\u00e5l omkretsen rundt leggen p\u00e5 det bredeste punktet):<\/strong><\/p>\n<ul data-start=\"885\" data-end=\"965\">\n<li data-start=\"885\" data-end=\"904\">\n<p data-start=\"887\" data-end=\"904\"><strong data-start=\"887\" data-end=\"893\">S:<\/strong> 30-34 cm<\/p>\n<\/li>\n<li data-start=\"905\" data-end=\"924\">\n<p data-start=\"907\" data-end=\"924\"><strong data-start=\"907\" data-end=\"913\">M:<\/strong> 34-38 cm<\/p>\n<\/li>\n<li data-start=\"925\" data-end=\"944\">\n<p data-start=\"927\" data-end=\"944\"><strong data-start=\"927\" data-end=\"933\">L:<\/strong> 38-42 cm<\/p>\n<\/li>\n<li data-start=\"945\" data-end=\"965\">\n<p data-start=\"947\" data-end=\"965\"><strong data-start=\"947\" data-end=\"954\">XL:<\/strong> 42-46 cm<\/p>\n<\/li>\n<\/ul>\n<p data-start=\"967\" data-end=\"1227\"><strong data-start=\"967\" data-end=\"982\">Instruksjoner:<\/strong><br data-start=\"982\" data-end=\"985\">Trekk hylsen forsiktig opp over ankelen og plasser den slik at kompresjonen sitter jevnt over leggmuskelen. Pass p\u00e5 at materialet ikke kr\u00f8ller seg og at silikonsonen ligger stabilt p\u00e5 huden for optimal st\u00f8tte. M\u00e5 ikke t\u00f8rkes i t\u00f8rketrommel - vask ved 30 \u00b0C.  <\/p>\n","protected":false},"excerpt":{"rendered":"<p><strong>liiteGuard Shin-Tech Compression Calf Sleeve gir m\u00e5lrettet kompresjon til leggen og akillessenen, noe som \u00f8ker blodsirkulasjonen, reduserer tretthet og forebygger problemer med leggen. Perfekt for l\u00f8ping, trening og restitusjon. Tilgjengelig i svart og hvit, st\u00f8rrelser. S-XL.   <\/strong><\/p>\n","protected":false},"featured_media":98378,"comment_status":"closed","ping_status":"closed","template":"","meta":{"_acf_changed":false},"product_brand":[],"product_cat":[1966,2248,1965,1968,2245,1937,2685,2244],"product_tag":[1971],"class_list":{"0":"post-98397","1":"product","2":"type-product","3":"status-publish","4":"has-post-thumbnail","6":"product_cat-klaer","7":"product_cat-kompresjonsstroemper","8":"product_cat-liiteguard-no","9":"product_cat-liiteguard-no-2","10":"product_cat-loepesokker","11":"product_cat-merkevarer","12":"product_cat-skinnebein-og-legg","13":"product_cat-sokker","14":"product_tag-liiteguard-no","16":"first","17":"instock","18":"taxable","19":"shipping-taxable","20":"purchasable","21":"product-type-variable"},"acf":[],"_links":{"self":[{"href":"https:\/\/fysiolab.dk\/no\/wp-json\/wp\/v2\/product\/98397","targetHints":{"allow":["GET"]}}],"collection":[{"href":"https:\/\/fysiolab.dk\/no\/wp-json\/wp\/v2\/product"}],"about":[{"href":"https:\/\/fysiolab.dk\/no\/wp-json\/wp\/v2\/types\/product"}],"replies":[{"embeddable":true,"href":"https:\/\/fysiolab.dk\/no\/wp-json\/wp\/v2\/comments?post=98397"}],"wp:featuredmedia":[{"embeddable":true,"href":"https:\/\/fysiolab.dk\/no\/wp-json\/wp\/v2\/media\/98378"}],"wp:attachment":[{"href":"https:\/\/fysiolab.dk\/no\/wp-json\/wp\/v2\/media?parent=98397"}],"wp:term":[{"taxonomy":"product_brand","embeddable":true,"href":"https:\/\/fysiolab.dk\/no\/wp-json\/wp\/v2\/product_brand?post=98397"},{"taxonomy":"product_cat","embeddable":true,"href":"https:\/\/fysiolab.dk\/no\/wp-json\/wp\/v2\/product_cat?post=98397"},{"taxonomy":"product_tag","embeddable":true,"href":"https:\/\/fysiolab.dk\/no\/wp-json\/wp\/v2\/product_tag?post=98397"}],"curies":[{"name":"wp","href":"https:\/\/api.w.org\/{rel}","templated":true}]}}