{"id":98431,"date":"2025-10-08T21:38:01","date_gmt":"2025-10-08T19:38:01","guid":{"rendered":"https:\/\/fysiolab.dk\/product\/liiteguard-re-liite-shorts-med-hoey-midje-dame\/"},"modified":"2025-12-18T09:20:07","modified_gmt":"2025-12-18T08:20:07","slug":"liiteguard-re-liite-shorts-med-hoey-midje-dame","status":"publish","type":"product","link":"https:\/\/fysiolab.dk\/no\/product\/liiteguard-re-liite-shorts-med-hoey-midje-dame\/","title":{"rendered":"LiiteGuard Re-Liite shorts med h\u00f8y midje (dame)"},"content":{"rendered":"<p data-start=\"169\" data-end=\"220\"><strong data-start=\"169\" data-end=\"218\">LiiteGuard Re-Liite shorts med h\u00f8y midje (dame)<\/strong><\/p>\n<p data-start=\"222\" data-end=\"510\">Oppdag sammensmeltingen av stil og funksjon med Re-Liite High Waist Shorts - designet for kvinner som vil ha shorts som fungerer like godt som de ser ut. Den h\u00f8ytaljede passformen kombinert med elastisk linning og justerbar sn\u00f8ring s\u00f8rger for at shortsen holder seg p\u00e5 plass uansett hvor intens aktiviteten er. <\/p>\n<p data-start=\"512\" data-end=\"1029\">Shortsen er laget av lett, pustende Re-Liite-stoff med fireveis stretch som beveger seg med deg uten \u00e5 stramme inn. Sidepanelene er strukturerte for \u00f8kt fleksibilitet og ventilasjon, mens de romslige sidelommene gir deg plass til mobile enheter og sm\u00e5ting. Med en benlengde p\u00e5 4,5 tommer (ca. midt p\u00e5 l\u00e5ret) er de korte nok til at du kan bevege deg fritt - men lange nok til at de er komfortable og dekkende. Logo med reflekselement \u00f8ker synligheten i d\u00e5rlig lys. Merk: Kan ikke t\u00f8rkes i t\u00f8rketrommel.    <\/p>\n<hr data-start=\"1031\" data-end=\"1034\">\n<h3 data-start=\"1036\" data-end=\"1060\">  St\u00f8rrelsesguide<\/h3>\n<div class=\"_tableContainer_1rjym_1\">\n<div class=\"group _tableWrapper_1rjym_13 flex w-fit flex-col-reverse\" tabindex=\"-1\">\n<table class=\"w-fit min-w-(--thread-content-width)\" data-start=\"1062\" data-end=\"1360\">\n<thead data-start=\"1062\" data-end=\"1101\">\n<tr data-start=\"1062\" data-end=\"1101\">\n<th data-start=\"1062\" data-end=\"1074\" data-col-size=\"sm\">St\u00f8rrelse (cm)<\/th>\n<th data-start=\"1074\" data-end=\"1087\" data-col-size=\"sm\">Midje (cm)<\/th>\n<th data-start=\"1087\" data-end=\"1101\" data-col-size=\"sm\">Hofte (cm)<\/th>\n<\/tr>\n<\/thead>\n<tbody data-start=\"1142\" data-end=\"1360\">\n<tr data-start=\"1142\" data-end=\"1170\">\n<td data-start=\"1142\" data-end=\"1147\" data-col-size=\"sm\">XS<\/td>\n<td data-col-size=\"sm\" data-start=\"1147\" data-end=\"1157\">61 - 67<\/td>\n<td data-col-size=\"sm\" data-start=\"1157\" data-end=\"1170\">89 - 94<\/td>\n<\/tr>\n<tr data-start=\"1171\" data-end=\"1198\">\n<td data-start=\"1171\" data-end=\"1175\" data-col-size=\"sm\">S<\/td>\n<td data-start=\"1175\" data-end=\"1185\" data-col-size=\"sm\">68 - 73<\/td>\n<td data-start=\"1185\" data-end=\"1198\" data-col-size=\"sm\">94 - 97<\/td>\n<\/tr>\n<tr data-start=\"1199\" data-end=\"1227\">\n<td data-start=\"1199\" data-end=\"1203\" data-col-size=\"sm\">M<\/td>\n<td data-start=\"1203\" data-end=\"1213\" data-col-size=\"sm\">74 - 78<\/td>\n<td data-col-size=\"sm\" data-start=\"1213\" data-end=\"1227\">98 - 101<\/td>\n<\/tr>\n<tr data-start=\"1228\" data-end=\"1257\">\n<td data-start=\"1228\" data-end=\"1232\" data-col-size=\"sm\">L<\/td>\n<td data-start=\"1232\" data-end=\"1242\" data-col-size=\"sm\">79 - 85<\/td>\n<td data-start=\"1242\" data-end=\"1257\" data-col-size=\"sm\">102 - 107<\/td>\n<\/tr>\n<tr data-start=\"1258\" data-end=\"1288\">\n<td data-start=\"1258\" data-end=\"1263\" data-col-size=\"sm\">XL<\/td>\n<td data-start=\"1263\" data-end=\"1273\" data-col-size=\"sm\">86 - 97<\/td>\n<td data-start=\"1273\" data-end=\"1288\" data-col-size=\"sm\">108 - 117<\/td>\n<\/tr>\n<tr data-start=\"1289\" data-end=\"1320\">\n<td data-start=\"1289\" data-end=\"1295\" data-col-size=\"sm\"><\/td>\n<td data-start=\"1295\" data-end=\"1313\" data-col-size=\"sm\"><\/td>\n<td data-start=\"1313\" data-end=\"1320\" data-col-size=\"sm\"><\/td>\n<\/tr>\n<tr data-start=\"1321\" data-end=\"1360\">\n<td data-start=\"1321\" data-end=\"1360\" data-col-size=\"sm\"><\/td>\n<td data-col-size=\"sm\"><\/td>\n<td data-col-size=\"sm\"><\/td>\n<\/tr>\n<\/tbody>\n<\/table>\n<\/div>\n<\/div>\n<p data-start=\"1362\" data-end=\"1383\"><strong data-start=\"1362\" data-end=\"1381\">Tips om st\u00f8rrelse:<\/strong><\/p>\n<ul data-start=\"1384\" data-end=\"1708\">\n<li data-start=\"1384\" data-end=\"1546\">\n<p data-start=\"1386\" data-end=\"1546\">Velg din normale midjest\u00f8rrelse. Hvis du er mellom to st\u00f8rrelser og kroppsformen din er \"C-type\", anbefales det \u00e5 velge en st\u00f8rre st\u00f8rrelse for ekstra komfort. <\/p>\n<\/li>\n<li data-start=\"1547\" data-end=\"1708\">\n<p data-start=\"1549\" data-end=\"1708\">Hvis du har st\u00f8rre leggmuskulatur enn du vanligvis har, kan det hende du m\u00e5 g\u00e5 opp en st\u00f8rrelse.<\/p>\n<\/li>\n<\/ul>\n","protected":false},"excerpt":{"rendered":"<p><strong>liiteGuard Re-Liite High Waist Shorts (Women) kombinerer h\u00f8y komfort med funksjonell design. Shortsene med h\u00f8y midje gir st\u00f8tte rundt mage og hofter, mens det pustende 4-veis stretchmaterialet s\u00f8rger for maksimal bevegelsesfrihet. Shortsene er utstyrt med to sidelommer og justerbar midje for perfekt passform.  <\/strong><\/p>\n","protected":false},"featured_media":98415,"comment_status":"closed","ping_status":"closed","template":"","meta":{"_acf_changed":false},"product_brand":[],"product_cat":[1966,1965,1968,1969,1937],"product_tag":[1971],"class_list":{"0":"post-98431","1":"product","2":"type-product","3":"status-publish","4":"has-post-thumbnail","6":"product_cat-klaer","7":"product_cat-liiteguard-no","8":"product_cat-liiteguard-no-2","9":"product_cat-loepetights","10":"product_cat-merkevarer","11":"product_tag-liiteguard-no","13":"first","14":"instock","15":"taxable","16":"shipping-taxable","17":"purchasable","18":"product-type-variable"},"acf":[],"_links":{"self":[{"href":"https:\/\/fysiolab.dk\/no\/wp-json\/wp\/v2\/product\/98431","targetHints":{"allow":["GET"]}}],"collection":[{"href":"https:\/\/fysiolab.dk\/no\/wp-json\/wp\/v2\/product"}],"about":[{"href":"https:\/\/fysiolab.dk\/no\/wp-json\/wp\/v2\/types\/product"}],"replies":[{"embeddable":true,"href":"https:\/\/fysiolab.dk\/no\/wp-json\/wp\/v2\/comments?post=98431"}],"wp:featuredmedia":[{"embeddable":true,"href":"https:\/\/fysiolab.dk\/no\/wp-json\/wp\/v2\/media\/98415"}],"wp:attachment":[{"href":"https:\/\/fysiolab.dk\/no\/wp-json\/wp\/v2\/media?parent=98431"}],"wp:term":[{"taxonomy":"product_brand","embeddable":true,"href":"https:\/\/fysiolab.dk\/no\/wp-json\/wp\/v2\/product_brand?post=98431"},{"taxonomy":"product_cat","embeddable":true,"href":"https:\/\/fysiolab.dk\/no\/wp-json\/wp\/v2\/product_cat?post=98431"},{"taxonomy":"product_tag","embeddable":true,"href":"https:\/\/fysiolab.dk\/no\/wp-json\/wp\/v2\/product_tag?post=98431"}],"curies":[{"name":"wp","href":"https:\/\/api.w.org\/{rel}","templated":true}]}}