{"id":98581,"date":"2025-10-12T10:28:51","date_gmt":"2025-10-12T08:28:51","guid":{"rendered":"https:\/\/fysiolab.dk\/product\/liiteguard-armbaand-2-stk\/"},"modified":"2025-12-18T09:20:07","modified_gmt":"2025-12-18T08:20:07","slug":"liiteguard-armbaand-2-stk","status":"publish","type":"product","link":"https:\/\/fysiolab.dk\/no\/product\/liiteguard-armbaand-2-stk\/","title":{"rendered":"LiiteGuard-armb\u00e5nd 2 stk."},"content":{"rendered":"<p data-start=\"107\" data-end=\"492\"><strong data-start=\"107\" data-end=\"139\">LiiteGuard Wristband (2-pk)<\/strong> er designet for \u00e5 gi maksimal komfort og funksjon under selv de t\u00f8ffeste trenings\u00f8ktene. Det myke, elastiske materialet absorberer effektivt svette, slik at du beholder et fast grep og full kontroll - uansett intensitet. Med liiteGuards minimalistiske design og h\u00f8ye kvalitet vil du se profesjonell ut p\u00e5 banen, p\u00e5 treningsstudioet eller p\u00e5 l\u00f8peturen.  <\/p>\n<p data-start=\"494\" data-end=\"566\">Et uunnv\u00e6rlig tilbeh\u00f8r for deg som er opptatt av ytelse og detaljer.<\/p>\n<p data-start=\"568\" data-end=\"600\"><strong data-start=\"568\" data-end=\"580\">Innhold:<\/strong> 2 armb\u00e5nd<\/p>\n<p data-start=\"568\" data-end=\"600\"><strong>80 % bomull, 15 % lateks, 5 % elastan.<\/strong><\/p>\n","protected":false},"excerpt":{"rendered":"<p><strong>LiiteGuard Wristband (2-pk) kombinerer komfort og funksjon i en stilig design. De absorberer effektivt svette og s\u00f8rger for et godt grep under trening, kamper eller l\u00f8p - perfekt for deg som er opptatt av ytelse og detaljer. <\/strong><\/p>\n","protected":false},"featured_media":98580,"comment_status":"closed","ping_status":"closed","template":"","meta":{"_acf_changed":false},"product_brand":[],"product_cat":[1966,1965,1968,1937],"product_tag":[1971],"class_list":{"0":"post-98581","1":"product","2":"type-product","3":"status-publish","4":"has-post-thumbnail","6":"product_cat-klaer","7":"product_cat-liiteguard-no","8":"product_cat-liiteguard-no-2","9":"product_cat-merkevarer","10":"product_tag-liiteguard-no","12":"first","13":"instock","14":"taxable","15":"shipping-taxable","16":"purchasable","17":"product-type-simple"},"acf":[],"_links":{"self":[{"href":"https:\/\/fysiolab.dk\/no\/wp-json\/wp\/v2\/product\/98581","targetHints":{"allow":["GET"]}}],"collection":[{"href":"https:\/\/fysiolab.dk\/no\/wp-json\/wp\/v2\/product"}],"about":[{"href":"https:\/\/fysiolab.dk\/no\/wp-json\/wp\/v2\/types\/product"}],"replies":[{"embeddable":true,"href":"https:\/\/fysiolab.dk\/no\/wp-json\/wp\/v2\/comments?post=98581"}],"wp:featuredmedia":[{"embeddable":true,"href":"https:\/\/fysiolab.dk\/no\/wp-json\/wp\/v2\/media\/98580"}],"wp:attachment":[{"href":"https:\/\/fysiolab.dk\/no\/wp-json\/wp\/v2\/media?parent=98581"}],"wp:term":[{"taxonomy":"product_brand","embeddable":true,"href":"https:\/\/fysiolab.dk\/no\/wp-json\/wp\/v2\/product_brand?post=98581"},{"taxonomy":"product_cat","embeddable":true,"href":"https:\/\/fysiolab.dk\/no\/wp-json\/wp\/v2\/product_cat?post=98581"},{"taxonomy":"product_tag","embeddable":true,"href":"https:\/\/fysiolab.dk\/no\/wp-json\/wp\/v2\/product_tag?post=98581"}],"curies":[{"name":"wp","href":"https:\/\/api.w.org\/{rel}","templated":true}]}}