{"id":98647,"date":"2025-10-12T17:48:20","date_gmt":"2025-10-12T15:48:20","guid":{"rendered":"https:\/\/fysiolab.dk\/product\/liiteguard-merino-hybrid-long-sleeve-dame\/"},"modified":"2025-12-18T09:20:06","modified_gmt":"2025-12-18T08:20:06","slug":"liiteguard-merino-hybrid-long-sleeve-dame","status":"publish","type":"product","link":"https:\/\/fysiolab.dk\/no\/product\/liiteguard-merino-hybrid-long-sleeve-dame\/","title":{"rendered":"LiiteGuard Merino Hybrid Long Sleeve (dame)"},"content":{"rendered":"<h3 data-start=\"115\" data-end=\"167\"><strong data-start=\"119\" data-end=\"167\">LiiteGuard Merino Hybrid Long Sleeve - Dame<\/strong><\/h3>\n<p data-start=\"227\" data-end=\"740\"><strong data-start=\"227\" data-end=\"243\">Beskrivelse:<\/strong><br data-start=\"243\" data-end=\"246\">LiiteGuards Merino Hybrid Long Sleeve for kvinner kombinerer funksjonell design med naturlig komfort. Den unike hybridkonstruksjonen kombinerer merinoullens temperaturregulerende og antibakterielle egenskaper med tekniske paneler som s\u00f8rger for optimal pusteevne og svettetransport. Tr\u00f8yen har en tettsittende, fleksibel passform som f\u00f8lger kroppens bevegelser uten ubehag, og de flate s\u00f8mmene reduserer risikoen for irritasjon.<br data-start=\"665\" data-end=\"668\">Et ideelt valg til trening, l\u00f8ping og aktiv hverdagsbruk \u00e5ret rundt.  <\/p>\n<p data-start=\"742\" data-end=\"759\"><strong data-start=\"742\" data-end=\"757\">Funksjoner:<\/strong><\/p>\n<ul data-start=\"760\" data-end=\"1002\">\n<li data-start=\"760\" data-end=\"816\">\n<p data-start=\"762\" data-end=\"816\">Kombinasjon av merinoull og teknisk stretchmateriale<\/p>\n<\/li>\n<li data-start=\"817\" data-end=\"860\">\n<p data-start=\"819\" data-end=\"860\">Temperaturregulerende og hurtigt\u00f8rkende<\/p>\n<\/li>\n<li data-start=\"861\" data-end=\"901\">\n<p data-start=\"863\" data-end=\"901\">Antibakteriell effekt, reduserer lukt<\/p>\n<\/li>\n<li data-start=\"902\" data-end=\"958\">\n<p data-start=\"904\" data-end=\"958\">Flate s\u00f8mmer og kroppsn\u00e6r passform for maksimal komfort<\/p>\n<\/li>\n<li data-start=\"959\" data-end=\"1002\">\n<p data-start=\"961\" data-end=\"1002\">Utviklet for ytelse og restitusjon<\/p>\n<\/li>\n<\/ul>\n<p><strong data-start=\"169\" data-end=\"179\">Farge:<\/strong> Svart\/sand<\/p>\n<hr data-start=\"1004\" data-end=\"1007\">\n<h3 data-start=\"1009\" data-end=\"1042\"><strong data-start=\"1013\" data-end=\"1042\">St\u00f8rrelsesguide - Kvinner<\/strong><\/h3>\n<p data-start=\"1043\" data-end=\"1158\">M\u00e5l omkretsen av brystet p\u00e5 det bredeste punktet.<br data-start=\"1086\" data-end=\"1089\">Velg din normale st\u00f8rrelse - hvis du ligger mellom to st\u00f8rrelser, velger du den st\u00f8rste.<\/p>\n<div class=\"_tableContainer_1rjym_1\">\n<div class=\"group _tableWrapper_1rjym_13 flex w-fit flex-col-reverse\" tabindex=\"-1\">\n<table class=\"w-fit min-w-(--thread-content-width)\" data-start=\"1160\" data-end=\"1290\">\n<thead data-start=\"1160\" data-end=\"1186\">\n<tr data-start=\"1160\" data-end=\"1186\">\n<th data-start=\"1160\" data-end=\"1172\" data-col-size=\"sm\">St\u00f8rrelse (cm)<\/th>\n<th data-start=\"1172\" data-end=\"1186\" data-col-size=\"sm\">Brystkasse (cm)<\/th>\n<\/tr>\n<\/thead>\n<tbody data-start=\"1216\" data-end=\"1290\">\n<tr data-start=\"1216\" data-end=\"1230\">\n<td data-start=\"1216\" data-end=\"1221\" data-col-size=\"sm\">XS<\/td>\n<td data-start=\"1221\" data-end=\"1230\" data-col-size=\"sm\">76-82<\/td>\n<\/tr>\n<tr data-start=\"1231\" data-end=\"1244\">\n<td data-start=\"1231\" data-end=\"1235\" data-col-size=\"sm\">S<\/td>\n<td data-start=\"1235\" data-end=\"1244\" data-col-size=\"sm\">82-88<\/td>\n<\/tr>\n<tr data-start=\"1245\" data-end=\"1258\">\n<td data-start=\"1245\" data-end=\"1249\" data-col-size=\"sm\">M<\/td>\n<td data-start=\"1249\" data-end=\"1258\" data-col-size=\"sm\">88-94<\/td>\n<\/tr>\n<tr data-start=\"1259\" data-end=\"1273\">\n<td data-start=\"1259\" data-end=\"1263\" data-col-size=\"sm\">L<\/td>\n<td data-start=\"1263\" data-end=\"1273\" data-col-size=\"sm\">94-100<\/td>\n<\/tr>\n<tr data-start=\"1274\" data-end=\"1290\">\n<td data-start=\"1274\" data-end=\"1279\" data-col-size=\"sm\">XL<\/td>\n<td data-start=\"1279\" data-end=\"1290\" data-col-size=\"sm\">100-106<\/td>\n<\/tr>\n<\/tbody>\n<\/table>\n<\/div>\n<\/div>\n","protected":false},"excerpt":{"rendered":"<p><strong>liiteGuard Merino Hybrid Long Sleeve Women kombinerer merinoullens naturlige varme og antibakterielle egenskaper med tekniske paneler for optimal pusteevne og bevegelsesfrihet. En luksuri\u00f8s, funksjonell tr\u00f8ye designet for b\u00e5de trening og hverdagskomfort - \u00e5ret rundt. <\/strong><\/p>\n","protected":false},"featured_media":98635,"comment_status":"closed","ping_status":"closed","template":"","meta":{"_acf_changed":false},"product_brand":[],"product_cat":[1966,1965,1968,1937],"product_tag":[1971],"class_list":{"0":"post-98647","1":"product","2":"type-product","3":"status-publish","4":"has-post-thumbnail","6":"product_cat-klaer","7":"product_cat-liiteguard-no","8":"product_cat-liiteguard-no-2","9":"product_cat-merkevarer","10":"product_tag-liiteguard-no","12":"first","13":"instock","14":"taxable","15":"shipping-taxable","16":"purchasable","17":"product-type-variable"},"acf":[],"_links":{"self":[{"href":"https:\/\/fysiolab.dk\/no\/wp-json\/wp\/v2\/product\/98647","targetHints":{"allow":["GET"]}}],"collection":[{"href":"https:\/\/fysiolab.dk\/no\/wp-json\/wp\/v2\/product"}],"about":[{"href":"https:\/\/fysiolab.dk\/no\/wp-json\/wp\/v2\/types\/product"}],"replies":[{"embeddable":true,"href":"https:\/\/fysiolab.dk\/no\/wp-json\/wp\/v2\/comments?post=98647"}],"wp:featuredmedia":[{"embeddable":true,"href":"https:\/\/fysiolab.dk\/no\/wp-json\/wp\/v2\/media\/98635"}],"wp:attachment":[{"href":"https:\/\/fysiolab.dk\/no\/wp-json\/wp\/v2\/media?parent=98647"}],"wp:term":[{"taxonomy":"product_brand","embeddable":true,"href":"https:\/\/fysiolab.dk\/no\/wp-json\/wp\/v2\/product_brand?post=98647"},{"taxonomy":"product_cat","embeddable":true,"href":"https:\/\/fysiolab.dk\/no\/wp-json\/wp\/v2\/product_cat?post=98647"},{"taxonomy":"product_tag","embeddable":true,"href":"https:\/\/fysiolab.dk\/no\/wp-json\/wp\/v2\/product_tag?post=98647"}],"curies":[{"name":"wp","href":"https:\/\/api.w.org\/{rel}","templated":true}]}}