{"id":98693,"date":"2025-10-12T18:37:01","date_gmt":"2025-10-12T16:37:01","guid":{"rendered":"https:\/\/fysiolab.dk\/product\/liiteguard-no-2-crew-merino-vandringssokk\/"},"modified":"2025-12-18T09:20:06","modified_gmt":"2025-12-18T08:20:06","slug":"liiteguard-no-2-crew-merino-vandringssokk","status":"publish","type":"product","link":"https:\/\/fysiolab.dk\/no\/product\/liiteguard-no-2-crew-merino-vandringssokk\/","title":{"rendered":"LiiteGuard No. 2 Crew Merino vandringssokk"},"content":{"rendered":"<p data-start=\"0\" data-end=\"383\"><strong data-start=\"0\" data-end=\"43\">LiiteGuard NR2 Crew Merino Hiking Socks<\/strong> kombinerer komfort, funksjon og slitestyrke p\u00e5 h\u00f8yeste niv\u00e5. De er designet for b\u00e5de fotturer og hverdagsbruk med fokus p\u00e5 st\u00f8tte, ventilasjon og temperaturregulering. Den eksklusive blandingen av merinoull og resirkulerte materialer s\u00f8rger for at f\u00f8ttene holder seg varme i kulden og kj\u00f8lige i varmen - samtidig som de effektivt transporterer bort fuktighet.  <\/p>\n<p data-start=\"385\" data-end=\"642\">Sokken har strategisk polstring ved h\u00e6l og t\u00e5 for \u00e5 minimere risikoen for gnags\u00e5r, mens den elastiske fotbuest\u00f8tten gir optimal passform og stabilitet i ujevnt terreng. Den h\u00f8ye skaftlengden beskytter ankelen og gir en behagelig f\u00f8lelse under lange turer. <\/p>\n<p data-start=\"644\" data-end=\"723\" data-is-last-node=\"\" data-is-only-node=\"\"><strong data-start=\"644\" data-end=\"663\">Finnes i fargene:<\/strong> Lysegr\u00e5 og m\u00f8rkegr\u00e5<br data-start=\"683\" data-end=\"686\"><strong data-start=\"686\" data-end=\"701\" data-is-only-node=\"\">St\u00f8rrelser:<\/strong> 36-39, 40-43 og 44-47<\/p>\n","protected":false},"excerpt":{"rendered":"<p><strong>liiteGuard NR2 Crew Merino Hiking Socks er f\u00f8rsteklasses tursokker i merinoull som gir optimal komfort, temperaturregulering og st\u00f8tte. Med polstring i h\u00e6l og t\u00e5 og st\u00f8tte for fotbuen f\u00e5r du maksimal ytelse og komfort - uansett terreng og \u00e5rstid. <\/strong><\/p>\n","protected":false},"featured_media":98686,"comment_status":"closed","ping_status":"closed","template":"","meta":{"_acf_changed":false},"product_brand":[],"product_cat":[1966,1965,1968,2245,1937,2244],"product_tag":[1971],"class_list":{"0":"post-98693","1":"product","2":"type-product","3":"status-publish","4":"has-post-thumbnail","6":"product_cat-klaer","7":"product_cat-liiteguard-no","8":"product_cat-liiteguard-no-2","9":"product_cat-loepesokker","10":"product_cat-merkevarer","11":"product_cat-sokker","12":"product_tag-liiteguard-no","14":"first","15":"instock","16":"taxable","17":"shipping-taxable","18":"purchasable","19":"product-type-variable"},"acf":[],"_links":{"self":[{"href":"https:\/\/fysiolab.dk\/no\/wp-json\/wp\/v2\/product\/98693","targetHints":{"allow":["GET"]}}],"collection":[{"href":"https:\/\/fysiolab.dk\/no\/wp-json\/wp\/v2\/product"}],"about":[{"href":"https:\/\/fysiolab.dk\/no\/wp-json\/wp\/v2\/types\/product"}],"replies":[{"embeddable":true,"href":"https:\/\/fysiolab.dk\/no\/wp-json\/wp\/v2\/comments?post=98693"}],"wp:featuredmedia":[{"embeddable":true,"href":"https:\/\/fysiolab.dk\/no\/wp-json\/wp\/v2\/media\/98686"}],"wp:attachment":[{"href":"https:\/\/fysiolab.dk\/no\/wp-json\/wp\/v2\/media?parent=98693"}],"wp:term":[{"taxonomy":"product_brand","embeddable":true,"href":"https:\/\/fysiolab.dk\/no\/wp-json\/wp\/v2\/product_brand?post=98693"},{"taxonomy":"product_cat","embeddable":true,"href":"https:\/\/fysiolab.dk\/no\/wp-json\/wp\/v2\/product_cat?post=98693"},{"taxonomy":"product_tag","embeddable":true,"href":"https:\/\/fysiolab.dk\/no\/wp-json\/wp\/v2\/product_tag?post=98693"}],"curies":[{"name":"wp","href":"https:\/\/api.w.org\/{rel}","templated":true}]}}