{"id":98717,"date":"2025-10-12T22:12:04","date_gmt":"2025-10-12T20:12:04","guid":{"rendered":"https:\/\/fysiolab.dk\/product\/liiteguard-2in1-loepehanske-for-loeping\/"},"modified":"2025-12-18T09:20:06","modified_gmt":"2025-12-18T08:20:06","slug":"liiteguard-2in1-loepehanske-for-loeping","status":"publish","type":"product","link":"https:\/\/fysiolab.dk\/no\/product\/liiteguard-2in1-loepehanske-for-loeping\/","title":{"rendered":"LiiteGuard 2in1 l\u00f8pehanske for l\u00f8ping"},"content":{"rendered":"<h3 data-start=\"206\" data-end=\"250\"><strong data-start=\"209\" data-end=\"250\">LiiteGuard 2in1 l\u00f8pehanske - svart<\/strong><\/h3>\n<p data-start=\"252\" data-end=\"628\">LiiteGuard 2IN1 Running Glove er designet for l\u00f8peren som \u00f8nsker \u00e5 tilpasse seg v\u00e6r og tempo uten \u00e5 g\u00e5 p\u00e5 kompromiss med funksjonaliteten. Hansken kombinerer et pustende, svetteavvisende og elastisk materiale med en praktisk 2-i-1-konstruksjon: En lett klaff kan foldes ut n\u00e5r du trenger ekstra vind- og vannbeskyttelse, og foldes bort n\u00e5r du ikke trenger den. <\/p>\n<p data-start=\"630\" data-end=\"1006\">Praktiske detaljer gj\u00f8r hansken egnet for seri\u00f8s trening: En \u00e5pningsbar <strong data-start=\"705\" data-end=\"717\">klokkelomme<\/strong> ved h\u00e5ndleddet gir tilgang til l\u00f8peklokken, slik at du kan lese av displayet uten \u00e5 ta av hansken; ber\u00f8ringskompatible fingertupper gj\u00f8r at du kan bruke smarttelefonen eller klokken; reflekterende detaljer \u00f8ker synligheten i m\u00f8rket; og en tettsittende, ergonomisk passform sikrer bevegelsesfrihet uten irritasjon.<\/p>\n<p data-start=\"1008\" data-end=\"1022\"><strong data-start=\"1008\" data-end=\"1022\">Funksjoner<\/strong><\/p>\n<ul data-start=\"1023\" data-end=\"1313\">\n<li data-start=\"1023\" data-end=\"1088\">\n<p data-start=\"1025\" data-end=\"1088\">2-i-1-design med sammenleggbar klaff (vind- og vannavst\u00f8tende)<\/p>\n<\/li>\n<li data-start=\"1089\" data-end=\"1161\">\n<p data-start=\"1091\" data-end=\"1161\">\u00c5pningsbar urlomme slik at klokken er synlig uten \u00e5 ta av hansken<\/p>\n<\/li>\n<li data-start=\"1162\" data-end=\"1196\">\n<p data-start=\"1164\" data-end=\"1196\">Ber\u00f8ringskompatible fingertupper<\/p>\n<\/li>\n<li data-start=\"1197\" data-end=\"1242\">\n<p data-start=\"1199\" data-end=\"1242\">Refleksdetaljer for \u00f8kt synlighet<\/p>\n<\/li>\n<li data-start=\"1243\" data-end=\"1313\">\n<p data-start=\"1245\" data-end=\"1313\">Pustende, hurtigt\u00f8rkende og elastisk materiale for komfort og god passform<\/p>\n<\/li>\n<\/ul>\n<p data-start=\"1315\" data-end=\"1361\"><strong data-start=\"1315\" data-end=\"1325\">Farge:<\/strong> Svart <br data-start=\"1331\" data-end=\"1334\"><strong data-start=\"1334\" data-end=\"1349\">St\u00f8rrelser:<\/strong> XS\/S og M\/L<\/p>\n<hr data-start=\"1363\" data-end=\"1366\">\n<h3 data-start=\"1368\" data-end=\"1404\"><strong data-start=\"1372\" data-end=\"1404\">St\u00f8rrelsesguide og instruksjoner<\/strong><\/h3>\n<p data-start=\"1405\" data-end=\"1543\">Som en generell regel anbefaler vi at du velger <strong data-start=\"1447\" data-end=\"1455\">XS\/S<\/strong> hvis du m\u00e5ler <strong data-start=\"1471\" data-end=\"1491\">mindre enn 21 cm.<\/strong> Hvis du m\u00e5ler <strong data-start=\"1502\" data-end=\"1520\">mer enn 21 cm<\/strong>, anbefaler vi <strong data-start=\"1535\" data-end=\"1542\">M\/L.<\/strong><\/p>\n<div class=\"_tableContainer_1rjym_1\">\n<div class=\"group _tableWrapper_1rjym_13 flex w-fit flex-col-reverse\" tabindex=\"-1\">\n<table class=\"w-fit min-w-(--thread-content-width)\" data-start=\"1545\" data-end=\"1637\">\n<thead data-start=\"1545\" data-end=\"1571\">\n<tr data-start=\"1545\" data-end=\"1571\">\n<th data-start=\"1545\" data-end=\"1557\" data-col-size=\"sm\">St\u00f8rrelsesomr\u00e5de<\/th>\n<th data-start=\"1557\" data-end=\"1564\" data-col-size=\"sm\">XS\/S<\/th>\n<th data-start=\"1564\" data-end=\"1571\" data-col-size=\"sm\">M\/L<\/th>\n<\/tr>\n<\/thead>\n<tbody data-start=\"1601\" data-end=\"1637\">\n<tr data-start=\"1601\" data-end=\"1637\">\n<td data-start=\"1601\" data-end=\"1616\" data-col-size=\"sm\">Omkrets (cm)<\/td>\n<td data-start=\"1616\" data-end=\"1626\" data-col-size=\"sm\">&lt; 21<\/td>\n<td data-start=\"1626\" data-end=\"1637\" data-col-size=\"sm\">&gt; 21<\/td>\n<\/tr>\n<\/tbody>\n<\/table>\n<\/div>\n<\/div>\n","protected":false},"excerpt":{"rendered":"<p><strong>liiteGuard 2IN1 Running Glove er en allsidig l\u00f8pehanske med sammenleggbar klaff, \u00e5pningsbar klokkelomme og ber\u00f8ringskompatible fingertupper.<\/strong><\/p>\n<p>&nbsp;<\/p>\n<p>Str. M\/L er for \u00f8yeblikket utsolgt, men kan bestilles. Vi vil imidlertid ikke ha dem p\u00e5 lager f\u00f8r i begynnelsen av januar. <\/p>\n","protected":false},"featured_media":98714,"comment_status":"closed","ping_status":"closed","template":"","meta":{"_acf_changed":false},"product_brand":[3089],"product_cat":[1966,1965,1968,1937],"product_tag":[1971],"class_list":{"0":"post-98717","1":"product","2":"type-product","3":"status-publish","4":"has-post-thumbnail","6":"product_brand-liiteguard","7":"product_cat-klaer","8":"product_cat-liiteguard-no","9":"product_cat-liiteguard-no-2","10":"product_cat-merkevarer","11":"product_tag-liiteguard-no","13":"first","14":"instock","15":"taxable","16":"shipping-taxable","17":"purchasable","18":"product-type-variable"},"acf":[],"_links":{"self":[{"href":"https:\/\/fysiolab.dk\/no\/wp-json\/wp\/v2\/product\/98717","targetHints":{"allow":["GET"]}}],"collection":[{"href":"https:\/\/fysiolab.dk\/no\/wp-json\/wp\/v2\/product"}],"about":[{"href":"https:\/\/fysiolab.dk\/no\/wp-json\/wp\/v2\/types\/product"}],"replies":[{"embeddable":true,"href":"https:\/\/fysiolab.dk\/no\/wp-json\/wp\/v2\/comments?post=98717"}],"wp:featuredmedia":[{"embeddable":true,"href":"https:\/\/fysiolab.dk\/no\/wp-json\/wp\/v2\/media\/98714"}],"wp:attachment":[{"href":"https:\/\/fysiolab.dk\/no\/wp-json\/wp\/v2\/media?parent=98717"}],"wp:term":[{"taxonomy":"product_brand","embeddable":true,"href":"https:\/\/fysiolab.dk\/no\/wp-json\/wp\/v2\/product_brand?post=98717"},{"taxonomy":"product_cat","embeddable":true,"href":"https:\/\/fysiolab.dk\/no\/wp-json\/wp\/v2\/product_cat?post=98717"},{"taxonomy":"product_tag","embeddable":true,"href":"https:\/\/fysiolab.dk\/no\/wp-json\/wp\/v2\/product_tag?post=98717"}],"curies":[{"name":"wp","href":"https:\/\/api.w.org\/{rel}","templated":true}]}}