{"id":98761,"date":"2025-10-13T09:22:32","date_gmt":"2025-10-13T07:22:32","guid":{"rendered":"https:\/\/fysiolab.dk\/product\/liiteguard-performance-ermesett-for-fotball\/"},"modified":"2025-12-18T09:20:06","modified_gmt":"2025-12-18T08:20:06","slug":"liiteguard-performance-ermesett-for-fotball","status":"publish","type":"product","link":"https:\/\/fysiolab.dk\/no\/product\/liiteguard-performance-ermesett-for-fotball\/","title":{"rendered":"LiiteGuard Performance-sett med fotballhylser"},"content":{"rendered":"<h3 data-start=\"0\" data-end=\"48\"><strong data-start=\"0\" data-end=\"46\">LiiteGuard Performance-sett med fotballhylser<\/strong><\/h3>\n<p data-start=\"50\" data-end=\"347\">Performance Football Sleeve Kit kombinerer avansert beskyttelse og kompresjon i ett komplett sett som er utviklet for seri\u00f8se fotballspillere. Settet inneholder et par kompresjonshylser og to formbare leggbeskyttere som sammen gir maksimal st\u00f8tte, passform og bevegelsesfrihet under kamp og trening. <\/p>\n<p data-start=\"349\" data-end=\"704\">De lette benskinnene er laget av et spesialutviklet plastmateriale som kan varmes opp til ca. 62 \u00b0C og formes individuelt til skinnebenet for perfekt passform. Skinnen kan ogs\u00e5 klippes til \u00f8nsket lengde. Hylsen har en integrert lomme som holder skinnen sikkert p\u00e5 plass, slik at den ikke sklir eller generer - selv under intens bevegelse.  <\/p>\n<p data-start=\"706\" data-end=\"917\">Den graderte kompresjonsdesignen \u00f8ker blodsirkulasjonen, st\u00f8tter akillessenen og reduserer tretthet i underbenet. Det svetteavvisende materialet holder ogs\u00e5 beinet t\u00f8rt og komfortabelt gjennom hele kampen. <\/p>\n<p data-start=\"919\" data-end=\"976\"><strong data-start=\"919\" data-end=\"930\">Farger:<\/strong> Hvit, svart og r\u00f8d<br data-start=\"948\" data-end=\"951\"><strong data-start=\"951\" data-end=\"966\">St\u00f8rrelser:<\/strong> S, M, L<\/p>\n<p data-start=\"978\" data-end=\"1048\"><strong data-start=\"978\" data-end=\"998\">St\u00f8rrelsesguide:<\/strong><br data-start=\"998\" data-end=\"1001\">M\u00e5l omkretsen p\u00e5 leggen der den er bredest:<\/p>\n<ul data-start=\"1049\" data-end=\"1108\">\n<li data-start=\"1049\" data-end=\"1068\">\n<p data-start=\"1051\" data-end=\"1068\"><strong data-start=\"1051\" data-end=\"1057\">S:<\/strong> 27-32 cm<\/p>\n<\/li>\n<li data-start=\"1069\" data-end=\"1088\">\n<p data-start=\"1071\" data-end=\"1088\"><strong data-start=\"1071\" data-end=\"1077\">M:<\/strong> 33-37 cm<\/p>\n<\/li>\n<li data-start=\"1089\" data-end=\"1108\">\n<p data-start=\"1091\" data-end=\"1108\"><strong data-start=\"1091\" data-end=\"1097\">L:<\/strong> 38-42 cm<\/p>\n<\/li>\n<\/ul>\n<p data-start=\"1110\" data-end=\"1228\" data-is-last-node=\"\" data-is-only-node=\"\">Et komplett og innovativt ermesett for spilleren som \u00f8nsker optimal komfort, stabilitet og beskyttelse i ett og samme produkt.<\/p>\n","protected":false},"excerpt":{"rendered":"<p><strong>Kombiner maksimal beskyttelse og komfort med liiteGuard PERFORMANCE Football Sleeve Kit. Det innovative settet med formbare leggbeskyttere og kompresjonshylser s\u00f8rger for perfekt passform, \u00f8kt blodsirkulasjon og stabil beskyttelse gjennom hele kampen. Tilgjengelig i hvitt, svart og r\u00f8dt.  <\/strong><\/p>\n","protected":false},"featured_media":98737,"comment_status":"closed","ping_status":"closed","template":"","meta":{"_acf_changed":false},"product_brand":[],"product_cat":[1966,2260,2256,1965,1968,1937],"product_tag":[1971],"class_list":{"0":"post-98761","1":"product","2":"type-product","3":"status-publish","4":"has-post-thumbnail","6":"product_cat-klaer","7":"product_cat-benbeskyttere-for-fotball","8":"product_cat-fotballsokker","9":"product_cat-liiteguard-no","10":"product_cat-liiteguard-no-2","11":"product_cat-merkevarer","12":"product_tag-liiteguard-no","14":"first","15":"instock","16":"taxable","17":"shipping-taxable","18":"purchasable","19":"product-type-variable"},"acf":[],"_links":{"self":[{"href":"https:\/\/fysiolab.dk\/no\/wp-json\/wp\/v2\/product\/98761","targetHints":{"allow":["GET"]}}],"collection":[{"href":"https:\/\/fysiolab.dk\/no\/wp-json\/wp\/v2\/product"}],"about":[{"href":"https:\/\/fysiolab.dk\/no\/wp-json\/wp\/v2\/types\/product"}],"replies":[{"embeddable":true,"href":"https:\/\/fysiolab.dk\/no\/wp-json\/wp\/v2\/comments?post=98761"}],"wp:featuredmedia":[{"embeddable":true,"href":"https:\/\/fysiolab.dk\/no\/wp-json\/wp\/v2\/media\/98737"}],"wp:attachment":[{"href":"https:\/\/fysiolab.dk\/no\/wp-json\/wp\/v2\/media?parent=98761"}],"wp:term":[{"taxonomy":"product_brand","embeddable":true,"href":"https:\/\/fysiolab.dk\/no\/wp-json\/wp\/v2\/product_brand?post=98761"},{"taxonomy":"product_cat","embeddable":true,"href":"https:\/\/fysiolab.dk\/no\/wp-json\/wp\/v2\/product_cat?post=98761"},{"taxonomy":"product_tag","embeddable":true,"href":"https:\/\/fysiolab.dk\/no\/wp-json\/wp\/v2\/product_tag?post=98761"}],"curies":[{"name":"wp","href":"https:\/\/api.w.org\/{rel}","templated":true}]}}