{"id":99026,"date":"2025-10-14T21:32:09","date_gmt":"2025-10-14T19:32:09","guid":{"rendered":"https:\/\/fysiolab.dk\/product\/liiteguard-glu-tech-treningstights-dame\/"},"modified":"2025-12-18T09:20:05","modified_gmt":"2025-12-18T08:20:05","slug":"liiteguard-glu-tech-treningstights-dame","status":"publish","type":"product","link":"https:\/\/fysiolab.dk\/no\/product\/liiteguard-glu-tech-treningstights-dame\/","title":{"rendered":"LiiteGuard Glu-Tech treningstights (dame)"},"content":{"rendered":"<p data-start=\"0\" data-end=\"48\"><strong data-start=\"0\" data-end=\"46\">LiiteGuard GLU-TECH treningstights (dame)<\/strong><\/p>\n<p data-start=\"50\" data-end=\"331\">LiiteGuard GLU-TECH Training Tights er designet for deg som stiller krav til komfort, st\u00f8tte og funksjonalitet under trening. Tightsen har en h\u00f8y midje som sikrer perfekt passform og st\u00f8tte rundt mage og hofter - uten at den strammer eller glir ned under bevegelse. <\/p>\n<p data-start=\"333\" data-end=\"695\">Stoffet er svetteavvisende og hurtigt\u00f8rkende, slik at du holder deg t\u00f8rr og komfortabel selv under de t\u00f8ffeste trenings\u00f8ktene. Det myke stoffet med 4-veis stretch gir full bevegelsesfrihet, mens den tette vevingen gj\u00f8r tightsen 100 % kneb\u00f8ysikker. De flate s\u00f8mmene minimerer risikoen for irritasjon, og reflekser i stedet for p\u00e5sydde reflekser gir et stilig utseende.  <\/p>\n<p data-start=\"697\" data-end=\"903\">GLU-TECH Training Tights har to diskrete, praktiske lommer p\u00e5 l\u00e5rene - perfekt for mobiltelefon, n\u00f8kler eller energigel - med ekstra tettsittende s\u00f8mmer som holder innholdet p\u00e5 plass under aktivitet.<\/p>\n<p data-start=\"905\" data-end=\"1000\">Finnes i fargen <strong data-start=\"918\" data-end=\"926\">svart<\/strong> og i st\u00f8rrelsene <strong data-start=\"945\" data-end=\"954\">XS-XL<\/strong>.<br data-start=\"955\" data-end=\"958\">Materialet <strong data-start=\"975\" data-end=\"997\">kan ikke t\u00f8rkes i t\u00f8rketrommel<\/strong>.<\/p>\n<p data-start=\"1002\" data-end=\"1161\" data-is-last-node=\"\" data-is-only-node=\"\">En treningstights som kombinerer LiiteGuards velkjente passform med kompromissl\u00f8s funksjonalitet - uansett om du trener p\u00e5 treningssenteret, utend\u00f8rs eller hjemme.<\/p>\n","protected":false},"excerpt":{"rendered":"<p><strong>LiiteGuard GLU-TECH Training Tights kombinerer st\u00f8tte, komfort og bevegelsesfrihet i ett og samme design. Det svetteavvisende stoffet med h\u00f8y midje gir perfekt passform, mens praktiske sidelommer gj\u00f8r dem ideelle til b\u00e5de trening og hverdagsbruk. <\/strong><\/p>\n","protected":false},"featured_media":99006,"comment_status":"closed","ping_status":"closed","template":"","meta":{"_acf_changed":false},"product_brand":[],"product_cat":[1966,1965,1968,1937,1967,2557],"product_tag":[1971],"class_list":{"0":"post-99026","1":"product","2":"type-product","3":"status-publish","4":"has-post-thumbnail","6":"product_cat-klaer","7":"product_cat-liiteguard-no","8":"product_cat-liiteguard-no-2","9":"product_cat-merkevarer","10":"product_cat-stroempebukser","11":"product_cat-treningstights","12":"product_tag-liiteguard-no","14":"first","15":"instock","16":"taxable","17":"shipping-taxable","18":"purchasable","19":"product-type-variable"},"acf":[],"_links":{"self":[{"href":"https:\/\/fysiolab.dk\/no\/wp-json\/wp\/v2\/product\/99026","targetHints":{"allow":["GET"]}}],"collection":[{"href":"https:\/\/fysiolab.dk\/no\/wp-json\/wp\/v2\/product"}],"about":[{"href":"https:\/\/fysiolab.dk\/no\/wp-json\/wp\/v2\/types\/product"}],"replies":[{"embeddable":true,"href":"https:\/\/fysiolab.dk\/no\/wp-json\/wp\/v2\/comments?post=99026"}],"wp:featuredmedia":[{"embeddable":true,"href":"https:\/\/fysiolab.dk\/no\/wp-json\/wp\/v2\/media\/99006"}],"wp:attachment":[{"href":"https:\/\/fysiolab.dk\/no\/wp-json\/wp\/v2\/media?parent=99026"}],"wp:term":[{"taxonomy":"product_brand","embeddable":true,"href":"https:\/\/fysiolab.dk\/no\/wp-json\/wp\/v2\/product_brand?post=99026"},{"taxonomy":"product_cat","embeddable":true,"href":"https:\/\/fysiolab.dk\/no\/wp-json\/wp\/v2\/product_cat?post=99026"},{"taxonomy":"product_tag","embeddable":true,"href":"https:\/\/fysiolab.dk\/no\/wp-json\/wp\/v2\/product_tag?post=99026"}],"curies":[{"name":"wp","href":"https:\/\/api.w.org\/{rel}","templated":true}]}}