{"id":99587,"date":"2025-10-18T23:30:53","date_gmt":"2025-10-18T21:30:53","guid":{"rendered":"https:\/\/fysiolab.dk\/product\/rehabmedic-physioroll-twin-bold\/"},"modified":"2025-12-18T09:20:05","modified_gmt":"2025-12-18T08:20:05","slug":"rehabmedic-physioroll-twin-bold","status":"publish","type":"product","link":"https:\/\/fysiolab.dk\/no\/product\/rehabmedic-physioroll-twin-bold\/","title":{"rendered":"RehabMedic PhysioRoll Twin bold"},"content":{"rendered":"<p data-start=\"86\" data-end=\"139\"><strong data-start=\"86\" data-end=\"137\">RehabMedic Physio Roll Plus - Twin-physioroll\/pean\u00f8ttformet treningsball<\/strong><\/p>\n<p data-start=\"141\" data-end=\"750\">RM Physio Roll Plus er en pean\u00f8ttformet trenings- og rehabiliteringsball som er utviklet for \u00f8velser der \u00f8kt stabilitet er viktig. Den unike formen, som best\u00e5r av to baller som er forbundet med en liten fordypning i midten, gj\u00f8r at du kan sitte som p\u00e5 en sadel, noe som skaper trygghet og kontroll under treningen. Ballen er ideell for fysioterapi, rehabilitering, balanse- og koordinasjonstrening og motorisk utvikling hos barn. Den kan ogs\u00e5 brukes av eldre eller personer med nedsatt bevegelighet der stabilitet og sikkerhet er viktig. Terapeuten kan enkelt delta og veilede sammen med pasienten under \u00f8velsene.    <\/p>\n<p data-start=\"752\" data-end=\"769\"><strong data-start=\"752\" data-end=\"767\">Funksjoner:<\/strong><\/p>\n<ul data-start=\"770\" data-end=\"1095\">\n<li data-start=\"770\" data-end=\"836\">\n<p data-start=\"772\" data-end=\"836\">Pean\u00f8ttformet design for \u00f8kt stabilitet og st\u00f8rre st\u00f8tteflate.<\/p>\n<\/li>\n<li data-start=\"837\" data-end=\"908\">\n<p data-start=\"839\" data-end=\"908\">Stimulerer og aktiverer musklene og forbedrer balanse og koordinasjon.<\/p>\n<\/li>\n<li data-start=\"909\" data-end=\"1027\">\n<p data-start=\"911\" data-end=\"1027\">BRQ-teknologien (Burst Resistant Quality) s\u00f8rger for langsom utlufting ved punktering og maksimal sikkerhet under bruk.<\/p>\n<\/li>\n<li data-start=\"1028\" data-end=\"1095\">\n<p data-start=\"1030\" data-end=\"1095\">Testet for maks belastning 120 kg, men t\u00e5ler opp til 300 kg.<\/p>\n<\/li>\n<\/ul>\n<p data-start=\"1097\" data-end=\"1119\"><strong data-start=\"1097\" data-end=\"1117\">Spesifikasjoner:<\/strong><\/p>\n<ul data-start=\"1120\" data-end=\"1193\">\n<li data-start=\"1120\" data-end=\"1141\">\n<p data-start=\"1122\" data-end=\"1141\">Farger: R\u00f8d, s\u00f8lv<\/p>\n<\/li>\n<li data-start=\"1142\" data-end=\"1193\">\n<p data-start=\"1144\" data-end=\"1193\">St\u00f8rrelse: 55 x 90 cm (r\u00f8d), 70 x 115 cm (s\u00f8lv)<\/p>\n<\/li>\n<\/ul>\n<p data-start=\"1195\" data-end=\"1209\"><strong data-start=\"1195\" data-end=\"1207\">Det er viktig:<\/strong><\/p>\n<ul data-start=\"1210\" data-end=\"1350\">\n<li data-start=\"1210\" data-end=\"1288\">\n<p data-start=\"1212\" data-end=\"1288\">Kun til bruk med egen kroppsvekt; tunge vekter p\u00e5 ballen kan for\u00e5rsake skader.<\/p>\n<\/li>\n<li data-start=\"1289\" data-end=\"1350\">\n<p data-start=\"1291\" data-end=\"1350\">Maksimal anbefalt vekt: 120 kg \/ belastningstest: 300 kg<\/p>\n<\/li>\n<\/ul>\n","protected":false},"excerpt":{"rendered":"<p><strong>RM Physio Roll Plus er en pean\u00f8ttformet treningsball som gir ekstra stabilitet for balanse-, koordinasjons- og rehabiliterings\u00f8velser. Ideell for fysioterapi, barn, eldre og alle som trenger trygg trening. BRQ-teknologien s\u00f8rger for sikker bruk og langsom t\u00f8mming i tilfelle punktering.  <\/strong><\/p>\n","protected":false},"featured_media":99586,"comment_status":"closed","ping_status":"closed","template":"","meta":{"_acf_changed":false},"product_brand":[3087],"product_cat":[1948,1937,1943,2223,2225,3088,1945],"product_tag":[1944],"class_list":{"0":"post-99587","1":"product","2":"type-product","3":"status-publish","4":"has-post-thumbnail","6":"product_brand-rehabmedic","7":"product_cat-klinikk","8":"product_cat-merkevarer","9":"product_cat-rehabmedic-no","10":"product_cat-treningsballer","11":"product_cat-treningsballer-no","13":"product_cat-treningsutstyr","14":"product_tag-rehabmedic-no","16":"first","17":"instock","18":"taxable","19":"shipping-taxable","20":"purchasable","21":"product-type-variable"},"acf":[],"_links":{"self":[{"href":"https:\/\/fysiolab.dk\/no\/wp-json\/wp\/v2\/product\/99587","targetHints":{"allow":["GET"]}}],"collection":[{"href":"https:\/\/fysiolab.dk\/no\/wp-json\/wp\/v2\/product"}],"about":[{"href":"https:\/\/fysiolab.dk\/no\/wp-json\/wp\/v2\/types\/product"}],"replies":[{"embeddable":true,"href":"https:\/\/fysiolab.dk\/no\/wp-json\/wp\/v2\/comments?post=99587"}],"wp:featuredmedia":[{"embeddable":true,"href":"https:\/\/fysiolab.dk\/no\/wp-json\/wp\/v2\/media\/99586"}],"wp:attachment":[{"href":"https:\/\/fysiolab.dk\/no\/wp-json\/wp\/v2\/media?parent=99587"}],"wp:term":[{"taxonomy":"product_brand","embeddable":true,"href":"https:\/\/fysiolab.dk\/no\/wp-json\/wp\/v2\/product_brand?post=99587"},{"taxonomy":"product_cat","embeddable":true,"href":"https:\/\/fysiolab.dk\/no\/wp-json\/wp\/v2\/product_cat?post=99587"},{"taxonomy":"product_tag","embeddable":true,"href":"https:\/\/fysiolab.dk\/no\/wp-json\/wp\/v2\/product_tag?post=99587"}],"curies":[{"name":"wp","href":"https:\/\/api.w.org\/{rel}","templated":true}]}}