{"id":99601,"date":"2025-10-18T23:45:31","date_gmt":"2025-10-18T21:45:31","guid":{"rendered":"https:\/\/fysiolab.dk\/product\/gymnic-fantyball\/"},"modified":"2025-12-18T09:20:05","modified_gmt":"2025-12-18T08:20:05","slug":"gymnic-fantyball","status":"publish","type":"product","link":"https:\/\/fysiolab.dk\/no\/product\/gymnic-fantyball\/","title":{"rendered":"Gymnic Fantyball"},"content":{"rendered":"<p data-start=\"72\" data-end=\"125\"><strong data-start=\"72\" data-end=\"123\">Fantyball Gymnic - myk og leken treningsball<\/strong><\/p>\n<p data-start=\"127\" data-end=\"594\">Fantyball Gymnic er en myk, spenstig og letth\u00e5ndterlig ball som er utviklet for barn fra 3 \u00e5r og oppover. Den behagelige overflaten gj\u00f8r ballen lett \u00e5 gripe, kaste og leke med, samtidig som den har en rebound-egenskap som stimulerer motorikk, koordinasjon og balanse. Ballen er ideell for lek, fysisk aktivitet, motorisk trening, ballspill og tidlig trening av h\u00e5nd-\u00f8ye-koordinasjon. Den kan brukes hjemme, i barnehagen eller i fysiske aktiviteter med terapeuter.   <\/p>\n<p data-start=\"596\" data-end=\"613\"><strong data-start=\"596\" data-end=\"611\">Funksjoner:<\/strong><\/p>\n<ul data-start=\"614\" data-end=\"719\">\n<li data-start=\"614\" data-end=\"642\">\n<p data-start=\"616\" data-end=\"642\">Oppbl\u00e5sbar med n\u00e5lepumpe<\/p>\n<\/li>\n<li data-start=\"643\" data-end=\"685\">\n<p data-start=\"645\" data-end=\"685\">Lateksfri, fri for ftalater, BPA og bly<\/p>\n<\/li>\n<li data-start=\"686\" data-end=\"719\">\n<p data-start=\"688\" data-end=\"719\">PVC-materiale av h\u00f8y kvalitet<\/p>\n<\/li>\n<\/ul>\n<p data-start=\"721\" data-end=\"748\"><strong data-start=\"721\" data-end=\"746\">St\u00f8rrelser og farger:<\/strong><\/p>\n<ul data-start=\"749\" data-end=\"829\">\n<li data-start=\"749\" data-end=\"774\">\n<p data-start=\"751\" data-end=\"774\">Gr\u00f8nn: \u00d8 15 cm \/ 180 g<\/p>\n<\/li>\n<li data-start=\"775\" data-end=\"802\">\n<p data-start=\"777\" data-end=\"802\">Oransje farge: \u00d8 18 cm \/ 240 g<\/p>\n<\/li>\n<li data-start=\"803\" data-end=\"829\">\n<p data-start=\"805\" data-end=\"829\">Lilla: \u00d8 24 cm \/ 280 g<\/p>\n<\/li>\n<\/ul>\n","protected":false},"excerpt":{"rendered":"<p><strong>Myk og elastisk ball for barn fra 3 \u00e5r og oppover, perfekt for lek, motorisk trening og h\u00e5nd-\u00f8ye-koordinasjon. Stimulerer balanse, koordinasjon og fysisk aktivitet p\u00e5 en morsom og trygg m\u00e5te. <\/strong><\/p>\n","protected":false},"featured_media":99593,"comment_status":"closed","ping_status":"closed","template":"","meta":{"_acf_changed":false},"product_brand":[3087],"product_cat":[1948,1958,1937,2223,2225,1945],"product_tag":[1959,1944],"class_list":{"0":"post-99601","1":"product","2":"type-product","3":"status-publish","4":"has-post-thumbnail","6":"product_brand-rehabmedic","7":"product_cat-klinikk","8":"product_cat-gymnic-no","9":"product_cat-merkevarer","10":"product_cat-treningsballer","11":"product_cat-treningsballer-no","12":"product_cat-treningsutstyr","13":"product_tag-gymnic-no","14":"product_tag-rehabmedic-no","16":"first","17":"instock","18":"taxable","19":"shipping-taxable","20":"purchasable","21":"product-type-variable"},"acf":[],"_links":{"self":[{"href":"https:\/\/fysiolab.dk\/no\/wp-json\/wp\/v2\/product\/99601","targetHints":{"allow":["GET"]}}],"collection":[{"href":"https:\/\/fysiolab.dk\/no\/wp-json\/wp\/v2\/product"}],"about":[{"href":"https:\/\/fysiolab.dk\/no\/wp-json\/wp\/v2\/types\/product"}],"replies":[{"embeddable":true,"href":"https:\/\/fysiolab.dk\/no\/wp-json\/wp\/v2\/comments?post=99601"}],"wp:featuredmedia":[{"embeddable":true,"href":"https:\/\/fysiolab.dk\/no\/wp-json\/wp\/v2\/media\/99593"}],"wp:attachment":[{"href":"https:\/\/fysiolab.dk\/no\/wp-json\/wp\/v2\/media?parent=99601"}],"wp:term":[{"taxonomy":"product_brand","embeddable":true,"href":"https:\/\/fysiolab.dk\/no\/wp-json\/wp\/v2\/product_brand?post=99601"},{"taxonomy":"product_cat","embeddable":true,"href":"https:\/\/fysiolab.dk\/no\/wp-json\/wp\/v2\/product_cat?post=99601"},{"taxonomy":"product_tag","embeddable":true,"href":"https:\/\/fysiolab.dk\/no\/wp-json\/wp\/v2\/product_tag?post=99601"}],"curies":[{"name":"wp","href":"https:\/\/api.w.org\/{rel}","templated":true}]}}